{"id":657,"date":"2025-09-12T23:17:28","date_gmt":"2025-09-12T21:17:28","guid":{"rendered":"https:\/\/biotech-strategy.com\/?page_id=657"},"modified":"2025-09-14T00:40:05","modified_gmt":"2025-09-13T22:40:05","slug":"szkolenia-przyrodnicze-zloz-zapytanie-ofertowe","status":"publish","type":"page","link":"https:\/\/biotech-strategy.com\/en\/szkolenia-przyrodnicze-zloz-zapytanie-ofertowe\/","title":{"rendered":"Szkolenia przyrodnicze -z\u0142\u00f3\u017c zapytanie ofertowe"},"content":{"rendered":"\n<p><mark style=\"background-color:rgba(0, 0, 0, 0)\" class=\"has-inline-color has-primary-color\">Zostaw nam wiadomo\u015b\u0107, a my skontaktujemy si\u0119 z Tob\u0105 jak najszybciej, by wesprze\u0107 Ci\u0119 w Twojej pracy.<\/mark><\/p>\n\n\n<style id=\"wpforms-css-vars-654-block-93a3b0ad-9637-426d-b59a-4996589cc221\">\n\t\t\t\t#wpforms-654.wpforms-block-93a3b0ad-9637-426d-b59a-4996589cc221 {\n\t\t\t\t--wpforms-label-color: #ffffff;\n--wpforms-label-sublabel-color: #ffffff;\n--wpforms-field-background-color: #f0f7ef;\n--wpforms-field-border-color: #000000;\n--wpforms-field-border-color-spare: #000000;\n--wpforms-field-text-color: #000000;\n--wpforms-button-background-color: #2535e6;\n--wpforms-field-size-input-height: 43px;\n--wpforms-field-size-input-spacing: 15px;\n--wpforms-field-size-font-size: 16px;\n--wpforms-field-size-line-height: 19px;\n--wpforms-field-size-padding-h: 14px;\n--wpforms-field-size-checkbox-size: 16px;\n--wpforms-field-size-sublabel-spacing: 5px;\n--wpforms-field-size-icon-size: 1;\n--wpforms-label-size-font-size: 16px;\n--wpforms-label-size-line-height: 19px;\n--wpforms-label-size-sublabel-font-size: 14px;\n--wpforms-label-size-sublabel-line-height: 17px;\n--wpforms-button-size-font-size: 17px;\n--wpforms-button-size-height: 41px;\n--wpforms-button-size-padding-h: 15px;\n--wpforms-button-size-margin-top: 10px;\n\t\t\t}\n\t\t\t<\/style><div class=\"wpforms-container wpforms-container-full wpforms-block wpforms-block-93a3b0ad-9637-426d-b59a-4996589cc221 wpforms-render-modern\" id=\"wpforms-654\"><form id=\"wpforms-form-654\" class=\"wpforms-validate wpforms-form wpforms-ajax-form\" data-formid=\"654\" method=\"post\" enctype=\"multipart\/form-data\" action=\"\/en\/wp-json\/wp\/v2\/pages\/657\" data-token=\"ad44848e278e2ea4562376ef59b8442c\" data-token-time=\"1776528683\"><noscript class=\"wpforms-error-noscript\">Please enable JavaScript in your browser to complete this form.<\/noscript><div id=\"wpforms-error-noscript\" style=\"display: none;\">Please enable JavaScript in your browser to complete this form.<\/div><div class=\"wpforms-field-container\"><div id=\"wpforms-654-field_1-container\" class=\"wpforms-field wpforms-field-name\" data-field-id=\"1\"><label class=\"wpforms-field-label\" for=\"wpforms-654-field_1\">Osoba do kontaktu <span class=\"wpforms-required-label\" aria-hidden=\"true\">*<\/span><\/label><input type=\"text\" id=\"wpforms-654-field_1\" class=\"wpforms-field-medium wpforms-field-required\" name=\"wpforms[fields][1]\" placeholder=\"Wska\u017c osob\u0119 do kontaktu\" aria-errormessage=\"wpforms-654-field_1-error\" required><\/div><div id=\"wpforms-654-field_13-container\" class=\"wpforms-field wpforms-field-name\" data-field-id=\"13\"><label class=\"wpforms-field-label\" for=\"wpforms-654-field_13\">Nazwa urz\u0119du \/ instytucji publicznej <span class=\"wpforms-required-label\" aria-hidden=\"true\">*<\/span><\/label><input type=\"text\" id=\"wpforms-654-field_13\" class=\"wpforms-field-medium wpforms-field-required\" name=\"wpforms[fields][13]\" placeholder=\"Wpisz nazw\u0119 urz\u0119du lub instytucji\" aria-errormessage=\"wpforms-654-field_13-error\" required><\/div><div id=\"wpforms-654-field_10-container\" class=\"wpforms-field wpforms-field-number\" data-field-id=\"10\"><label class=\"wpforms-field-label\" for=\"wpforms-654-field_10\">Numer telefonu <span class=\"wpforms-required-label\" aria-hidden=\"true\">*<\/span><\/label><input type=\"number\" id=\"wpforms-654-field_10\" class=\"wpforms-field-medium wpforms-field-required\" name=\"wpforms[fields][10]\" placeholder=\"Wpisz sw\u00f3j nr tel. \" min=\"1\" max=\"999999999\" step=\"any\" aria-errormessage=\"wpforms-654-field_10-error\" required><\/div>\t\t<div id=\"wpforms-654-field_2-container\"\n\t\t\tclass=\"wpforms-field wpforms-field-text\"\n\t\t\tdata-field-type=\"text\"\n\t\t\tdata-field-id=\"2\"\n\t\t\t>\n\t\t\t<label class=\"wpforms-field-label\" for=\"wpforms-654-field_2\" >do urz\u0119du \/<\/label>\n\t\t\t<input type=\"text\" id=\"wpforms-654-field_2\" class=\"wpforms-field-medium\" name=\"wpforms[fields][2]\" >\n\t\t<\/div>\n\t\t<div id=\"wpforms-654-field_6-container\" class=\"wpforms-field wpforms-field-select wpforms-field-select-style-classic\" data-field-id=\"6\"><label class=\"wpforms-field-label\" for=\"wpforms-654-field_6\">Wojew\u00f3dztwo <span class=\"wpforms-required-label\" aria-hidden=\"true\">*<\/span><\/label><select id=\"wpforms-654-field_6\" class=\"wpforms-field-medium wpforms-field-required\" name=\"wpforms[fields][6]\" required=\"required\"><option value=\"\" class=\"placeholder\" disabled  selected='selected'>Wybierz wojew\u00f3dztwo<\/option><option value=\"Dolno\u015bl\u0105skie\"  class=\"choice-20 depth-1\"  >Dolno\u015bl\u0105skie<\/option><option value=\"Kujawsko-Pomorskie\"  class=\"choice-12 depth-1\"  >Kujawsko-Pomorskie<\/option><option value=\"Lubelskie\"  class=\"choice-17 depth-1\"  >Lubelskie<\/option><option value=\"Lubuskie\"  class=\"choice-13 depth-1\"  >Lubuskie<\/option><option value=\"\u0141\u00f3dzkie\"  class=\"choice-15 depth-1\"  >\u0141\u00f3dzkie<\/option><option value=\"Ma\u0142opolskie\"  class=\"choice-23 depth-1\"  >Ma\u0142opolskie<\/option><option value=\"Mazowieckie\"  class=\"choice-16 depth-1\"  >Mazowieckie<\/option><option value=\"Opolskie\"  class=\"choice-21 depth-1\"  >Opolskie<\/option><option value=\"Podkarpackie\"  class=\"choice-24 depth-1\"  >Podkarpackie<\/option><option value=\"Podlaskie\"  class=\"choice-11 depth-1\"  >Podlaskie<\/option><option value=\"Pomorskie\"  class=\"choice-9 depth-1\"  >Pomorskie<\/option><option value=\"\u015al\u0105skie\"  class=\"choice-22 depth-1\"  >\u015al\u0105skie<\/option><option value=\"\u015awi\u0119tokrzyskie\"  class=\"choice-19 depth-1\"  >\u015awi\u0119tokrzyskie<\/option><option value=\"Warmi\u0144sko-Mazurskie\"  class=\"choice-10 depth-1\"  >Warmi\u0144sko-Mazurskie<\/option><option value=\"Wielkopolskie\"  class=\"choice-14 depth-1\"  >Wielkopolskie<\/option><option value=\"Zachodniopomorskie\"  class=\"choice-4 depth-1\"  >Zachodniopomorskie<\/option><\/select><\/div><div id=\"wpforms-654-field_18-container\" class=\"wpforms-field wpforms-field-select wpforms-field-select-style-classic\" data-field-id=\"18\"><label class=\"wpforms-field-label\" for=\"wpforms-654-field_18\">Wybierz temat szkolenia <span class=\"wpforms-required-label\" aria-hidden=\"true\">*<\/span><\/label><select id=\"wpforms-654-field_18\" class=\"wpforms-field-medium wpforms-field-required\" name=\"wpforms[fields][18]\" required=\"required\"><option value=\"\" class=\"placeholder\" disabled  selected='selected'>Wybierz temat szkolenia<\/option><option value=\"Podstawy meteorologii i klimatologii\"  class=\"choice-1 depth-1\"  >Podstawy meteorologii i klimatologii<\/option><option value=\"Klimat i mezoklimaty Europy\"  class=\"choice-2 depth-1\"  >Klimat i mezoklimaty Europy<\/option><option value=\"Klimat i mezoklimaty Azji\"  class=\"choice-3 depth-1\"  >Klimat i mezoklimaty Azji<\/option><option value=\"Klimat i mezoklimaty Ameryki P\u00f3\u0142nocnej\"  class=\"choice-4 depth-1\"  >Klimat i mezoklimaty Ameryki P\u00f3\u0142nocnej<\/option><option value=\"Klimat i mezoklimaty Ameryki Po\u0142udniowej\"  class=\"choice-5 depth-1\"  >Klimat i mezoklimaty Ameryki Po\u0142udniowej<\/option><option value=\"Klimat i mezoklimaty Afryki\"  class=\"choice-10 depth-1\"  >Klimat i mezoklimaty Afryki<\/option><option value=\"Klimat i mezoklimaty Australii (i Oceanii)\"  class=\"choice-9 depth-1\"  >Klimat i mezoklimaty Australii (i Oceanii)<\/option><option value=\"Dendroklimatologia -co nam m\u00f3wi o lesie i klimacie?\"  class=\"choice-8 depth-1\"  >Dendroklimatologia -co nam m\u00f3wi o lesie i klimacie?<\/option><option value=\"Ekologiczne podstawy rozwoju ekosystem\u00f3w le\u015bnych\"  class=\"choice-7 depth-1\"  >Ekologiczne podstawy rozwoju ekosystem\u00f3w le\u015bnych<\/option><option value=\"Jak powstaj\u0105 gleby?\"  class=\"choice-6 depth-1\"  >Jak powstaj\u0105 gleby?<\/option><option value=\"Gleby i ich w\u0142a\u015bciwo\u015bci\"  class=\"choice-13 depth-1\"  >Gleby i ich w\u0142a\u015bciwo\u015bci<\/option><option value=\"Zdrowe gleby\"  class=\"choice-12 depth-1\"  >Zdrowe gleby<\/option><option value=\"\u201e\u015awiaty r\u00f3wnoleg\u0142e\u201d -\u015bwiat owad\u00f3w\"  class=\"choice-11 depth-1\"  >\u201e\u015awiaty r\u00f3wnoleg\u0142e\u201d -\u015bwiat owad\u00f3w<\/option><option value=\"\u201e\u015awiaty r\u00f3wnoleg\u0142e\u201d -ro\u015blin\"  class=\"choice-16 depth-1\"  >\u201e\u015awiaty r\u00f3wnoleg\u0142e\u201d -ro\u015blin<\/option><option value=\"\u201e\u015awiaty r\u00f3wnoleg\u0142e\u201d -\u015bwiat grzyb\u00f3w\"  class=\"choice-15 depth-1\"  >\u201e\u015awiaty r\u00f3wnoleg\u0142e\u201d -\u015bwiat grzyb\u00f3w<\/option><option value=\"\u201e\u015awiaty r\u00f3wnoleg\u0142e\u201d -\u015bwiat ptak\u00f3w\"  class=\"choice-14 depth-1\"  >\u201e\u015awiaty r\u00f3wnoleg\u0142e\u201d -\u015bwiat ptak\u00f3w<\/option><option value=\"Gospodarka le\u015bna -czy las potrzebuje le\u015bnika?\"  class=\"choice-17 depth-1\"  >Gospodarka le\u015bna -czy las potrzebuje le\u015bnika?<\/option><\/select><\/div><div id=\"wpforms-654-field_7-container\" class=\"wpforms-field wpforms-field-textarea\" data-field-id=\"7\"><label class=\"wpforms-field-label\" for=\"wpforms-654-field_7\">Czy masz jakie\u015b dodatkowe, szczeg\u00f3lne wymagania?<\/label><textarea id=\"wpforms-654-field_7\" class=\"wpforms-field-medium\" name=\"wpforms[fields][7]\" placeholder=\"Tu mo\u017cesz sprecyzowa\u0107 szczeg\u00f3\u0142owe wymagania dotycz\u0105ce tematyki szkolenia\" aria-errormessage=\"wpforms-654-field_7-error\" ><\/textarea><\/div><div id=\"wpforms-654-field_8-container\" class=\"wpforms-field wpforms-field-email\" data-field-id=\"8\"><label class=\"wpforms-field-label\" for=\"wpforms-654-field_8\">Email <span class=\"wpforms-required-label\" aria-hidden=\"true\">*<\/span><\/label><input type=\"email\" id=\"wpforms-654-field_8\" class=\"wpforms-field-medium wpforms-field-required\" name=\"wpforms[fields][8]\" placeholder=\"Wpisz sw\u00f3j adres e-mail.\" spellcheck=\"false\" aria-errormessage=\"wpforms-654-field_8-error\" aria-describedby=\"wpforms-654-field_8-description\" required><div id=\"wpforms-654-field_8-description\" class=\"wpforms-field-description\">Podaj sw\u00f3j adres, aby\u015bmy mogli pozosta\u0107 w kontakcie.<\/div><\/div><div id=\"wpforms-654-field_19-container\" class=\"wpforms-field wpforms-field-gdpr-checkbox\" data-field-id=\"19\"><label class=\"wpforms-field-label\">Zgoda RODO <span class=\"wpforms-required-label\" aria-hidden=\"true\">*<\/span><\/label><ul id=\"wpforms-654-field_19\" class=\"wpforms-field-required\"><li class=\"choice-1\"><input type=\"checkbox\" id=\"wpforms-654-field_19_1\" name=\"wpforms[fields][19][]\" value=\"Zgadzam si\u0119 na przetwarzanie przez firm\u0119 BioTech Strategy sp. z o.o. (NIP 6412573352), przes\u0142anych przeze mnie informacji w tej witrynie internetowej.\" aria-errormessage=\"wpforms-654-field_19_1-error\" aria-describedby=\"wpforms-654-field_19-description\" required ><label class=\"wpforms-field-label-inline\" for=\"wpforms-654-field_19_1\">Zgadzam si\u0119 na przetwarzanie przez firm\u0119 BioTech Strategy sp. z o.o. (NIP 6412573352), przes\u0142anych przeze mnie informacji w tej witrynie internetowej.<\/label><\/li><\/ul><div id=\"wpforms-654-field_19-description\" class=\"wpforms-field-description\">Szczeg\u00f3\u0142y zwi\u0105zane z przetwarzaniem danych znajduj\u0105 si\u0119 polityce prywatno\u015bci oraz klauzuli informacyjnej (RODO).<\/div><\/div><script>\n\t\t\t\t( function() {\n\t\t\t\t\tconst style = document.createElement( 'style' );\n\t\t\t\t\tstyle.appendChild( document.createTextNode( '#wpforms-654-field_2-container { position: absolute !important; overflow: hidden !important; display: inline !important; height: 1px !important; width: 1px !important; z-index: -1000 !important; padding: 0 !important; } #wpforms-654-field_2-container input { visibility: hidden; } #wpforms-conversational-form-page #wpforms-654-field_2-container label { counter-increment: none; }' ) );\n\t\t\t\t\tdocument.head.appendChild( style );\n\t\t\t\t\tdocument.currentScript?.remove();\n\t\t\t\t} )();\n\t\t\t<\/script><\/div><!-- .wpforms-field-container --><div class=\"wpforms-submit-container\" ><input type=\"hidden\" name=\"wpforms[id]\" value=\"654\"><input type=\"hidden\" name=\"page_title\" value=\"\"><input type=\"hidden\" name=\"page_url\" value=\"https:\/\/biotech-strategy.com\/en\/wp-json\/wp\/v2\/pages\/657\"><input type=\"hidden\" name=\"url_referer\" value=\"\"><button type=\"submit\" name=\"wpforms[submit]\" id=\"wpforms-submit-654\" class=\"wpforms-submit\" data-alt-text=\"Wysy\u0142anie...\" data-submit-text=\"Z\u0142\u00f3\u017c zapytanie ofertowe\" aria-live=\"assertive\" value=\"wpforms-submit\">Z\u0142\u00f3\u017c zapytanie ofertowe<\/button><img loading=\"lazy\" decoding=\"async\" src=\"https:\/\/biotech-strategy.com\/wp-content\/plugins\/wpforms-lite\/assets\/images\/submit-spin.svg\" class=\"wpforms-submit-spinner\" style=\"display: none;\" width=\"26\" height=\"26\" alt=\"Loading\"><\/div><\/form><\/div>  <!-- .wpforms-container -->","protected":false},"excerpt":{"rendered":"<p>Zostaw nam wiadomo\u015b\u0107, a my skontaktujemy si\u0119 z Tob\u0105 jak najszybciej, by wesprze\u0107 Ci\u0119 w Twojej pracy.<\/p>","protected":false},"author":1,"featured_media":0,"parent":0,"menu_order":0,"comment_status":"closed","ping_status":"closed","template":"","meta":{"footnotes":""},"class_list":["post-657","page","type-page","status-publish","hentry"],"_links":{"self":[{"href":"https:\/\/biotech-strategy.com\/en\/wp-json\/wp\/v2\/pages\/657","targetHints":{"allow":["GET"]}}],"collection":[{"href":"https:\/\/biotech-strategy.com\/en\/wp-json\/wp\/v2\/pages"}],"about":[{"href":"https:\/\/biotech-strategy.com\/en\/wp-json\/wp\/v2\/types\/page"}],"author":[{"embeddable":true,"href":"https:\/\/biotech-strategy.com\/en\/wp-json\/wp\/v2\/users\/1"}],"replies":[{"embeddable":true,"href":"https:\/\/biotech-strategy.com\/en\/wp-json\/wp\/v2\/comments?post=657"}],"version-history":[{"count":3,"href":"https:\/\/biotech-strategy.com\/en\/wp-json\/wp\/v2\/pages\/657\/revisions"}],"predecessor-version":[{"id":966,"href":"https:\/\/biotech-strategy.com\/en\/wp-json\/wp\/v2\/pages\/657\/revisions\/966"}],"wp:attachment":[{"href":"https:\/\/biotech-strategy.com\/en\/wp-json\/wp\/v2\/media?parent=657"}],"curies":[{"name":"wp","href":"https:\/\/api.w.org\/{rel}","templated":true}]}}