{"id":599,"date":"2025-09-12T20:09:46","date_gmt":"2025-09-12T18:09:46","guid":{"rendered":"https:\/\/biotech-strategy.com\/?page_id=599"},"modified":"2025-09-14T00:38:07","modified_gmt":"2025-09-13T22:38:07","slug":"konsultacje-dla-branzy-drzewnej","status":"publish","type":"page","link":"https:\/\/biotech-strategy.com\/en\/konsultacje-dla-branzy-drzewnej\/","title":{"rendered":"Konsultacje dla bran\u017cy drzewnej"},"content":{"rendered":"\n<p><mark style=\"background-color:rgba(0, 0, 0, 0)\" class=\"has-inline-color has-primary-color\">Zostaw nam wiadomo\u015b\u0107, a my skontaktujemy si\u0119 z Tob\u0105 jak najszybciej, by wesprze\u0107 Ci\u0119 w Twojej pracy.<\/mark><\/p>\n\n\n<style id=\"wpforms-css-vars-596-block-cf722fc6-1720-44d5-8d67-c99c221194d2\">\n\t\t\t\t#wpforms-596.wpforms-block-cf722fc6-1720-44d5-8d67-c99c221194d2 {\n\t\t\t\t--wpforms-label-color: #ffffff;\n--wpforms-label-sublabel-color: #ffffff;\n--wpforms-field-background-color: #f0f7ef;\n--wpforms-field-border-color: #000000;\n--wpforms-field-border-color-spare: #000000;\n--wpforms-field-text-color: #000000;\n--wpforms-button-background-color: #2535e6;\n--wpforms-field-size-input-height: 43px;\n--wpforms-field-size-input-spacing: 15px;\n--wpforms-field-size-font-size: 16px;\n--wpforms-field-size-line-height: 19px;\n--wpforms-field-size-padding-h: 14px;\n--wpforms-field-size-checkbox-size: 16px;\n--wpforms-field-size-sublabel-spacing: 5px;\n--wpforms-field-size-icon-size: 1;\n--wpforms-label-size-font-size: 16px;\n--wpforms-label-size-line-height: 19px;\n--wpforms-label-size-sublabel-font-size: 14px;\n--wpforms-label-size-sublabel-line-height: 17px;\n--wpforms-button-size-font-size: 17px;\n--wpforms-button-size-height: 41px;\n--wpforms-button-size-padding-h: 15px;\n--wpforms-button-size-margin-top: 10px;\n\t\t\t}\n\t\t\t<\/style><div class=\"wpforms-container wpforms-container-full wpforms-block wpforms-block-cf722fc6-1720-44d5-8d67-c99c221194d2 wpforms-render-modern\" id=\"wpforms-596\"><form id=\"wpforms-form-596\" class=\"wpforms-validate wpforms-form wpforms-ajax-form\" data-formid=\"596\" method=\"post\" enctype=\"multipart\/form-data\" action=\"\/en\/wp-json\/wp\/v2\/pages\/599\" data-token=\"1465c13e47a1b29b89bfc9d1230fe709\" data-token-time=\"1776533243\"><noscript class=\"wpforms-error-noscript\">Please enable JavaScript in your browser to complete this form.<\/noscript><div id=\"wpforms-error-noscript\" style=\"display: none;\">Please enable JavaScript in your browser to complete this form.<\/div><div class=\"wpforms-field-container\"><div id=\"wpforms-596-field_17-container\" class=\"wpforms-field wpforms-field-name\" data-field-id=\"17\"><label class=\"wpforms-field-label\" for=\"wpforms-596-field_17\">Nazwa firmy <span class=\"wpforms-required-label\" aria-hidden=\"true\">*<\/span><\/label><input type=\"text\" id=\"wpforms-596-field_17\" class=\"wpforms-field-medium wpforms-field-required\" name=\"wpforms[fields][17]\" placeholder=\"Wpisz nazw\u0119 firmy\" aria-errormessage=\"wpforms-596-field_17-error\" required><\/div><div id=\"wpforms-596-field_18-container\" class=\"wpforms-field wpforms-field-name\" data-field-id=\"18\"><label class=\"wpforms-field-label\" for=\"wpforms-596-field_18\">Osoba do kontaktu<\/label><input type=\"text\" id=\"wpforms-596-field_18\" class=\"wpforms-field-medium\" name=\"wpforms[fields][18]\" placeholder=\"Wska\u017c osob\u0119 do kontaktu\" aria-errormessage=\"wpforms-596-field_18-error\" ><\/div><div id=\"wpforms-596-field_10-container\" class=\"wpforms-field wpforms-field-number\" data-field-id=\"10\"><label class=\"wpforms-field-label\" for=\"wpforms-596-field_10\">Numer telefonu <span class=\"wpforms-required-label\" aria-hidden=\"true\">*<\/span><\/label><input type=\"number\" id=\"wpforms-596-field_10\" class=\"wpforms-field-medium wpforms-field-required\" name=\"wpforms[fields][10]\" placeholder=\"Wpisz sw\u00f3j nr tel. \" min=\"1\" max=\"999999999\" step=\"any\" aria-errormessage=\"wpforms-596-field_10-error\" required><\/div><div id=\"wpforms-596-field_8-container\" class=\"wpforms-field wpforms-field-email\" data-field-id=\"8\"><label class=\"wpforms-field-label\" for=\"wpforms-596-field_8\">Email <span class=\"wpforms-required-label\" aria-hidden=\"true\">*<\/span><\/label><input type=\"email\" id=\"wpforms-596-field_8\" class=\"wpforms-field-medium wpforms-field-required\" name=\"wpforms[fields][8]\" placeholder=\"Wpisz sw\u00f3j adres e-mail.\" spellcheck=\"false\" aria-errormessage=\"wpforms-596-field_8-error\" aria-describedby=\"wpforms-596-field_8-description\" required><div id=\"wpforms-596-field_8-description\" class=\"wpforms-field-description\">Podaj sw\u00f3j adres, aby\u015bmy mogli pozosta\u0107 w kontakcie.<\/div><\/div><div id=\"wpforms-596-field_19-container\" class=\"wpforms-field wpforms-field-textarea\" data-field-id=\"19\"><label class=\"wpforms-field-label\" for=\"wpforms-596-field_19\">Je\u015bli chcesz, mo\u017cesz sprecyzowa\u0107 w jakim zakresie potrzebujesz wsparcia<\/label><textarea id=\"wpforms-596-field_19\" class=\"wpforms-field-medium\" name=\"wpforms[fields][19]\" placeholder=\"Tu mo\u017cesz sprecyzowa\u0107, jakiego wsparcia potrzebujesz \" aria-errormessage=\"wpforms-596-field_19-error\" ><\/textarea><\/div>\t\t<div id=\"wpforms-596-field_1-container\"\n\t\t\tclass=\"wpforms-field wpforms-field-text\"\n\t\t\tdata-field-type=\"text\"\n\t\t\tdata-field-id=\"1\"\n\t\t\t>\n\t\t\t<label class=\"wpforms-field-label\" for=\"wpforms-596-field_1\" >Nazwa firmy Email<\/label>\n\t\t\t<input type=\"text\" id=\"wpforms-596-field_1\" class=\"wpforms-field-medium\" name=\"wpforms[fields][1]\" >\n\t\t<\/div>\n\t\t<div id=\"wpforms-596-field_20-container\" class=\"wpforms-field wpforms-field-gdpr-checkbox\" data-field-id=\"20\"><label class=\"wpforms-field-label\">Zgoda RODO <span class=\"wpforms-required-label\" aria-hidden=\"true\">*<\/span><\/label><ul id=\"wpforms-596-field_20\" class=\"wpforms-field-required\"><li class=\"choice-1\"><input type=\"checkbox\" id=\"wpforms-596-field_20_1\" name=\"wpforms[fields][20][]\" value=\"Zgadzam si\u0119 na przetwarzanie przez firm\u0119 BioTech Strategy sp. z o.o. (NIP 6412573352), przes\u0142anych przeze mnie informacji w tej witrynie internetowej.\" aria-errormessage=\"wpforms-596-field_20_1-error\" aria-describedby=\"wpforms-596-field_20-description\" required ><label class=\"wpforms-field-label-inline\" for=\"wpforms-596-field_20_1\">Zgadzam si\u0119 na przetwarzanie przez firm\u0119 BioTech Strategy sp. z o.o. (NIP 6412573352), przes\u0142anych przeze mnie informacji w tej witrynie internetowej.<\/label><\/li><\/ul><div id=\"wpforms-596-field_20-description\" class=\"wpforms-field-description\">Szczeg\u00f3\u0142y zwi\u0105zane z przetwarzaniem danych znajduj\u0105 si\u0119 polityce prywatno\u015bci oraz klauzuli informacyjnej (RODO).<\/div><\/div><script>\n\t\t\t\t( function() {\n\t\t\t\t\tconst style = document.createElement( 'style' );\n\t\t\t\t\tstyle.appendChild( document.createTextNode( '#wpforms-596-field_1-container { position: absolute !important; overflow: hidden !important; display: inline !important; height: 1px !important; width: 1px !important; z-index: -1000 !important; padding: 0 !important; } #wpforms-596-field_1-container input { visibility: hidden; } #wpforms-conversational-form-page #wpforms-596-field_1-container label { counter-increment: none; }' ) );\n\t\t\t\t\tdocument.head.appendChild( style );\n\t\t\t\t\tdocument.currentScript?.remove();\n\t\t\t\t} )();\n\t\t\t<\/script><\/div><!-- .wpforms-field-container --><div class=\"wpforms-submit-container\" ><input type=\"hidden\" name=\"wpforms[id]\" value=\"596\"><input type=\"hidden\" name=\"page_title\" value=\"\"><input type=\"hidden\" name=\"page_url\" value=\"https:\/\/biotech-strategy.com\/en\/wp-json\/wp\/v2\/pages\/599\"><input type=\"hidden\" name=\"url_referer\" value=\"\"><button type=\"submit\" name=\"wpforms[submit]\" id=\"wpforms-submit-596\" class=\"wpforms-submit\" data-alt-text=\"Wysy\u0142anie...\" data-submit-text=\"Zam\u00f3w bezp\u0142atn\u0105 konsultacj\u0119\" aria-live=\"assertive\" value=\"wpforms-submit\">Zam\u00f3w bezp\u0142atn\u0105 konsultacj\u0119<\/button><img loading=\"lazy\" decoding=\"async\" src=\"https:\/\/biotech-strategy.com\/wp-content\/plugins\/wpforms-lite\/assets\/images\/submit-spin.svg\" class=\"wpforms-submit-spinner\" style=\"display: none;\" width=\"26\" height=\"26\" alt=\"Loading\"><\/div><\/form><\/div>  <!-- .wpforms-container -->\n\n\n<p><\/p>\n","protected":false},"excerpt":{"rendered":"<p>Zostaw nam wiadomo\u015b\u0107, a my skontaktujemy si\u0119 z Tob\u0105 jak najszybciej, by wesprze\u0107 Ci\u0119 w Twojej pracy.<\/p>","protected":false},"author":1,"featured_media":0,"parent":0,"menu_order":0,"comment_status":"closed","ping_status":"closed","template":"","meta":{"footnotes":""},"class_list":["post-599","page","type-page","status-publish","hentry"],"_links":{"self":[{"href":"https:\/\/biotech-strategy.com\/en\/wp-json\/wp\/v2\/pages\/599","targetHints":{"allow":["GET"]}}],"collection":[{"href":"https:\/\/biotech-strategy.com\/en\/wp-json\/wp\/v2\/pages"}],"about":[{"href":"https:\/\/biotech-strategy.com\/en\/wp-json\/wp\/v2\/types\/page"}],"author":[{"embeddable":true,"href":"https:\/\/biotech-strategy.com\/en\/wp-json\/wp\/v2\/users\/1"}],"replies":[{"embeddable":true,"href":"https:\/\/biotech-strategy.com\/en\/wp-json\/wp\/v2\/comments?post=599"}],"version-history":[{"count":4,"href":"https:\/\/biotech-strategy.com\/en\/wp-json\/wp\/v2\/pages\/599\/revisions"}],"predecessor-version":[{"id":959,"href":"https:\/\/biotech-strategy.com\/en\/wp-json\/wp\/v2\/pages\/599\/revisions\/959"}],"wp:attachment":[{"href":"https:\/\/biotech-strategy.com\/en\/wp-json\/wp\/v2\/media?parent=599"}],"curies":[{"name":"wp","href":"https:\/\/api.w.org\/{rel}","templated":true}]}}