{"id":584,"date":"2025-09-12T19:50:22","date_gmt":"2025-09-12T17:50:22","guid":{"rendered":"https:\/\/biotech-strategy.com\/?page_id=584"},"modified":"2025-09-14T00:40:23","modified_gmt":"2025-09-13T22:40:23","slug":"zamow-bezplatna-konsultacje-dla-zul","status":"publish","type":"page","link":"https:\/\/biotech-strategy.com\/en\/zamow-bezplatna-konsultacje-dla-zul\/","title":{"rendered":"Zam\u00f3w bezp\u0142atn\u0105 konsultacj\u0119 dla ZUL"},"content":{"rendered":"\n<p><mark style=\"background-color:rgba(0, 0, 0, 0)\" class=\"has-inline-color has-primary-color\">Zostaw nam wiadomo\u015b\u0107, a my skontaktujemy si\u0119 z Tob\u0105 jak najszybciej, by wesprze\u0107 Ci\u0119 w Twojej pracy.<\/mark><\/p>\n\n\n<style id=\"wpforms-css-vars-580-block-b456df6c-62f6-4be0-bded-cb2d6239863c\">\n\t\t\t\t#wpforms-580.wpforms-block-b456df6c-62f6-4be0-bded-cb2d6239863c {\n\t\t\t\t--wpforms-label-color: #ffffff;\n--wpforms-label-sublabel-color: #ffffff;\n--wpforms-field-background-color: #f0f7ef;\n--wpforms-field-border-color: #000000;\n--wpforms-field-border-color-spare: #000000;\n--wpforms-field-text-color: #000000;\n--wpforms-button-background-color: #2535e6;\n--wpforms-field-size-input-height: 43px;\n--wpforms-field-size-input-spacing: 15px;\n--wpforms-field-size-font-size: 16px;\n--wpforms-field-size-line-height: 19px;\n--wpforms-field-size-padding-h: 14px;\n--wpforms-field-size-checkbox-size: 16px;\n--wpforms-field-size-sublabel-spacing: 5px;\n--wpforms-field-size-icon-size: 1;\n--wpforms-label-size-font-size: 16px;\n--wpforms-label-size-line-height: 19px;\n--wpforms-label-size-sublabel-font-size: 14px;\n--wpforms-label-size-sublabel-line-height: 17px;\n--wpforms-button-size-font-size: 17px;\n--wpforms-button-size-height: 41px;\n--wpforms-button-size-padding-h: 15px;\n--wpforms-button-size-margin-top: 10px;\n\t\t\t}\n\t\t\t<\/style><div class=\"wpforms-container wpforms-container-full wpforms-block wpforms-block-b456df6c-62f6-4be0-bded-cb2d6239863c wpforms-render-modern\" id=\"wpforms-580\"><form id=\"wpforms-form-580\" class=\"wpforms-validate wpforms-form wpforms-ajax-form\" data-formid=\"580\" method=\"post\" enctype=\"multipart\/form-data\" action=\"\/en\/wp-json\/wp\/v2\/pages\/584\" data-token=\"8e802749e32521ea6f387c33de71f697\" data-token-time=\"1776532940\"><noscript class=\"wpforms-error-noscript\">Please enable JavaScript in your browser to complete this form.<\/noscript><div id=\"wpforms-error-noscript\" style=\"display: none;\">Please enable JavaScript in your browser to complete this form.<\/div><div class=\"wpforms-field-container\"><div id=\"wpforms-580-field_18-container\" class=\"wpforms-field wpforms-field-name\" data-field-id=\"18\"><label class=\"wpforms-field-label\" for=\"wpforms-580-field_18\">Nazwa firmy <span class=\"wpforms-required-label\" aria-hidden=\"true\">*<\/span><\/label><input type=\"text\" id=\"wpforms-580-field_18\" class=\"wpforms-field-medium wpforms-field-required\" name=\"wpforms[fields][18]\" placeholder=\"Wpisz nazw\u0119 firmy\" aria-errormessage=\"wpforms-580-field_18-error\" required><\/div>\t\t<div id=\"wpforms-580-field_1-container\"\n\t\t\tclass=\"wpforms-field wpforms-field-text\"\n\t\t\tdata-field-type=\"text\"\n\t\t\tdata-field-id=\"1\"\n\t\t\t>\n\t\t\t<label class=\"wpforms-field-label\" for=\"wpforms-580-field_1\" >RDLP RODO Zgoda<\/label>\n\t\t\t<input type=\"text\" id=\"wpforms-580-field_1\" class=\"wpforms-field-medium\" name=\"wpforms[fields][1]\" >\n\t\t<\/div>\n\t\t<div id=\"wpforms-580-field_10-container\" class=\"wpforms-field wpforms-field-number\" data-field-id=\"10\"><label class=\"wpforms-field-label\" for=\"wpforms-580-field_10\">Numer telefonu <span class=\"wpforms-required-label\" aria-hidden=\"true\">*<\/span><\/label><input type=\"number\" id=\"wpforms-580-field_10\" class=\"wpforms-field-medium wpforms-field-required\" name=\"wpforms[fields][10]\" placeholder=\"Wpisz sw\u00f3j nr tel. \" min=\"1\" max=\"999999999\" step=\"any\" aria-errormessage=\"wpforms-580-field_10-error\" required><\/div><div id=\"wpforms-580-field_8-container\" class=\"wpforms-field wpforms-field-email\" data-field-id=\"8\"><label class=\"wpforms-field-label\" for=\"wpforms-580-field_8\">Email <span class=\"wpforms-required-label\" aria-hidden=\"true\">*<\/span><\/label><input type=\"email\" id=\"wpforms-580-field_8\" class=\"wpforms-field-medium wpforms-field-required\" name=\"wpforms[fields][8]\" placeholder=\"Wpisz sw\u00f3j adres e-mail.\" spellcheck=\"false\" aria-errormessage=\"wpforms-580-field_8-error\" aria-describedby=\"wpforms-580-field_8-description\" required><div id=\"wpforms-580-field_8-description\" class=\"wpforms-field-description\">Podaj sw\u00f3j adres, aby\u015bmy mogli pozosta\u0107 w kontakcie.<\/div><\/div><div id=\"wpforms-580-field_6-container\" class=\"wpforms-field wpforms-field-select wpforms-field-select-style-classic\" data-field-id=\"6\"><label class=\"wpforms-field-label\" for=\"wpforms-580-field_6\">Obszar RDLP <span class=\"wpforms-required-label\" aria-hidden=\"true\">*<\/span><\/label><select id=\"wpforms-580-field_6\" class=\"wpforms-field-medium wpforms-field-required\" name=\"wpforms[fields][6]\" required=\"required\"><option value=\"\" class=\"placeholder\" disabled  selected='selected'>Wska\u017c w\u0142a\u015bciwy obszar RDLP<\/option><option value=\"Bia\u0142ystok\"  class=\"choice-20 depth-1\"  >Bia\u0142ystok<\/option><option value=\"Gda\u0144sk\"  class=\"choice-12 depth-1\"  >Gda\u0144sk<\/option><option value=\"Katowice\"  class=\"choice-17 depth-1\"  >Katowice<\/option><option value=\"Krak\u00f3w\"  class=\"choice-13 depth-1\"  >Krak\u00f3w<\/option><option value=\"Krosno\"  class=\"choice-15 depth-1\"  >Krosno<\/option><option value=\"Lublin\"  class=\"choice-23 depth-1\"  >Lublin<\/option><option value=\"\u0141\u00f3d\u017a\"  class=\"choice-16 depth-1\"  >\u0141\u00f3d\u017a<\/option><option value=\"Olsztyn\"  class=\"choice-21 depth-1\"  >Olsztyn<\/option><option value=\"Pi\u0142a\"  class=\"choice-24 depth-1\"  >Pi\u0142a<\/option><option value=\"Pozna\u0144\"  class=\"choice-11 depth-1\"  >Pozna\u0144<\/option><option value=\"Radom\"  class=\"choice-9 depth-1\"  >Radom<\/option><option value=\"Szczecin\"  class=\"choice-22 depth-1\"  >Szczecin<\/option><option value=\"Szczecinek\"  class=\"choice-19 depth-1\"  >Szczecinek<\/option><option value=\"Toru\u0144\"  class=\"choice-10 depth-1\"  >Toru\u0144<\/option><option value=\"Warszawa\"  class=\"choice-14 depth-1\"  >Warszawa<\/option><option value=\"Wroc\u0142aw\"  class=\"choice-4 depth-1\"  >Wroc\u0142aw<\/option><option value=\"Zielona G\u00f3ra\"  class=\"choice-25 depth-1\"  >Zielona G\u00f3ra<\/option><\/select><\/div><div id=\"wpforms-580-field_17-container\" class=\"wpforms-field wpforms-field-name\" data-field-id=\"17\"><label class=\"wpforms-field-label\" for=\"wpforms-580-field_17\">Nazwa Nadle\u015bnictwa <span class=\"wpforms-required-label\" aria-hidden=\"true\">*<\/span><\/label><input type=\"text\" id=\"wpforms-580-field_17\" class=\"wpforms-field-medium wpforms-field-required\" name=\"wpforms[fields][17]\" placeholder=\"Wpisz nazw\u0119 Nadle\u015bnictwa\" aria-errormessage=\"wpforms-580-field_17-error\" required><\/div><div id=\"wpforms-580-field_19-container\" class=\"wpforms-field wpforms-field-gdpr-checkbox\" data-field-id=\"19\"><label class=\"wpforms-field-label\">Zgoda RODO <span class=\"wpforms-required-label\" aria-hidden=\"true\">*<\/span><\/label><ul id=\"wpforms-580-field_19\" class=\"wpforms-field-required\"><li class=\"choice-1\"><input type=\"checkbox\" id=\"wpforms-580-field_19_1\" name=\"wpforms[fields][19][]\" value=\"Zgadzam si\u0119 na przetwarzanie przez firm\u0119 BioTech Strategy sp. z o.o. (NIP 6412573352), przes\u0142anych przeze mnie informacji w tej witrynie internetowej.\" aria-errormessage=\"wpforms-580-field_19_1-error\" aria-describedby=\"wpforms-580-field_19-description\" required ><label class=\"wpforms-field-label-inline\" for=\"wpforms-580-field_19_1\">Zgadzam si\u0119 na przetwarzanie przez firm\u0119 BioTech Strategy sp. z o.o. (NIP 6412573352), przes\u0142anych przeze mnie informacji w tej witrynie internetowej.<\/label><\/li><\/ul><div id=\"wpforms-580-field_19-description\" class=\"wpforms-field-description\">Szczeg\u00f3\u0142y zwi\u0105zane z przetwarzaniem danych znajduj\u0105 si\u0119 polityce prywatno\u015bci oraz klauzuli informacyjnej (RODO).<\/div><\/div><script>\n\t\t\t\t( function() {\n\t\t\t\t\tconst style = document.createElement( 'style' );\n\t\t\t\t\tstyle.appendChild( document.createTextNode( '#wpforms-580-field_1-container { position: absolute !important; overflow: hidden !important; display: inline !important; height: 1px !important; width: 1px !important; z-index: -1000 !important; padding: 0 !important; } #wpforms-580-field_1-container input { visibility: hidden; } #wpforms-conversational-form-page #wpforms-580-field_1-container label { counter-increment: none; }' ) );\n\t\t\t\t\tdocument.head.appendChild( style );\n\t\t\t\t\tdocument.currentScript?.remove();\n\t\t\t\t} )();\n\t\t\t<\/script><\/div><!-- .wpforms-field-container --><div class=\"wpforms-submit-container\" ><input type=\"hidden\" name=\"wpforms[id]\" value=\"580\"><input type=\"hidden\" name=\"page_title\" value=\"\"><input type=\"hidden\" name=\"page_url\" value=\"https:\/\/biotech-strategy.com\/en\/wp-json\/wp\/v2\/pages\/584\"><input type=\"hidden\" name=\"url_referer\" value=\"\"><button type=\"submit\" name=\"wpforms[submit]\" id=\"wpforms-submit-580\" class=\"wpforms-submit\" data-alt-text=\"Wysy\u0142anie...\" data-submit-text=\"Zam\u00f3w bezp\u0142atn\u0105 konsultacj\u0119\" aria-live=\"assertive\" value=\"wpforms-submit\">Zam\u00f3w bezp\u0142atn\u0105 konsultacj\u0119<\/button><img loading=\"lazy\" decoding=\"async\" src=\"https:\/\/biotech-strategy.com\/wp-content\/plugins\/wpforms-lite\/assets\/images\/submit-spin.svg\" class=\"wpforms-submit-spinner\" style=\"display: none;\" width=\"26\" height=\"26\" alt=\"Loading\"><\/div><\/form><\/div>  <!-- .wpforms-container -->","protected":false},"excerpt":{"rendered":"<p>Zostaw nam wiadomo\u015b\u0107, a my skontaktujemy si\u0119 z Tob\u0105 jak najszybciej, by wesprze\u0107 Ci\u0119 w Twojej pracy.<\/p>","protected":false},"author":1,"featured_media":0,"parent":0,"menu_order":0,"comment_status":"closed","ping_status":"closed","template":"","meta":{"footnotes":""},"class_list":["post-584","page","type-page","status-publish","hentry"],"_links":{"self":[{"href":"https:\/\/biotech-strategy.com\/en\/wp-json\/wp\/v2\/pages\/584","targetHints":{"allow":["GET"]}}],"collection":[{"href":"https:\/\/biotech-strategy.com\/en\/wp-json\/wp\/v2\/pages"}],"about":[{"href":"https:\/\/biotech-strategy.com\/en\/wp-json\/wp\/v2\/types\/page"}],"author":[{"embeddable":true,"href":"https:\/\/biotech-strategy.com\/en\/wp-json\/wp\/v2\/users\/1"}],"replies":[{"embeddable":true,"href":"https:\/\/biotech-strategy.com\/en\/wp-json\/wp\/v2\/comments?post=584"}],"version-history":[{"count":4,"href":"https:\/\/biotech-strategy.com\/en\/wp-json\/wp\/v2\/pages\/584\/revisions"}],"predecessor-version":[{"id":969,"href":"https:\/\/biotech-strategy.com\/en\/wp-json\/wp\/v2\/pages\/584\/revisions\/969"}],"wp:attachment":[{"href":"https:\/\/biotech-strategy.com\/en\/wp-json\/wp\/v2\/media?parent=584"}],"curies":[{"name":"wp","href":"https:\/\/api.w.org\/{rel}","templated":true}]}}