{"id":498,"date":"2025-08-24T22:20:43","date_gmt":"2025-08-24T20:20:43","guid":{"rendered":"https:\/\/biotech-strategy.com\/?page_id=498"},"modified":"2025-09-12T23:18:17","modified_gmt":"2025-09-12T21:18:17","slug":"szkolenia-przyrodnicze","status":"publish","type":"page","link":"https:\/\/biotech-strategy.com\/en\/szkolenia-przyrodnicze\/","title":{"rendered":"Szkolenia przyrodnicze"},"content":{"rendered":"<p><mark style=\"background-color:rgba(0, 0, 0, 0)\" class=\"has-inline-color has-primary-color\">BioTech Strategy<\/mark> oferuje nast\u0119puj\u0105ce szkolenia z zakresu ochrony i odtwarzania przyrody:<\/p>\n\n\n\n<p><\/p>\n\n\n\n<ul class=\"wp-block-list\">\n<li>Podstawy meteorologii i klimatologii\n<ul class=\"wp-block-list\">\n<li>Klimat i mezoklimaty Europy<\/li>\n\n\n\n<li>Klimat i mezoklimaty Azji<\/li>\n\n\n\n<li>Klimat i mezoklimaty Ameryki P\u00f3\u0142nocnej<\/li>\n\n\n\n<li>Klimat i mezoklimaty Ameryki Po\u0142udniowej<\/li>\n\n\n\n<li>Klimat i mezoklimaty Afryki<\/li>\n\n\n\n<li>Klimat i mezoklimaty Australii (i Oceanii)<\/li>\n<\/ul>\n<\/li>\n\n\n\n<li>Dendroklimatologia -co nam m\u00f3wi o lesie i klimacie?<\/li>\n\n\n\n<li>Ekologiczne podstawy rozwoju ekosystem\u00f3w le\u015bnych<\/li>\n\n\n\n<li>Jak powstaj\u0105 gleby?<\/li>\n\n\n\n<li>Gleby i ich w\u0142a\u015bciwo\u015bci<\/li>\n\n\n\n<li>Zdrowe gleby<\/li>\n\n\n\n<li>&#8222;\u015awiaty r\u00f3wnoleg\u0142e&#8221; -\u015bwiat owad\u00f3w<\/li>\n\n\n\n<li>&#8222;\u015awiaty r\u00f3wnoleg\u0142e&#8221; -ro\u015blin<\/li>\n\n\n\n<li>&#8222;\u015awiaty r\u00f3wnoleg\u0142e&#8221; -\u015bwiat grzyb\u00f3w<\/li>\n\n\n\n<li>&#8222;\u015awiaty r\u00f3wnoleg\u0142e&#8221; -\u015bwiat ptak\u00f3w<\/li>\n\n\n\n<li>Gospodarka le\u015bna -czy las potrzebuje le\u015bnika?<\/li>\n<\/ul>\n\n\n\n<div class=\"wp-block-buttons is-content-justification-center is-layout-flex wp-container-core-buttons-is-layout-a89b3969 wp-block-buttons-is-layout-flex\">\n<div class=\"wp-block-button\"><a class=\"wp-block-button__link wp-element-button\" href=\"https:\/\/biotech-strategy.com\/en\/szkolenia-przyrodnicze-zloz-zapytanie-ofertowe\/\">Z\u0142\u00f3\u017c zapytanie ofertowe<\/a><\/div>\n<\/div>\n\n\n\n<figure class=\"wp-block-gallery has-nested-images columns-default is-cropped wp-block-gallery-1 is-layout-flex wp-block-gallery-is-layout-flex\">\n<figure class=\"wp-block-image size-large\"><img loading=\"lazy\" decoding=\"async\" width=\"1024\" height=\"683\" data-id=\"500\" src=\"https:\/\/biotech-strategy.com\/wp-content\/uploads\/2025\/08\/Droga-w-lesie-1024x683.jpg\" alt=\"\" class=\"wp-image-500\" srcset=\"https:\/\/biotech-strategy.com\/wp-content\/uploads\/2025\/08\/Droga-w-lesie-1024x683.jpg 1024w, https:\/\/biotech-strategy.com\/wp-content\/uploads\/2025\/08\/Droga-w-lesie-300x200.jpg 300w, https:\/\/biotech-strategy.com\/wp-content\/uploads\/2025\/08\/Droga-w-lesie-768x512.jpg 768w, https:\/\/biotech-strategy.com\/wp-content\/uploads\/2025\/08\/Droga-w-lesie-1536x1024.jpg 1536w, https:\/\/biotech-strategy.com\/wp-content\/uploads\/2025\/08\/Droga-w-lesie-18x12.jpg 18w, https:\/\/biotech-strategy.com\/wp-content\/uploads\/2025\/08\/Droga-w-lesie.jpg 1920w\" sizes=\"auto, (max-width: 1024px) 100vw, 1024px\" \/><\/figure>\n<\/figure>","protected":false},"excerpt":{"rendered":"<p>BioTech Strategy oferuje nast\u0119puj\u0105ce szkolenia z zakresu ochrony i odtwarzania przyrody:<\/p>","protected":false},"author":1,"featured_media":0,"parent":0,"menu_order":0,"comment_status":"closed","ping_status":"closed","template":"","meta":{"footnotes":""},"class_list":["post-498","page","type-page","status-publish","hentry"],"_links":{"self":[{"href":"https:\/\/biotech-strategy.com\/en\/wp-json\/wp\/v2\/pages\/498","targetHints":{"allow":["GET"]}}],"collection":[{"href":"https:\/\/biotech-strategy.com\/en\/wp-json\/wp\/v2\/pages"}],"about":[{"href":"https:\/\/biotech-strategy.com\/en\/wp-json\/wp\/v2\/types\/page"}],"author":[{"embeddable":true,"href":"https:\/\/biotech-strategy.com\/en\/wp-json\/wp\/v2\/users\/1"}],"replies":[{"embeddable":true,"href":"https:\/\/biotech-strategy.com\/en\/wp-json\/wp\/v2\/comments?post=498"}],"version-history":[{"count":7,"href":"https:\/\/biotech-strategy.com\/en\/wp-json\/wp\/v2\/pages\/498\/revisions"}],"predecessor-version":[{"id":659,"href":"https:\/\/biotech-strategy.com\/en\/wp-json\/wp\/v2\/pages\/498\/revisions\/659"}],"wp:attachment":[{"href":"https:\/\/biotech-strategy.com\/en\/wp-json\/wp\/v2\/media?parent=498"}],"curies":[{"name":"wp","href":"https:\/\/api.w.org\/{rel}","templated":true}]}}