{"id":380,"date":"2025-08-24T02:36:00","date_gmt":"2025-08-24T00:36:00","guid":{"rendered":"https:\/\/biotech-strategy.com\/?page_id=380"},"modified":"2025-09-12T23:59:13","modified_gmt":"2025-09-12T21:59:13","slug":"o-nas","status":"publish","type":"page","link":"https:\/\/biotech-strategy.com\/en\/o-nas\/","title":{"rendered":"O nas"},"content":{"rendered":"<p class=\"has-text-align-center\"><mark style=\"background-color:rgba(0, 0, 0, 0)\" class=\"has-inline-color has-primary-color\">BioTech Strategy<\/mark> oferuje us\u0142ugi z zakresu budownictwa i bezpiecze\u0144stwa ludno\u015bci oraz le\u015bnictwa i ochrony \u015brodowiska. Szeroki zesp\u00f3\u0142 wysoko wykfalifikowanych specjalist\u00f3w jest got\u00f3w podj\u0105\u0107 ka\u017cde wyzwanie zwi\u0105zane m.in. z:<\/p>\n\n\n\n<p><\/p>\n\n\n\n<ul class=\"wp-block-list\">\n<li><a href=\"https:\/\/biotech-strategy.com\/en\/zapobieganie\/\" data-type=\"page\" data-id=\"476\"><mark style=\"background-color:rgba(0, 0, 0, 0)\" class=\"has-inline-color has-primary-color\">Szkoleniami<\/mark><\/a> firm oraz organizacji publicznych <a href=\"https:\/\/biotech-strategy.com\/en\/zarzadzanie-kryzysowe\/\" data-type=\"page\" data-id=\"218\"><mark style=\"background-color:rgba(0, 0, 0, 0)\" class=\"has-inline-color has-primary-color\">z zakresu bezpiecze\u0144stwa<\/mark><\/a><\/li>\n\n\n\n<li>Przygotowaniem terenu pod inwestycj\u0119 <br>(odpowiednia <a href=\"https:\/\/biotech-strategy.com\/en\/ekspertyzy\/\" data-type=\"page\" data-id=\"436\"><mark style=\"background-color:rgba(0, 0, 0, 0)\" class=\"has-inline-color has-primary-color\">dokumentacja<\/mark><\/a> oraz <a href=\"https:\/\/biotech-strategy.com\/en\/przygotowanie-do-budowy\/\" data-type=\"page\" data-id=\"351\"><mark style=\"background-color:rgba(0, 0, 0, 0)\" class=\"has-inline-color has-primary-color\">prace w terenie<\/mark><\/a>)<\/li>\n\n\n\n<li><a href=\"https:\/\/biotech-strategy.com\/en\/budownictwo\/\" data-type=\"page\" data-id=\"341\"><mark style=\"background-color:rgba(0, 0, 0, 0)\" class=\"has-inline-color has-primary-color\">Wykonaniem prac ziemnych<\/mark><\/a> oraz <a href=\"https:\/\/biotech-strategy.com\/en\/budownictwo\/\" data-type=\"page\" data-id=\"341\"><mark style=\"background-color:rgba(0, 0, 0, 0)\" class=\"has-inline-color has-primary-color\">budowy infrastruktury<\/mark><\/a> zgodnie z projektem<\/li>\n\n\n\n<li><a href=\"https:\/\/biotech-strategy.com\/en\/prace-lesne\/\" data-type=\"page\" data-id=\"410\"><mark style=\"background-color:rgba(0, 0, 0, 0)\" class=\"has-inline-color has-primary-color\">Wykonaniem prac le\u015bnych<\/mark><\/a> oraz <a href=\"https:\/\/biotech-strategy.com\/en\/szkolenia-przyrodnicze\/\" data-type=\"page\" data-id=\"498\"><mark style=\"background-color:rgba(0, 0, 0, 0)\" class=\"has-inline-color has-primary-color\">szkoleniami przyrodniczymi<\/mark><\/a>.<\/li>\n<\/ul>\n\n\n\n<div class=\"wp-block-buttons is-content-justification-center is-layout-flex wp-container-core-buttons-is-layout-a89b3969 wp-block-buttons-is-layout-flex\">\n<div class=\"wp-block-button\"><a class=\"wp-block-button__link wp-element-button\" href=\"https:\/\/biotech-strategy.com\/en\/zloz-zapytanie-ofertowe\/\">Z\u0142\u00f3\u017c zapytanie ofertowe<\/a><\/div>\n<\/div>\n\n\n\n<p class=\"has-text-align-center\">Ponadto, <mark style=\"background-color:rgba(0, 0, 0, 0)\" class=\"has-inline-color has-primary-color\">BioTech Strategy wspiera projekty spo\u0142eczne<\/mark>, realizowane przez <strong>fundacje<\/strong>, <strong>stowarzyszenia<\/strong> oraz <strong>towarzystwa naukowe<\/strong>, charakteryzuj\u0105cych si\u0119 bardzo wysok\u0105 jako\u015bci\u0105 dzia\u0142a\u0144 wspieraj\u0105cych lokalne spo\u0142eczno\u015bci, rozw\u00f3j \u015bwiadomo\u015bci oraz pog\u0142\u0119bianie i propagowanie wiedzy o bezpiecze\u0144stwie.<\/p>\n\n\n\n<p><\/p>","protected":false},"excerpt":{"rendered":"<p>BioTech Strategy oferuje us\u0142ugi z zakresu budownictwa i bezpiecze\u0144stwa ludno\u015bci oraz le\u015bnictwa i ochrony \u015brodowiska. Szeroki zesp\u00f3\u0142 wysoko wykfalifikowanych specjalist\u00f3w jest got\u00f3w podj\u0105\u0107 ka\u017cde wyzwanie zwi\u0105zane m.in. z: Ponadto, BioTech Strategy wspiera projekty spo\u0142eczne, realizowane przez fundacje, stowarzyszenia oraz towarzystwa naukowe, charakteryzuj\u0105cych si\u0119 bardzo wysok\u0105 jako\u015bci\u0105 dzia\u0142a\u0144 wspieraj\u0105cych lokalne spo\u0142eczno\u015bci, rozw\u00f3j \u015bwiadomo\u015bci oraz pog\u0142\u0119bianie i [&hellip;]<\/p>\n","protected":false},"author":1,"featured_media":0,"parent":0,"menu_order":0,"comment_status":"closed","ping_status":"closed","template":"","meta":{"footnotes":""},"class_list":["post-380","page","type-page","status-publish","hentry"],"_links":{"self":[{"href":"https:\/\/biotech-strategy.com\/en\/wp-json\/wp\/v2\/pages\/380","targetHints":{"allow":["GET"]}}],"collection":[{"href":"https:\/\/biotech-strategy.com\/en\/wp-json\/wp\/v2\/pages"}],"about":[{"href":"https:\/\/biotech-strategy.com\/en\/wp-json\/wp\/v2\/types\/page"}],"author":[{"embeddable":true,"href":"https:\/\/biotech-strategy.com\/en\/wp-json\/wp\/v2\/users\/1"}],"replies":[{"embeddable":true,"href":"https:\/\/biotech-strategy.com\/en\/wp-json\/wp\/v2\/comments?post=380"}],"version-history":[{"count":12,"href":"https:\/\/biotech-strategy.com\/en\/wp-json\/wp\/v2\/pages\/380\/revisions"}],"predecessor-version":[{"id":674,"href":"https:\/\/biotech-strategy.com\/en\/wp-json\/wp\/v2\/pages\/380\/revisions\/674"}],"wp:attachment":[{"href":"https:\/\/biotech-strategy.com\/en\/wp-json\/wp\/v2\/media?parent=380"}],"curies":[{"name":"wp","href":"https:\/\/api.w.org\/{rel}","templated":true}]}}