{"id":357,"date":"2025-08-24T01:22:42","date_gmt":"2025-08-23T23:22:42","guid":{"rendered":"https:\/\/biotech-strategy.com\/?page_id=357"},"modified":"2025-09-12T19:33:47","modified_gmt":"2025-09-12T17:33:47","slug":"prace-rozbiorkowe","status":"publish","type":"page","link":"https:\/\/biotech-strategy.com\/en\/prace-rozbiorkowe\/","title":{"rendered":"Prace rozbi\u00f3rkowe"},"content":{"rendered":"<h2 class=\"wp-block-heading\">Organizacja i realizacja prac rozbi\u00f3rkowych<\/h2>\n\n\n\n<p>Obiekty budowlane s\u0105 rozbierane z dw\u00f3ch powod\u00f3w:<\/p>\n\n\n\n<ol class=\"wp-block-list\">\n<li>Gdy na jego miejscu ma powsta\u0107 budynek nowocze\u015bniejszy, lub o innym przeznaczeniu.<\/li>\n\n\n\n<li>Gdy ich stan techniczny zagra\u017ca bezpiecze\u0144stwu ludzi.<\/li>\n<\/ol>\n\n\n\n<h3 class=\"wp-block-heading\"><a href=\"https:\/\/biotech-strategy.com\/en\/prace-rozbiorkowe-zamow-bezplatna-konsultacje\/\" data-type=\"page\" data-id=\"568\">Zg\u0142oszenie rozbi\u00f3rki<\/a><\/h3>\n\n\n\n<p>Zgodnie z art. 31. Ustawy -Prawo budowlane, budynki oraz budowle nie wymagaj\u0105 decyzji o pozwoleniu na rozbi\u00f3rk\u0119, kt\u00f3re nie s\u0105 wpisane do rejestru zabytk\u00f3w oraz nie s\u0105 obj\u0119te opiek\u0105 konserwatorsk\u0105, o wysoko\u015bci poni\u017cej 8 m, je\u017celi ich odleg\u0142o\u015b\u0107 od granicy dzia\u0142ki jest nie mniejsza ni\u017c po\u0142owa wysoko\u015bci.<\/p>\n\n\n\n<p>W powy\u017cszej sytuacji <mark style=\"background-color:rgba(0, 0, 0, 0)\" class=\"has-inline-color has-primary-color\">rozbi\u00f3rka wymaga uprzedniego zg\u0142oszenia<\/mark>&nbsp;do w\u0142a\u015bciwego organu nadzoru budowlanego. W zg\u0142oszeniu takim nale\u017cy okre\u015bli\u0107 rodzaj, zakres oraz spos\u00f3b wykonywania prac rozbi\u00f3rkowych.<\/p>\n\n\n\n<h3 class=\"wp-block-heading\"><a href=\"https:\/\/biotech-strategy.com\/en\/prace-rozbiorkowe-zamow-bezplatna-konsultacje\/\" data-type=\"page\" data-id=\"568\">Wniosek o pozwolenie na rozbi\u00f3rk\u0119<\/a><\/h3>\n\n\n\n<p>Rozbi\u00f3rka obiektu budowlanego na podstawie pozwolenia na rozbi\u00f3rk\u0119 musi by\u0107 prowadzona przez kierownika rozbi\u00f3rki.&nbsp;<mark style=\"background-color:rgba(0, 0, 0, 0)\" class=\"has-inline-color has-primary-color\">Pozwolenie na rozbi\u00f3rk\u0119 musisz uzyska\u0107 zanim rozpoczniesz<\/mark>&nbsp;rozbi\u00f3rk\u0119 obiektu budowlanego. Do wniosku o pozwolenie na rozbi\u00f3rk\u0119 nale\u017cy do\u0142\u0105czy\u0107 nast\u0119puj\u0105ce dokumenty:<\/p>\n\n\n\n<ul class=\"wp-block-list\">\n<li>zgod\u0119 w\u0142a\u015bciciela obiektu lub jego kopi\u0119,<\/li>\n\n\n\n<li>szkic usytuowania obiektu budowlanego,<\/li>\n\n\n\n<li>opis zakresu i sposobu prowadzenia rob\u00f3t rozbi\u00f3rkowych,<\/li>\n\n\n\n<li>opis sposobu zapewnienia bezpiecze\u0144stwa ludzi i mienia,<\/li>\n\n\n\n<li>w zale\u017cno\u015bci od potrzeb, projekt rozbi\u00f3rki obiektu,<\/li>\n\n\n\n<li>pozwolenia, uzgodnienia, opinie i inne dokumenty, kt\u00f3rych obowi\u0105zek do\u0142\u0105czenia wynika z przepis\u00f3w odr\u0119bnych ustaw, lub kopie tych pozwole\u0144,<\/li>\n\n\n\n<li>uzgodnie\u0144, opinii i innych dokument\u00f3w.<\/li>\n<\/ul>\n\n\n\n<p>Urz\u0105d powinien sprawdzi\u0107 kompletno\u015b\u0107 twojego wniosku w terminie 14 dni od dnia z\u0142o\u017cenia wniosku. Je\u015bli tw\u00f3j wniosek ma braki, urz\u0105d wezwie ci\u0119 do ich usuni\u0119cia w podanym terminie. B\u0119dzie to co najmniej 7 dni \u2013 licz\u0105c od dnia otrzymania przez ciebie wezwania. Je\u017celi nie usuniesz brak\u00f3w w terminie, urz\u0105d pozostawi spraw\u0119 bez rozpoznania. Je\u017celi nie zap\u0142acisz op\u0142aty skarbowej za wydanie decyzji o pozwoleniu na rozbi\u00f3rk\u0119, urz\u0105d wyznaczy ci termin do zap\u0142aty. B\u0119dzie to od 7 do 14 dni.<\/p>\n\n\n\n<p>Ostatecznego ustalenia granic obszaru oddzia\u0142ywania oraz stron post\u0119powania dokona urz\u0105d. Strony maj\u0105 prawo do czynnego udzia\u0142u w ka\u017cdym etapie post\u0119powania.<\/p>\n\n\n\n<p>Je\u015bli tw\u00f3j wniosek spe\u0142nia wszystkie wymagania wynikaj\u0105ce z przepis\u00f3w, to urz\u0105d wyda ci decyzj\u0119 o pozwoleniu na rozbi\u00f3rk\u0119. Decyzja o pozwoleniu na rozbi\u00f3rk\u0119 nie ma terminu wa\u017cno\u015bci. Dziennik rozbi\u00f3rki otrzymasz z urz\u0119du w ci\u0105gu 3 dni, licz\u0105c od dnia, w kt\u00f3rym decyzja o pozwoleniu na rozbi\u00f3rk\u0119 sta\u0142a si\u0119 wykonalna.<\/p>\n\n\n\n<p>BioTech Strategy oferuje wsparcie w zakresie organizacji rob\u00f3t rozbi\u00f3rkowych.<\/p>\n\n\n\n<div class=\"wp-block-buttons is-content-justification-center is-layout-flex wp-container-core-buttons-is-layout-a89b3969 wp-block-buttons-is-layout-flex\">\n<div class=\"wp-block-button\"><a class=\"wp-block-button__link wp-element-button\" href=\"https:\/\/biotech-strategy.com\/en\/prace-rozbiorkowe-zamow-bezplatna-konsultacje\/\">Zam\u00f3w bezp\u0142atn\u0105 konsultacj\u0119, je\u015bli potrzebujesz wsparcia w<br><strong>organizacji i realizacji prac rozbi\u00f3rkowych<\/strong><\/a><\/div>\n<\/div>\n\n\n\n<p><\/p>","protected":false},"excerpt":{"rendered":"<p>Organizacja i realizacja prac rozbi\u00f3rkowych Obiekty budowlane s\u0105 rozbierane z dw\u00f3ch powod\u00f3w: Zg\u0142oszenie rozbi\u00f3rki Zgodnie z art. 31. Ustawy -Prawo budowlane, budynki oraz budowle nie wymagaj\u0105 decyzji o pozwoleniu na rozbi\u00f3rk\u0119, kt\u00f3re nie s\u0105 wpisane do rejestru zabytk\u00f3w oraz nie s\u0105 obj\u0119te opiek\u0105 konserwatorsk\u0105, o wysoko\u015bci poni\u017cej 8 m, je\u017celi ich odleg\u0142o\u015b\u0107 od granicy dzia\u0142ki [&hellip;]<\/p>\n","protected":false},"author":1,"featured_media":0,"parent":0,"menu_order":0,"comment_status":"closed","ping_status":"closed","template":"","meta":{"footnotes":""},"class_list":["post-357","page","type-page","status-publish","hentry"],"_links":{"self":[{"href":"https:\/\/biotech-strategy.com\/en\/wp-json\/wp\/v2\/pages\/357","targetHints":{"allow":["GET"]}}],"collection":[{"href":"https:\/\/biotech-strategy.com\/en\/wp-json\/wp\/v2\/pages"}],"about":[{"href":"https:\/\/biotech-strategy.com\/en\/wp-json\/wp\/v2\/types\/page"}],"author":[{"embeddable":true,"href":"https:\/\/biotech-strategy.com\/en\/wp-json\/wp\/v2\/users\/1"}],"replies":[{"embeddable":true,"href":"https:\/\/biotech-strategy.com\/en\/wp-json\/wp\/v2\/comments?post=357"}],"version-history":[{"count":3,"href":"https:\/\/biotech-strategy.com\/en\/wp-json\/wp\/v2\/pages\/357\/revisions"}],"predecessor-version":[{"id":572,"href":"https:\/\/biotech-strategy.com\/en\/wp-json\/wp\/v2\/pages\/357\/revisions\/572"}],"wp:attachment":[{"href":"https:\/\/biotech-strategy.com\/en\/wp-json\/wp\/v2\/media?parent=357"}],"curies":[{"name":"wp","href":"https:\/\/api.w.org\/{rel}","templated":true}]}}