{"id":355,"date":"2025-08-24T01:20:01","date_gmt":"2025-08-23T23:20:01","guid":{"rendered":"https:\/\/biotech-strategy.com\/?page_id=355"},"modified":"2025-09-12T19:14:32","modified_gmt":"2025-09-12T17:14:32","slug":"realizacja-budowy","status":"publish","type":"page","link":"https:\/\/biotech-strategy.com\/en\/realizacja-budowy\/","title":{"rendered":"Realizacja budowy"},"content":{"rendered":"<h2 class=\"wp-block-heading\">Realizacja budowy obiekt\u00f3w infrastruktury<\/h2>\n\n\n\n<p>Realizacja budowy obiekt\u00f3w infrastruktury obejmuje trzy g\u0142\u00f3wne etapy:<\/p>\n\n\n\n<p><a href=\"https:\/\/biotech-strategy.com\/en\/przygotowanie-do-inwestycji-budowlanej-zamow-bezplatna-konsultacje\/\" data-type=\"page\" data-id=\"550\"><mark style=\"background-color:rgba(0, 0, 0, 0)\" class=\"has-inline-color has-primary-color\">Etap przygotowania terenu pod inwestycj\u0119<\/mark><\/a>\u00a0-nie zawsze teren, na kt\u00f3rym zlokalizowana jest budowa jest bezpo\u015brednio gotowy do rozpocz\u0119cia prac ziemnych. W przypadku wyst\u0119powania zadrzewie\u0144 nale\u017cy wykona\u0107 prace uprz\u0105taj\u0105ce, poprzedzone przeprowadzeniem ca\u0142ego procesu prawno-formalnego i logistycznego \u2013<mark style=\"background-color:rgba(0, 0, 0, 0)\" class=\"has-inline-color has-primary-color\">BioTech Strategy<\/mark>\u00a0\u015bwiadczy ca\u0142y zakres us\u0142ug etapu przygotowania terenu.<\/p>\n\n\n\n<p><mark style=\"background-color:rgba(0, 0, 0, 0)\" class=\"has-inline-color has-primary-color\">Etap prac ziemnych<\/mark>&nbsp;-na podstawie projektu rob\u00f3t ziemnych,&nbsp;<mark style=\"background-color:rgba(0, 0, 0, 0)\" class=\"has-inline-color has-primary-color\">BioTech Strategy<\/mark>&nbsp; optymalizuj\u0105c prace w tym zakresie kieruje si\u0119 nast\u0119puj\u0105cymi zasadami:<\/p>\n\n\n\n<p><\/p>\n\n\n\n<ul class=\"wp-block-list\">\n<li>Kompleksowe planowanie rob\u00f3t ziemnych, uwzgl\u0119dniaj\u0105ce organizacj\u0119 prac przygotowawczych i zabezpieczaj\u0105cych.<\/li>\n\n\n\n<li>Organizacja pracy poprzez wg przes\u0142anek metody r\u00f3wnomiernej (poprzez dob\u00f3r odpowiednich zestaw\u00f3w maszyn oraz stosowanie podzia\u0142u na dzia\u0142ki robocze i organizowanie specjalistycznych zharmonizowanych zespo\u0142\u00f3w).<\/li>\n\n\n\n<li>Optymalizacja efektywno\u015bci wykonania rob\u00f3t ziemnych -dostosowanie odpowiedniej mechanizacji prac.<\/li>\n\n\n\n<li>Uwzgl\u0119dnienie parametr\u00f3w technicznych maszyn oraz ich sposobu pracy w organizacji front\u00f3w rob\u00f3t.<\/li>\n<\/ul>\n\n\n\n<p><a href=\"https:\/\/biotech-strategy.com\/en\/realizacja-budowy-zamow-bezplatna-konsultacje\/\" data-type=\"page\" data-id=\"559\"><mark style=\"background-color:rgba(0, 0, 0, 0)\" class=\"has-inline-color has-primary-color\">Etap budowy<\/mark><\/a>\u00a0-w zale\u017cno\u015bci od rodzaju realizowanej budowy infrastrukturalnej (drogi, linie kolejowe, infrastruktura przesy\u0142owa etc.)\u00a0<mark style=\"background-color:rgba(0, 0, 0, 0)\" class=\"has-inline-color has-primary-color\">BioTech Strategy<\/mark>\u00a0oferuje szerok\u0105 gam\u0119 wsparcia\u00a0<mark style=\"background-color:rgba(0, 0, 0, 0)\" class=\"has-inline-color has-primary-color\">w zakresie us\u0142ug podwykonawczych<\/mark>. Z uwagi na szeroki wachlarz mo\u017cliwo\u015bci, zalecamy bezpo\u015bredni kontakt, celem ustalenia szczeg\u00f3\u0142\u00f3w mo\u017cliwego wsparcia Pa\u0144stwa firmy.<\/p>\n\n\n\n<div class=\"wp-block-buttons is-content-justification-center is-layout-flex wp-container-core-buttons-is-layout-a89b3969 wp-block-buttons-is-layout-flex\">\n<div class=\"wp-block-button\"><a class=\"wp-block-button__link wp-element-button\" href=\"https:\/\/biotech-strategy.com\/en\/realizacja-budowy-zamow-bezplatna-konsultacje\/\">Z\u0142\u00f3\u017c zapytanie ofertowe, je\u015bli potrzebujesz wsparcia&nbsp;<br><strong>podwykonawcy w poszczeg\u00f3lnych etapach budowy infrastruktury<\/strong><\/a><\/div>\n<\/div>\n\n\n\n<p><\/p>","protected":false},"excerpt":{"rendered":"<p>Realizacja budowy obiekt\u00f3w infrastruktury Realizacja budowy obiekt\u00f3w infrastruktury obejmuje trzy g\u0142\u00f3wne etapy: Etap przygotowania terenu pod inwestycj\u0119\u00a0-nie zawsze teren, na kt\u00f3rym zlokalizowana jest budowa jest bezpo\u015brednio gotowy do rozpocz\u0119cia prac ziemnych. W przypadku wyst\u0119powania zadrzewie\u0144 nale\u017cy wykona\u0107 prace uprz\u0105taj\u0105ce, poprzedzone przeprowadzeniem ca\u0142ego procesu prawno-formalnego i logistycznego \u2013BioTech Strategy\u00a0\u015bwiadczy ca\u0142y zakres us\u0142ug etapu przygotowania terenu. Etap [&hellip;]<\/p>\n","protected":false},"author":1,"featured_media":0,"parent":0,"menu_order":0,"comment_status":"closed","ping_status":"closed","template":"","meta":{"footnotes":""},"class_list":["post-355","page","type-page","status-publish","hentry"],"_links":{"self":[{"href":"https:\/\/biotech-strategy.com\/en\/wp-json\/wp\/v2\/pages\/355","targetHints":{"allow":["GET"]}}],"collection":[{"href":"https:\/\/biotech-strategy.com\/en\/wp-json\/wp\/v2\/pages"}],"about":[{"href":"https:\/\/biotech-strategy.com\/en\/wp-json\/wp\/v2\/types\/page"}],"author":[{"embeddable":true,"href":"https:\/\/biotech-strategy.com\/en\/wp-json\/wp\/v2\/users\/1"}],"replies":[{"embeddable":true,"href":"https:\/\/biotech-strategy.com\/en\/wp-json\/wp\/v2\/comments?post=355"}],"version-history":[{"count":6,"href":"https:\/\/biotech-strategy.com\/en\/wp-json\/wp\/v2\/pages\/355\/revisions"}],"predecessor-version":[{"id":564,"href":"https:\/\/biotech-strategy.com\/en\/wp-json\/wp\/v2\/pages\/355\/revisions\/564"}],"wp:attachment":[{"href":"https:\/\/biotech-strategy.com\/en\/wp-json\/wp\/v2\/media?parent=355"}],"curies":[{"name":"wp","href":"https:\/\/api.w.org\/{rel}","templated":true}]}}