{"id":351,"date":"2025-08-24T01:25:03","date_gmt":"2025-08-23T23:25:03","guid":{"rendered":"https:\/\/biotech-strategy.com\/?page_id=351"},"modified":"2025-09-12T19:06:21","modified_gmt":"2025-09-12T17:06:21","slug":"przygotowanie-do-budowy","status":"publish","type":"page","link":"https:\/\/biotech-strategy.com\/en\/przygotowanie-do-budowy\/","title":{"rendered":"Przygotowanie do budowy"},"content":{"rendered":"<h2 class=\"wp-block-heading\">Przygotowanie do inwestycji budowlanej<\/h2>\n\n\n\n<p>Wykonanie studi\u00f3w i analiz przedinwestycyjnych, pozwala na podj\u0119cie decyzji o rozpocz\u0119ciu inwestycji budowlanej. Nast\u0119pnym etapem jest projektowanie inwestycji, kt\u00f3re powinno by\u0107 zgodne z Ustawami:<\/p>\n\n\n\n<ul class=\"wp-block-list\">\n<li>Prawo budowlane (dla&nbsp;<mark style=\"background-color:rgba(0, 0, 0, 0)\" class=\"has-inline-color has-primary-color\">projektu budowlanego<\/mark>).<\/li>\n\n\n\n<li>Prawo wodne (dla\u00a0<mark style=\"background-color:rgba(0, 0, 0, 0)\" class=\"has-inline-color has-primary-color\">operatu wodnoprawnego<\/mark>).<\/li>\n\n\n\n<li>Prawo ochrony \u015brodowiska (dla&nbsp;<mark style=\"background-color:rgba(0, 0, 0, 0)\" class=\"has-inline-color has-primary-color\">raportu w sprawie oceny oddzia\u0142ywania inwestycji na \u015brodowisko<\/mark>).<\/li>\n<\/ul>\n\n\n\n<p>Przygotowanie do budowy obiekt\u00f3w infrastrukturalnych obejmuje szereg prac inwentaryzacyjnych, pomiarowych (w tym&nbsp;<mark style=\"background-color:rgba(0, 0, 0, 0)\" class=\"has-inline-color has-primary-color\">pomiary geodezyjne<\/mark>) i obliczeniowych, na podstawie kt\u00f3rych m.in. przygotowuje si\u0119 wymagan\u0105 prawnie&nbsp;<mark style=\"background-color:rgba(0, 0, 0, 0)\" class=\"has-inline-color has-primary-color\">Ocen\u0119 Oddzia\u0142ywania na \u015arodowisko<\/mark>.<\/p>\n\n\n\n<p>W niniejszej ocenie (w zale\u017cno\u015bci od rodzaju inwestycji), nale\u017cy uwzgl\u0119dni\u0107 powi\u0105zania pomi\u0119dzy bezpo\u015brednimi oddzia\u0142ywaniami, jak i skutkami wt\u00f3rnymi oddzia\u0142ywa\u0144. W skr\u00f3cie powi\u0105zania, wymagaj\u0105ce analizy mo\u017cna przedstawi\u0107 nast\u0119puj\u0105co:<\/p>\n\n\n\n<ul class=\"wp-block-list\">\n<li><strong>Krajobraz<\/strong>&nbsp;-wp\u0142yw na obszary ochronne i funkcje spo\u0142eczne, powierzchni\u0119 ziemi<\/li>\n\n\n\n<li><strong>Z\u0142o\u017ca kopalin<\/strong>&nbsp;-wp\u0142yw na zamiany powierzchni ziemi, gospodark\u0119 wodn\u0105 i ryzyko zanieczyszczenia z\u0142\u00f3\u017c<\/li>\n\n\n\n<li><strong>Gleby<\/strong>&nbsp;-ocena ryzyka zanieczyszczenia gleby, erozji gleby i powstawania osuwisk.<\/li>\n\n\n\n<li><strong>Wody podziemne i powierzchniowe<\/strong>&nbsp;-analiza ryzyka obni\u017cenia poziomu w\u00f3d, ocena ryzyka zanieczyszczenia w\u00f3d, ryzyko przeci\u0119cia warstw wodono\u015bnych, analiza zmiany stosunk\u00f3w wodnych oraz ocena ryzyka zagro\u017ce\u0144 uj\u0119\u0107 wody.<\/li>\n\n\n\n<li><strong>Flora i fauna<\/strong>&nbsp;-ocena ryzyka zagro\u017cenia dla bior\u00f3\u017cnorodno\u015bci oraz zmian przestrzennych i wielko\u015bci populacji, a tak\u017ce analiza kszta\u0142towania si\u0119 nowych ekosystem\u00f3w w wyniku przeprowadzenia inwestycji.<\/li>\n\n\n\n<li><strong>Lasy<\/strong>&nbsp;-wp\u0142yw na zdrowotno\u015b\u0107 stanu lasu, gospodark\u0119 le\u015bn\u0105 oraz ryzyko zagro\u017cenia po\u017carowego las\u00f3w.<\/li>\n\n\n\n<li><strong>Powietrze i klimat<\/strong>&nbsp;-ocena potencja\u0142u wp\u0142ywu na mikro- i mezoklimat, analiza wp\u0142ywu ryzyka zapylenia i zanieczyszcze\u0144 na \u015brodowisko.<\/li>\n\n\n\n<li><strong>Klimat akustyczny<\/strong>&nbsp;-analiza wp\u0142ywu imisji i emisji ha\u0142asu oraz wibracji na zdrowie<br>i warunki \u017cycia ludzi.<\/li>\n<\/ul>\n\n\n\n<div class=\"wp-block-buttons is-content-justification-center is-layout-flex wp-container-core-buttons-is-layout-a89b3969 wp-block-buttons-is-layout-flex\">\n<div class=\"wp-block-button\"><a class=\"wp-block-button__link wp-element-button\" href=\"https:\/\/biotech-strategy.com\/en\/przygotowanie-do-inwestycji-budowlanej-zamow-bezplatna-konsultacje\/\">Zam\u00f3w <strong>bezp\u0142atn\u0105 konsultacj\u0119<\/strong> lub z\u0142\u00f3\u017c <strong>zapytanie ofertowe<\/strong>, je\u015bli potrzebujesz wsparcia w<br><strong>przygotowaniu terenu pod budow\u0119<\/strong><\/a><\/div>\n<\/div>","protected":false},"excerpt":{"rendered":"<p>Przygotowanie do inwestycji budowlanej Wykonanie studi\u00f3w i analiz przedinwestycyjnych, pozwala na podj\u0119cie decyzji o rozpocz\u0119ciu inwestycji budowlanej. Nast\u0119pnym etapem jest projektowanie inwestycji, kt\u00f3re powinno by\u0107 zgodne z Ustawami: Przygotowanie do budowy obiekt\u00f3w infrastrukturalnych obejmuje szereg prac inwentaryzacyjnych, pomiarowych (w tym&nbsp;pomiary geodezyjne) i obliczeniowych, na podstawie kt\u00f3rych m.in. przygotowuje si\u0119 wymagan\u0105 prawnie&nbsp;Ocen\u0119 Oddzia\u0142ywania na \u015arodowisko. W [&hellip;]<\/p>\n","protected":false},"author":1,"featured_media":0,"parent":0,"menu_order":0,"comment_status":"closed","ping_status":"closed","template":"","meta":{"footnotes":""},"class_list":["post-351","page","type-page","status-publish","hentry"],"_links":{"self":[{"href":"https:\/\/biotech-strategy.com\/en\/wp-json\/wp\/v2\/pages\/351","targetHints":{"allow":["GET"]}}],"collection":[{"href":"https:\/\/biotech-strategy.com\/en\/wp-json\/wp\/v2\/pages"}],"about":[{"href":"https:\/\/biotech-strategy.com\/en\/wp-json\/wp\/v2\/types\/page"}],"author":[{"embeddable":true,"href":"https:\/\/biotech-strategy.com\/en\/wp-json\/wp\/v2\/users\/1"}],"replies":[{"embeddable":true,"href":"https:\/\/biotech-strategy.com\/en\/wp-json\/wp\/v2\/comments?post=351"}],"version-history":[{"count":5,"href":"https:\/\/biotech-strategy.com\/en\/wp-json\/wp\/v2\/pages\/351\/revisions"}],"predecessor-version":[{"id":554,"href":"https:\/\/biotech-strategy.com\/en\/wp-json\/wp\/v2\/pages\/351\/revisions\/554"}],"wp:attachment":[{"href":"https:\/\/biotech-strategy.com\/en\/wp-json\/wp\/v2\/media?parent=351"}],"curies":[{"name":"wp","href":"https:\/\/api.w.org\/{rel}","templated":true}]}}