{"id":331,"date":"2025-08-24T00:06:09","date_gmt":"2025-08-23T22:06:09","guid":{"rendered":"https:\/\/biotech-strategy.com\/?page_id=331"},"modified":"2025-09-12T18:32:34","modified_gmt":"2025-09-12T16:32:34","slug":"strategie-biznesowe","status":"publish","type":"page","link":"https:\/\/biotech-strategy.com\/en\/strategie-biznesowe\/","title":{"rendered":"Strategie biznesowe"},"content":{"rendered":"<p>Dzi\u0119ki \u015bcis\u0142ej wsp\u00f3\u0142pracy z naszymi partnerami biznesowymi, BioTech Strategy \u015bwiadczy r\u00f3wnie\u017c us\u0142ugi doradcze oraz przygotowania&nbsp;<mark style=\"background-color:rgba(0, 0, 0, 0)\" class=\"has-inline-color has-primary-color\">Strategii Biznesowych dla firm<\/mark>.<\/p>\n\n\n\n<p>Opracowanie strategii biznesowej dla Twojej firmy pozwala wyznaczy\u0107 jasny kierunek dzia\u0142ania. Wyznaczone cele i priorytety pozwalaj\u0105 unikn\u0105\u0107 rozproszenia wysi\u0142k\u00f3w<br>i znacznie u\u0142atwiaj\u0105 koncentracj\u0119 na kluczowych obszarach przynosz\u0105cych najwi\u0119ksz\u0105 efektywno\u015b\u0107. Dobrze opracowana Strategia Biznesowa pozwala przynie\u015b\u0107&nbsp;<mark style=\"background-color:rgba(0, 0, 0, 0)\" class=\"has-inline-color has-primary-color\">szereg korzy\u015bci<\/mark>, w\u015br\u00f3d kt\u00f3rych mo\u017cna wymieni\u0107 m.in:<\/p>\n\n\n\n<p><\/p>\n\n\n\n<ul class=\"wp-block-list\">\n<li>Automatyzacja i redukcja koszt\u00f3w<\/li>\n\n\n\n<li>Poprawa efektywno\u015bci operacyjnej<\/li>\n\n\n\n<li>Wzrost konkurencyjno\u015bci firmy<\/li>\n\n\n\n<li>Lepsze wykorzystanie zasob\u00f3w<\/li>\n\n\n\n<li>Zwi\u0119kszenie satysfakcji klient\u00f3w<\/li>\n\n\n\n<li>Identyfikacja i minimalizacja ryzyka zwi\u0105zanego z prowadzeniem biznesu<\/li>\n\n\n\n<li>Elastyczno\u015b\u0107 na zmiany w otoczeniu biznesowym i adaptacja do nowych warunk\u00f3w<\/li>\n<\/ul>\n\n\n\n<p class=\"has-text-align-center\">Dzi\u0119ki odpowiedniej strategii, firma mo\u017ce budowa\u0107&nbsp;<br><mark style=\"background-color:rgba(0, 0, 0, 0)\" class=\"has-inline-color has-primary-color\">siln\u0105 pozycj\u0119 na rynku i rozpoznawaln\u0105 mark\u0119<\/mark>.<\/p>\n\n\n\n<div class=\"wp-block-buttons is-content-justification-center is-layout-flex wp-container-core-buttons-is-layout-a89b3969 wp-block-buttons-is-layout-flex\">\n<div class=\"wp-block-button\"><a class=\"wp-block-button__link wp-element-button\" href=\"https:\/\/biotech-strategy.com\/en\/strategie-biznesowe-zloz-zapytanie-ofertowe\/\">Zam\u00f3w bezp\u0142atn\u0105 konsultacj\u0119 w sprawie<br><strong>Strategii Biznesowych dla firm<\/strong><\/a><\/div>\n<\/div>\n\n\n\n<p><\/p>","protected":false},"excerpt":{"rendered":"<p>Dzi\u0119ki \u015bcis\u0142ej wsp\u00f3\u0142pracy z naszymi partnerami biznesowymi, BioTech Strategy \u015bwiadczy r\u00f3wnie\u017c us\u0142ugi doradcze oraz przygotowania&nbsp;Strategii Biznesowych dla firm. Opracowanie strategii biznesowej dla Twojej firmy pozwala wyznaczy\u0107 jasny kierunek dzia\u0142ania. Wyznaczone cele i priorytety pozwalaj\u0105 unikn\u0105\u0107 rozproszenia wysi\u0142k\u00f3wi znacznie u\u0142atwiaj\u0105 koncentracj\u0119 na kluczowych obszarach przynosz\u0105cych najwi\u0119ksz\u0105 efektywno\u015b\u0107. Dobrze opracowana Strategia Biznesowa pozwala przynie\u015b\u0107&nbsp;szereg korzy\u015bci, w\u015br\u00f3d kt\u00f3rych [&hellip;]<\/p>\n","protected":false},"author":1,"featured_media":0,"parent":0,"menu_order":0,"comment_status":"closed","ping_status":"closed","template":"","meta":{"footnotes":""},"class_list":["post-331","page","type-page","status-publish","hentry"],"_links":{"self":[{"href":"https:\/\/biotech-strategy.com\/en\/wp-json\/wp\/v2\/pages\/331","targetHints":{"allow":["GET"]}}],"collection":[{"href":"https:\/\/biotech-strategy.com\/en\/wp-json\/wp\/v2\/pages"}],"about":[{"href":"https:\/\/biotech-strategy.com\/en\/wp-json\/wp\/v2\/types\/page"}],"author":[{"embeddable":true,"href":"https:\/\/biotech-strategy.com\/en\/wp-json\/wp\/v2\/users\/1"}],"replies":[{"embeddable":true,"href":"https:\/\/biotech-strategy.com\/en\/wp-json\/wp\/v2\/comments?post=331"}],"version-history":[{"count":5,"href":"https:\/\/biotech-strategy.com\/en\/wp-json\/wp\/v2\/pages\/331\/revisions"}],"predecessor-version":[{"id":538,"href":"https:\/\/biotech-strategy.com\/en\/wp-json\/wp\/v2\/pages\/331\/revisions\/538"}],"wp:attachment":[{"href":"https:\/\/biotech-strategy.com\/en\/wp-json\/wp\/v2\/media?parent=331"}],"curies":[{"name":"wp","href":"https:\/\/api.w.org\/{rel}","templated":true}]}}