{"id":326,"date":"2025-08-23T23:57:18","date_gmt":"2025-08-23T21:57:18","guid":{"rendered":"https:\/\/biotech-strategy.com\/?page_id=326"},"modified":"2025-09-12T18:40:50","modified_gmt":"2025-09-12T16:40:50","slug":"plany-operacyjne-i-taktyczne","status":"publish","type":"page","link":"https:\/\/biotech-strategy.com\/en\/plany-operacyjne-i-taktyczne\/","title":{"rendered":"Plany operacyjne i taktyczne"},"content":{"rendered":"<p>Strategia, jako dokument I rz\u0119du, powinna uwzgl\u0119dnia\u0107 odnosz\u0105ce si\u0119 do niej plany operacyjne (dokument II rz\u0119du), kt\u00f3re w spos\u00f3b bardziej szczeg\u00f3\u0142owy i zdecydowanie bardziej praktyczny stanowi\u0105 odniesienie dla plan\u00f3w taktycznych. Plany taktyczne (dokumenty III rz\u0119du), powinny by\u0107 z kolei opracowywane na podstawie planu operacyjnego (dokument II rz\u0119du).<\/p>\n\n\n\n<p><mark style=\"background-color:rgba(0, 0, 0, 0)\" class=\"has-inline-color has-primary-color\">BioTech Strategy oferuje pe\u0142ne wsparcie<\/mark>&nbsp;w zakresie przygotowania dokument\u00f3w planistycznych (strategie oraz plany operacyjne) dla podmiot\u00f3w prywatnych oraz organizacji publicznych oraz pozarz\u0105dowych.<\/p>\n\n\n\n<p><strong>Oferowane wsparcie obejmuje m.in.:<\/strong><\/p>\n\n\n\n<ul class=\"wp-block-list\">\n<li>Przygotowanie diagnozy dostosowanej do rodzaju oraz celu dokumentu planistycznego.<\/li>\n\n\n\n<li>Analizy geoprzestrzenne przy wykorzystaniu narz\u0119dzi GIS.<\/li>\n\n\n\n<li>Analizy ilo\u015bciowe i jako\u015bciowe.<\/li>\n\n\n\n<li>Opracowanie metod redukcji s\u0142abych punkt\u00f3w przedsi\u0119wzi\u0119cia i\/lub podejmowanych dzia\u0142a\u0144.<\/li>\n\n\n\n<li>Opracowanie realnych kierunk\u00f3w adaptacji i rozwoju.<\/li>\n\n\n\n<li>Analizy optymalnego wykorzystania zasob\u00f3w.<\/li>\n\n\n\n<li>Opracowanie plan\u00f3w redukcji ryzyka i konflikt\u00f3w.<\/li>\n\n\n\n<li>Przygotowanie Strategii.<\/li>\n\n\n\n<li>Przyj\u0119cie sp\u00f3jno\u015bci dzia\u0142a\u0144 i komunikacji.<\/li>\n\n\n\n<li>Zalecenia dla realizacji Plan\u00f3w Operacyjnych.<\/li>\n\n\n\n<li>Przygotowanie Plan\u00f3w Operacyjnych dla jednostek wchodz\u0105cych w sk\u0142ad organizacji, kt\u00f3re przyj\u0119\u0142y wypracowan\u0105 Strategi\u0119 dzia\u0142ania.<\/li>\n\n\n\n<li>Przygotowanie Planu Zarz\u0105dzania Kryzysowego.<\/li>\n<\/ul>\n\n\n\n<p>Jasna strategia i jej konsekwentna realizacja buduj\u0105&nbsp;<mark style=\"background-color:rgba(0, 0, 0, 0)\" class=\"has-inline-color has-primary-color\">zaufanie w\u015br\u00f3d obywateli<\/mark>,&nbsp;<mark style=\"background-color:rgba(0, 0, 0, 0)\" class=\"has-inline-color has-primary-color\">partner\u00f3w<\/mark>&nbsp;i innych&nbsp;<mark style=\"background-color:rgba(0, 0, 0, 0)\" class=\"has-inline-color has-primary-color\">interesariuszy<\/mark>.<\/p>\n\n\n\n<div class=\"wp-block-buttons is-layout-flex wp-block-buttons-is-layout-flex\">\n<div class=\"wp-block-button\"><a class=\"wp-block-button__link wp-element-button\" href=\"https:\/\/biotech-strategy.com\/en\/plany-operacyjne-zamow-bezplatna-konsultacje\/\">Zam\u00f3w bezp\u0142atn\u0105 konsultacj\u0119 dla<br><strong>podmiot\u00f3w prywatnych<\/strong><\/a><\/div>\n\n\n\n<div class=\"wp-block-button\"><a class=\"wp-block-button__link wp-element-button\" href=\"https:\/\/biotech-strategy.com\/en\/plany-operacyjne-zamow-bezplatna-konsultacje\/\">Zam\u00f3w bezp\u0142atn\u0105 konsultacj\u0119 dla<br><strong>organizacji publicznych<\/strong><\/a><\/div>\n<\/div>\n\n\n\n<p><\/p>\n\n\n\n<p><\/p>","protected":false},"excerpt":{"rendered":"<p>Strategia, jako dokument I rz\u0119du, powinna uwzgl\u0119dnia\u0107 odnosz\u0105ce si\u0119 do niej plany operacyjne (dokument II rz\u0119du), kt\u00f3re w spos\u00f3b bardziej szczeg\u00f3\u0142owy i zdecydowanie bardziej praktyczny stanowi\u0105 odniesienie dla plan\u00f3w taktycznych. Plany taktyczne (dokumenty III rz\u0119du), powinny by\u0107 z kolei opracowywane na podstawie planu operacyjnego (dokument II rz\u0119du). BioTech Strategy oferuje pe\u0142ne wsparcie&nbsp;w zakresie przygotowania dokument\u00f3w [&hellip;]<\/p>\n","protected":false},"author":1,"featured_media":0,"parent":0,"menu_order":0,"comment_status":"closed","ping_status":"closed","template":"","meta":{"footnotes":""},"class_list":["post-326","page","type-page","status-publish","hentry"],"_links":{"self":[{"href":"https:\/\/biotech-strategy.com\/en\/wp-json\/wp\/v2\/pages\/326","targetHints":{"allow":["GET"]}}],"collection":[{"href":"https:\/\/biotech-strategy.com\/en\/wp-json\/wp\/v2\/pages"}],"about":[{"href":"https:\/\/biotech-strategy.com\/en\/wp-json\/wp\/v2\/types\/page"}],"author":[{"embeddable":true,"href":"https:\/\/biotech-strategy.com\/en\/wp-json\/wp\/v2\/users\/1"}],"replies":[{"embeddable":true,"href":"https:\/\/biotech-strategy.com\/en\/wp-json\/wp\/v2\/comments?post=326"}],"version-history":[{"count":2,"href":"https:\/\/biotech-strategy.com\/en\/wp-json\/wp\/v2\/pages\/326\/revisions"}],"predecessor-version":[{"id":544,"href":"https:\/\/biotech-strategy.com\/en\/wp-json\/wp\/v2\/pages\/326\/revisions\/544"}],"wp:attachment":[{"href":"https:\/\/biotech-strategy.com\/en\/wp-json\/wp\/v2\/media?parent=326"}],"curies":[{"name":"wp","href":"https:\/\/api.w.org\/{rel}","templated":true}]}}