{"id":319,"date":"2025-08-24T00:00:34","date_gmt":"2025-08-23T22:00:34","guid":{"rendered":"https:\/\/biotech-strategy.com\/?page_id=319"},"modified":"2025-09-12T17:59:10","modified_gmt":"2025-09-12T15:59:10","slug":"strategie-publiczne","status":"publish","type":"page","link":"https:\/\/biotech-strategy.com\/en\/strategie-publiczne\/","title":{"rendered":"Strategie publiczne"},"content":{"rendered":"<h2 class=\"wp-block-heading\">Podstawy dobrej Strategii<\/h2>\n\n\n\n<p>Dobrze opracowana strategia, powinna by\u0107 poprzedzona <mark style=\"background-color:rgba(0, 0, 0, 0)\" class=\"has-inline-color has-primary-color\">rzeteln\u0105 diagnoz\u0105<\/mark> stanu wyj\u015bciowego, kt\u00f3ra w zale\u017cno\u015bci od wielko\u015bci organizacji (lub w przypadku strategii dla jej cz\u0119\u015bci -jej poziomu w organizacji) powinna zawiera\u0107 mo\u017cliwie jak najbardziej szczeg\u00f3\u0142ow\u0105 analiz\u0119 danych. Diagnoza nie tylko powinna sprawdzi\u0107 stan wyj\u015bciowy, ale r\u00f3wnie\u017c powinna wskazywa\u0107 na s\u0142abe punkty organizacji oraz tzw. \u201enajs\u0142absze ogniwo\u201d.<\/p>\n\n\n\n<p>Pierwszym i&nbsp;<mark style=\"background-color:rgba(0, 0, 0, 0)\" class=\"has-inline-color has-primary-color\">najwa\u017cniejszym celem strategii<\/mark>&nbsp;powinno by\u0107 mo\u017cliwie jak najszybsze <mark style=\"background-color:rgba(0, 0, 0, 0)\" class=\"has-inline-color has-primary-color\">zniwelowanie najs\u0142abszego ogniwa<\/mark> oraz wszystkich s\u0142abych punkt\u00f3w organizacji, poprzez ich napraw\u0119. Bywa, \u017ce zdiagnozowane s\u0142abe punkty organizacji s\u0105 tak du\u017ce, \u017ce ich naprawa mo\u017ce poch\u0142on\u0105\u0107 znaczne zasoby oraz czas na jaki jest przygotowywana ca\u0142a strategia.<\/p>\n\n\n\n<p>Zaleca si\u0119 (zale\u017cnie od rodzaju organizacji) mo\u017cliwie jak najd\u0142u\u017cszy czas obowi\u0105zywania strategii z uwzgl\u0119dnieniem jej cyklicznej rewizji, celem weryfikacji jej wykonywalno\u015bci oraz realno\u015bci jej za\u0142o\u017ce\u0144.<\/p>\n\n\n\n<div class=\"wp-block-buttons is-content-justification-center is-layout-flex wp-container-core-buttons-is-layout-a89b3969 wp-block-buttons-is-layout-flex\">\n<div class=\"wp-block-button\"><a class=\"wp-block-button__link wp-element-button\" href=\"https:\/\/biotech-strategy.com\/en\/strategie-zamow-bezplatna-konsultacje\/\">Zam\u00f3w bezp\u0142atn\u0105 konsultacj\u0119 dla<br><strong>podmiot\u00f3w publicznych<\/strong><\/a><\/div>\n<\/div>\n\n\n\n<p><\/p>","protected":false},"excerpt":{"rendered":"<p>Podstawy dobrej Strategii Dobrze opracowana strategia, powinna by\u0107 poprzedzona rzeteln\u0105 diagnoz\u0105 stanu wyj\u015bciowego, kt\u00f3ra w zale\u017cno\u015bci od wielko\u015bci organizacji (lub w przypadku strategii dla jej cz\u0119\u015bci -jej poziomu w organizacji) powinna zawiera\u0107 mo\u017cliwie jak najbardziej szczeg\u00f3\u0142ow\u0105 analiz\u0119 danych. Diagnoza nie tylko powinna sprawdzi\u0107 stan wyj\u015bciowy, ale r\u00f3wnie\u017c powinna wskazywa\u0107 na s\u0142abe punkty organizacji oraz tzw. [&hellip;]<\/p>\n","protected":false},"author":1,"featured_media":0,"parent":0,"menu_order":0,"comment_status":"closed","ping_status":"closed","template":"","meta":{"footnotes":""},"class_list":["post-319","page","type-page","status-publish","hentry"],"_links":{"self":[{"href":"https:\/\/biotech-strategy.com\/en\/wp-json\/wp\/v2\/pages\/319","targetHints":{"allow":["GET"]}}],"collection":[{"href":"https:\/\/biotech-strategy.com\/en\/wp-json\/wp\/v2\/pages"}],"about":[{"href":"https:\/\/biotech-strategy.com\/en\/wp-json\/wp\/v2\/types\/page"}],"author":[{"embeddable":true,"href":"https:\/\/biotech-strategy.com\/en\/wp-json\/wp\/v2\/users\/1"}],"replies":[{"embeddable":true,"href":"https:\/\/biotech-strategy.com\/en\/wp-json\/wp\/v2\/comments?post=319"}],"version-history":[{"count":6,"href":"https:\/\/biotech-strategy.com\/en\/wp-json\/wp\/v2\/pages\/319\/revisions"}],"predecessor-version":[{"id":525,"href":"https:\/\/biotech-strategy.com\/en\/wp-json\/wp\/v2\/pages\/319\/revisions\/525"}],"wp:attachment":[{"href":"https:\/\/biotech-strategy.com\/en\/wp-json\/wp\/v2\/media?parent=319"}],"curies":[{"name":"wp","href":"https:\/\/api.w.org\/{rel}","templated":true}]}}