{"id":307,"date":"2025-08-23T23:15:58","date_gmt":"2025-08-23T21:15:58","guid":{"rendered":"https:\/\/biotech-strategy.com\/?page_id=307"},"modified":"2025-09-12T17:58:47","modified_gmt":"2025-09-12T15:58:47","slug":"strategie","status":"publish","type":"page","link":"https:\/\/biotech-strategy.com\/en\/strategie\/","title":{"rendered":"Strategie"},"content":{"rendered":"<p><\/p>\n\n\n\n<div class=\"wp-block-group alignfull constructobuild-section-ff727120-f9f4-11ed-8868-91c866c656bb has-background-secondary-background-color has-background is-layout-constrained wp-container-core-group-is-layout-4600d58e wp-block-group-is-layout-constrained\" style=\"padding-top:var(--wp--preset--spacing--50);padding-right:var(--wp--preset--spacing--40);padding-bottom:0;padding-left:var(--wp--preset--spacing--40)\">\n<div class=\"wp-block-columns alignwide are-vertically-aligned-center constructobuild-section-cf44bf70-dcf9-11ed-b405-5314f98b79fc is-layout-flex wp-container-core-columns-is-layout-87beb0d0 wp-block-columns-is-layout-flex\">\n<div class=\"wp-block-column is-vertically-aligned-center constructobuild-section-cf424e70-dcf9-11ed-b405-5314f98b79fc is-layout-flow wp-block-column-is-layout-flow\">\n<div class=\"wp-block-group constructobuild-section-cf41b230-dcf9-11ed-b405-5314f98b79fc is-layout-flow wp-container-core-group-is-layout-fe0e2ea3 wp-block-group-is-layout-flow\">\n<div class=\"wp-block-group constructobuild-section-9bfa8420-37a2-11ee-b7f8-8f7d8708bd7c is-horizontal is-nowrap is-layout-flex wp-container-core-group-is-layout-d77014c3 wp-block-group-is-layout-flex\" style=\"border-style:none;border-width:0px;margin-top:0;margin-bottom:0;padding-bottom:0\">\n<hr class=\"wp-block-separator has-text-color has-primary-color has-alpha-channel-opacity has-primary-background-color has-background is-style-default wp-container-content-d613cd94\"\/>\n\n\n\n<div class=\"wp-block-group animated animated-fadeInUp constructobuild-section-9bf3f470-37a2-11ee-b7f8-8f7d8708bd7c is-layout-constrained wp-container-core-group-is-layout-b222482d wp-block-group-is-layout-constrained\" style=\"border-radius:0px;border-top-style:none;border-top-width:0px;border-right-style:none;border-right-width:0px;border-bottom-color:var(--wp--preset--color--foreground);border-bottom-style:none;border-bottom-width:0px;border-left-style:none;border-left-width:0px;margin-bottom:0;padding-top:0;padding-right:0;padding-bottom:0;padding-left:0\">\n<p class=\"has-text-align-left animated animated-fadeInUp constructobuild-section-9bf10e40-37a2-11ee-b7f8-8f7d8708bd7c has-foreground-color has-text-color\" style=\"margin-top:0;margin-bottom:0;font-size:15px;letter-spacing:0px\"><strong> Consulting, planowanie i przygotowanie dokumentacji<\/strong><\/p>\n<\/div>\n<\/div>\n\n\n\n<h2 class=\"wp-block-heading has-text-align-left animated animated-fadeInUp constructobuild-section-cf413d00-dcf9-11ed-b405-5314f98b79fc has-slider-title-font-size\" style=\"margin-bottom:0px;line-height:1.7;text-transform:capitalize\"><\/h2>\n<\/div>\n<\/div>\n\n\n\n<div class=\"wp-block-column is-vertically-aligned-center constructobuild-section-cf442330-dcf9-11ed-b405-5314f98b79fc is-layout-flow wp-block-column-is-layout-flow\" style=\"flex-basis:30%\">\n<div class=\"wp-block-buttons animated animated-fadeInUp constructobuild-section-ff552520-f9f4-11ed-8868-91c866c656bb is-content-justification-right is-layout-flex wp-container-core-buttons-is-layout-fc2b73da wp-block-buttons-is-layout-flex\" style=\"margin-top:0px;margin-bottom:0px\">\n<div class=\"wp-block-button is-style-outline constructobuild-section-ff5461d0-f9f4-11ed-8868-91c866c656bb is-style-outline--1\"><a class=\"wp-block-button__link wp-element-button\" href=\"https:\/\/biotech-strategy.com\/en\/strategie-zamow-bezplatna-konsultacje\/\">Zam\u00f3w bezp\u0142atn\u0105 konsultacj\u0119<\/a><\/div>\n<\/div>\n<\/div>\n<\/div>\n\n\n\n<div class=\"wp-block-columns alignwide constructobuild-section-ff71add0-f9f4-11ed-8868-91c866c656bb is-layout-flex wp-container-core-columns-is-layout-87beb0d0 wp-block-columns-is-layout-flex\">\n<div class=\"wp-block-column constructobuild-section-ff6096d0-f9f4-11ed-8868-91c866c656bb has-background is-layout-flow wp-block-column-is-layout-flow\" style=\"background-color:#ffb25900;padding-top:0;padding-right:0;padding-bottom:0;padding-left:0\">\n<div class=\"wp-block-group animated animated-fadeInUp constructobuild-section-ff5fd380-f9f4-11ed-8868-91c866c656bb is-layout-constrained wp-container-core-group-is-layout-254f1302 wp-block-group-is-layout-constrained\" style=\"padding-top:0;padding-right:0;padding-bottom:0;padding-left:0\">\n<div class=\"wp-block-cover has-custom-content-position is-position-bottom-center image-zoom-hover constructobuild-section-ff5f1030-f9f4-11ed-8868-91c866c656bb\" style=\"border-radius:10px;padding-top:var(--wp--preset--spacing--30);padding-right:var(--wp--preset--spacing--30);padding-bottom:var(--wp--preset--spacing--30);padding-left:var(--wp--preset--spacing--30);min-height:400px;aspect-ratio:unset;\"><img loading=\"lazy\" decoding=\"async\" width=\"1024\" height=\"640\" class=\"wp-block-cover__image-background wp-image-311 size-large\" alt=\"\" src=\"https:\/\/biotech-strategy.com\/wp-content\/uploads\/2025\/08\/Plan-2-1024x640.jpg\" data-object-fit=\"cover\" srcset=\"https:\/\/biotech-strategy.com\/wp-content\/uploads\/2025\/08\/Plan-2-1024x640.jpg 1024w, https:\/\/biotech-strategy.com\/wp-content\/uploads\/2025\/08\/Plan-2-300x188.jpg 300w, https:\/\/biotech-strategy.com\/wp-content\/uploads\/2025\/08\/Plan-2-768x480.jpg 768w, https:\/\/biotech-strategy.com\/wp-content\/uploads\/2025\/08\/Plan-2-1536x960.jpg 1536w, https:\/\/biotech-strategy.com\/wp-content\/uploads\/2025\/08\/Plan-2-2048x1280.jpg 2048w, https:\/\/biotech-strategy.com\/wp-content\/uploads\/2025\/08\/Plan-2-18x12.jpg 18w\" sizes=\"auto, (max-width: 1024px) 100vw, 1024px\" \/><span aria-hidden=\"true\" class=\"wp-block-cover__background has-background-dim-80 has-background-dim wp-block-cover__gradient-background has-background-gradient\" style=\"background:linear-gradient(0deg,rgb(5,5,5) 0%,rgba(10,10,10,0.01) 100%)\"><\/span><div class=\"wp-block-cover__inner-container is-layout-flow wp-block-cover-is-layout-flow\">\n<div class=\"wp-block-group constructobuild-section-ff5d1460-f9f4-11ed-8868-91c866c656bb is-layout-flow wp-container-core-group-is-layout-fe0e2ea3 wp-block-group-is-layout-flow\">\n<p class=\"has-primary-color has-text-color has-link-color wp-elements-9ef14dba24f69535aa114927f07394a5\" style=\"font-style:normal;font-weight:600\"><em><a href=\"https:\/\/biotech-strategy.com\/en\/strategie-publiczne\/\" data-type=\"page\" data-id=\"319\"> Strategie<\/a><\/em><\/p>\n\n\n\n<h3 class=\"wp-block-heading has-text-align-left constructobuild-section-ff5c2a00-f9f4-11ed-8868-91c866c656bb has-white-color has-text-color has-link-color wp-elements-2461e4ae54637e0d36208d4d2a06ddee\" style=\"font-size:1.5rem;font-style:normal;font-weight:600;text-transform:capitalize\"><a href=\"https:\/\/biotech-strategy.com\/en\/strategie-publiczne\/\" data-type=\"page\" data-id=\"319\"> Sektor publiczny<\/a><\/h3>\n<\/div>\n<\/div><\/div>\n<\/div>\n<\/div>\n\n\n\n<div class=\"wp-block-column constructobuild-section-ff6b4530-f9f4-11ed-8868-91c866c656bb has-background is-layout-flow wp-block-column-is-layout-flow\" style=\"background-color:#ffb25900;padding-top:0;padding-right:0;padding-bottom:0;padding-left:0\">\n<div class=\"wp-block-group animated animated-fadeInUp constructobuild-section-ff6a81e0-f9f4-11ed-8868-91c866c656bb is-layout-constrained wp-container-core-group-is-layout-254f1302 wp-block-group-is-layout-constrained\" style=\"padding-top:0;padding-right:0;padding-bottom:0;padding-left:0\">\n<div class=\"wp-block-cover has-custom-content-position is-position-bottom-center image-zoom-hover constructobuild-section-ff69be90-f9f4-11ed-8868-91c866c656bb\" style=\"border-radius:10px;padding-top:var(--wp--preset--spacing--30);padding-right:var(--wp--preset--spacing--30);padding-bottom:var(--wp--preset--spacing--30);padding-left:var(--wp--preset--spacing--30);min-height:400px;aspect-ratio:unset;\"><img loading=\"lazy\" decoding=\"async\" width=\"1024\" height=\"768\" class=\"wp-block-cover__image-background wp-image-309 size-large\" alt=\"\" src=\"http:\/\/biotech-strategy.com\/wp-content\/uploads\/2025\/08\/Strategia-1-1024x768.jpg\" data-object-fit=\"cover\" srcset=\"https:\/\/biotech-strategy.com\/wp-content\/uploads\/2025\/08\/Strategia-1-1024x768.jpg 1024w, https:\/\/biotech-strategy.com\/wp-content\/uploads\/2025\/08\/Strategia-1-300x225.jpg 300w, https:\/\/biotech-strategy.com\/wp-content\/uploads\/2025\/08\/Strategia-1-768x576.jpg 768w, https:\/\/biotech-strategy.com\/wp-content\/uploads\/2025\/08\/Strategia-1-1536x1152.jpg 1536w, https:\/\/biotech-strategy.com\/wp-content\/uploads\/2025\/08\/Strategia-1-2048x1536.jpg 2048w, https:\/\/biotech-strategy.com\/wp-content\/uploads\/2025\/08\/Strategia-1-16x12.jpg 16w\" sizes=\"auto, (max-width: 1024px) 100vw, 1024px\" \/><span aria-hidden=\"true\" class=\"wp-block-cover__background has-background-dim-80 has-background-dim wp-block-cover__gradient-background has-background-gradient\" style=\"background:linear-gradient(0deg,rgb(2,2,2) 0%,rgba(2,2,2,0.03) 100%)\"><\/span><div class=\"wp-block-cover__inner-container is-layout-flow wp-block-cover-is-layout-flow\">\n<div class=\"wp-block-group constructobuild-section-ff67c2c0-f9f4-11ed-8868-91c866c656bb is-layout-flow wp-container-core-group-is-layout-fe0e2ea3 wp-block-group-is-layout-flow\">\n<p class=\"has-primary-color has-text-color has-link-color wp-elements-2bd7f173f5c11d484996dcef117089d8\" style=\"font-style:normal;font-weight:600\"><em> <a href=\"https:\/\/biotech-strategy.com\/en\/plany-operacyjne-i-taktyczne\/\" data-type=\"page\" data-id=\"326\">Plany Operacyjne i Plany Taktyczne<\/a><\/em><\/p>\n\n\n\n<h3 class=\"wp-block-heading has-text-align-left constructobuild-section-ff66d860-f9f4-11ed-8868-91c866c656bb has-white-color has-text-color has-link-color wp-elements-56ea5752f3966ec9dc91fdaebdf08b4d\" style=\"font-size:1.5rem;font-style:normal;font-weight:600;text-transform:capitalize\"><a href=\"#\"> <\/a><a href=\"https:\/\/biotech-strategy.com\/en\/plany-operacyjne-i-taktyczne\/\" data-type=\"page\" data-id=\"326\">Sektor Publiczny i Prywatny<\/a><\/h3>\n<\/div>\n<\/div><\/div>\n<\/div>\n<\/div>\n\n\n\n<div class=\"wp-block-column constructobuild-section-ff70ea80-f9f4-11ed-8868-91c866c656bb has-background is-layout-flow wp-block-column-is-layout-flow\" style=\"background-color:#ffb25900;padding-top:0;padding-right:0;padding-bottom:0;padding-left:0\">\n<div class=\"wp-block-group animated animated-fadeInUp constructobuild-section-ff700020-f9f4-11ed-8868-91c866c656bb is-layout-constrained wp-container-core-group-is-layout-254f1302 wp-block-group-is-layout-constrained\" style=\"padding-top:0;padding-right:0;padding-bottom:0;padding-left:0\">\n<div class=\"wp-block-cover has-custom-content-position is-position-bottom-center image-zoom-hover constructobuild-section-ff6f15c0-f9f4-11ed-8868-91c866c656bb\" style=\"border-radius:10px;padding-top:var(--wp--preset--spacing--30);padding-right:var(--wp--preset--spacing--30);padding-bottom:var(--wp--preset--spacing--30);padding-left:var(--wp--preset--spacing--30);min-height:400px;aspect-ratio:unset;\"><img loading=\"lazy\" decoding=\"async\" width=\"1024\" height=\"683\" class=\"wp-block-cover__image-background wp-image-312 size-large\" alt=\"\" src=\"https:\/\/biotech-strategy.com\/wp-content\/uploads\/2025\/08\/Strategia-biznesowa-1024x683.jpg\" data-object-fit=\"cover\" srcset=\"https:\/\/biotech-strategy.com\/wp-content\/uploads\/2025\/08\/Strategia-biznesowa-1024x683.jpg 1024w, https:\/\/biotech-strategy.com\/wp-content\/uploads\/2025\/08\/Strategia-biznesowa-300x200.jpg 300w, https:\/\/biotech-strategy.com\/wp-content\/uploads\/2025\/08\/Strategia-biznesowa-768x512.jpg 768w, https:\/\/biotech-strategy.com\/wp-content\/uploads\/2025\/08\/Strategia-biznesowa-1536x1024.jpg 1536w, https:\/\/biotech-strategy.com\/wp-content\/uploads\/2025\/08\/Strategia-biznesowa-2048x1365.jpg 2048w, https:\/\/biotech-strategy.com\/wp-content\/uploads\/2025\/08\/Strategia-biznesowa-18x12.jpg 18w\" sizes=\"auto, (max-width: 1024px) 100vw, 1024px\" \/><span aria-hidden=\"true\" class=\"wp-block-cover__background has-background-dim-90 has-background-dim wp-block-cover__gradient-background has-background-gradient\" style=\"background:linear-gradient(0deg,rgba(0,0,0,0.99) 0%,rgba(5,5,5,0.01) 100%)\"><\/span><div class=\"wp-block-cover__inner-container is-layout-flow wp-block-cover-is-layout-flow\">\n<div class=\"wp-block-group constructobuild-section-ff6cf2e0-f9f4-11ed-8868-91c866c656bb is-layout-flow wp-container-core-group-is-layout-fe0e2ea3 wp-block-group-is-layout-flow\">\n<p class=\"has-primary-color has-text-color has-link-color wp-elements-080ab48d635fe0c6d968744a2d8c9f0b\" style=\"font-style:normal;font-weight:600\"><em><a href=\"https:\/\/biotech-strategy.com\/en\/strategie-biznesowe\/\" data-type=\"page\" data-id=\"331\"> Strategie Biznesowe dla firm<\/a><\/em><\/p>\n\n\n\n<h3 class=\"wp-block-heading has-text-align-left constructobuild-section-ff6c2f90-f9f4-11ed-8868-91c866c656bb has-white-color has-text-color has-link-color wp-elements-73bdfcbdc744c8576ffef798ea011633\" style=\"font-size:1.5rem;font-style:normal;font-weight:600;text-transform:capitalize\"><a href=\"#\"> <\/a><a href=\"https:\/\/biotech-strategy.com\/en\/strategie-biznesowe\/\" data-type=\"page\" data-id=\"331\">Sektor Prywatny<\/a><\/h3>\n<\/div>\n<\/div><\/div>\n<\/div>\n<\/div>\n<\/div>\n<\/div>\n\n\n\n<p class=\"has-text-align-center\">Opieraj\u0105c si\u0119 na silnych, merytorycznych fundamentach, <mark style=\"background-color:rgba(0, 0, 0, 0)\" class=\"has-inline-color has-primary-color\">BioTech Strategy<\/mark> przygotowuje&nbsp;<mark style=\"background-color:rgba(0, 0, 0, 0)\" class=\"has-inline-color has-primary-color\">profesjonale Strategie<\/mark>&nbsp;oraz odnosz\u0105ce si\u0119 do nich <mark style=\"background-color:rgba(0, 0, 0, 0)\" class=\"has-inline-color has-primary-color\">Plany Operacyjnych<\/mark> oraz wspiera przygotowywanie <mark style=\"background-color:rgba(0, 0, 0, 0)\" class=\"has-inline-color has-primary-color\">Plan\u00f3w Taktycznych<\/mark>.<\/p>\n\n\n\n<p><\/p>","protected":false},"excerpt":{"rendered":"<p>Consulting, planowanie i przygotowanie dokumentacji Opieraj\u0105c si\u0119 na silnych, merytorycznych fundamentach, BioTech Strategy przygotowuje&nbsp;profesjonale Strategie&nbsp;oraz odnosz\u0105ce si\u0119 do nich Plany Operacyjnych oraz wspiera przygotowywanie Plan\u00f3w Taktycznych.<\/p>","protected":false},"author":1,"featured_media":0,"parent":0,"menu_order":0,"comment_status":"closed","ping_status":"closed","template":"","meta":{"footnotes":""},"class_list":["post-307","page","type-page","status-publish","hentry"],"_links":{"self":[{"href":"https:\/\/biotech-strategy.com\/en\/wp-json\/wp\/v2\/pages\/307","targetHints":{"allow":["GET"]}}],"collection":[{"href":"https:\/\/biotech-strategy.com\/en\/wp-json\/wp\/v2\/pages"}],"about":[{"href":"https:\/\/biotech-strategy.com\/en\/wp-json\/wp\/v2\/types\/page"}],"author":[{"embeddable":true,"href":"https:\/\/biotech-strategy.com\/en\/wp-json\/wp\/v2\/users\/1"}],"replies":[{"embeddable":true,"href":"https:\/\/biotech-strategy.com\/en\/wp-json\/wp\/v2\/comments?post=307"}],"version-history":[{"count":14,"href":"https:\/\/biotech-strategy.com\/en\/wp-json\/wp\/v2\/pages\/307\/revisions"}],"predecessor-version":[{"id":524,"href":"https:\/\/biotech-strategy.com\/en\/wp-json\/wp\/v2\/pages\/307\/revisions\/524"}],"wp:attachment":[{"href":"https:\/\/biotech-strategy.com\/en\/wp-json\/wp\/v2\/media?parent=307"}],"curies":[{"name":"wp","href":"https:\/\/api.w.org\/{rel}","templated":true}]}}