{"id":290,"date":"2025-08-23T22:32:45","date_gmt":"2025-08-23T20:32:45","guid":{"rendered":"https:\/\/biotech-strategy.com\/?page_id=290"},"modified":"2025-09-12T20:10:33","modified_gmt":"2025-09-12T18:10:33","slug":"branza-drzewna","status":"publish","type":"page","link":"https:\/\/biotech-strategy.com\/en\/branza-drzewna\/","title":{"rendered":"Bran\u017ca drzewna"},"content":{"rendered":"<div class=\"wp-block-cover alignfull has-custom-content-position is-position-bottom-center\" style=\"padding-top:8vw;padding-right:20px;padding-bottom:8vw;padding-left:20px\"><img loading=\"lazy\" decoding=\"async\" width=\"1024\" height=\"683\" class=\"wp-block-cover__image-background wp-image-292 size-large\" alt=\"\" src=\"https:\/\/biotech-strategy.com\/wp-content\/uploads\/2025\/08\/Obrobka-drewna-photoaidcom-darken-1024x683.jpg\" data-object-fit=\"cover\" srcset=\"https:\/\/biotech-strategy.com\/wp-content\/uploads\/2025\/08\/Obrobka-drewna-photoaidcom-darken-1024x683.jpg 1024w, https:\/\/biotech-strategy.com\/wp-content\/uploads\/2025\/08\/Obrobka-drewna-photoaidcom-darken-300x200.jpg 300w, https:\/\/biotech-strategy.com\/wp-content\/uploads\/2025\/08\/Obrobka-drewna-photoaidcom-darken-768x512.jpg 768w, https:\/\/biotech-strategy.com\/wp-content\/uploads\/2025\/08\/Obrobka-drewna-photoaidcom-darken-1536x1024.jpg 1536w, https:\/\/biotech-strategy.com\/wp-content\/uploads\/2025\/08\/Obrobka-drewna-photoaidcom-darken-2048x1365.jpg 2048w, https:\/\/biotech-strategy.com\/wp-content\/uploads\/2025\/08\/Obrobka-drewna-photoaidcom-darken-18x12.jpg 18w\" sizes=\"auto, (max-width: 1024px) 100vw, 1024px\" \/><span aria-hidden=\"true\" class=\"wp-block-cover__background has-background-dim-0 has-background-dim has-background-gradient\" style=\"background:linear-gradient(90deg,rgb(12,11,11) 32%,rgba(0,0,0,0.34) 61%)\"><\/span><div class=\"wp-block-cover__inner-container is-layout-constrained wp-container-core-cover-is-layout-598561b8 wp-block-cover-is-layout-constrained\">\n<div class=\"wp-block-columns alignwide is-layout-flex wp-container-core-columns-is-layout-28f84493 wp-block-columns-is-layout-flex\">\n<div class=\"wp-block-column is-vertically-aligned-center is-layout-flow wp-block-column-is-layout-flow\">\n<div class=\"wp-block-group alignwide has-background is-vertical is-content-justification-center is-layout-flex wp-container-core-group-is-layout-723387a4 wp-block-group-is-layout-flex\" style=\"border-bottom-style:none;border-bottom-width:0px;background-color:#15151c00;padding-top:45px;padding-right:45px;padding-bottom:60px;padding-left:45px\">\n<h2 class=\"wp-block-heading has-text-align-center animated animated-fadeInUp has-foreground-color has-text-color has-colossal-font-size\" style=\"font-style:normal;font-weight:700;line-height:1.19;text-transform:capitalize\">Bran\u017ca drzewna<\/h2>\n\n\n\n<div class=\"wp-block-group alignwide is-layout-flow wp-container-core-group-is-layout-a77db08e wp-block-group-is-layout-flow\">\n<p class=\"has-text-align-center animated animated-fadeInUp has-foreground-color has-text-color has-link-color wp-elements-35d0b36802603f5ddb72c5c1bb02a378\" id=\"block-ffd2f2b6-a569-45d4-b7b0-b72408e7aa8e\" style=\"font-size:22px\">Z\u0142o\u017cono\u015b\u0107 i dynamika zmian legislacyjnych w prawie UE w zakresie le\u015bnictwa stwarza konieczno\u015b\u0107, <mark style=\"background-color:rgba(0, 0, 0, 0)\" class=\"has-inline-color has-primary-color\"><strong>szybkiej reakcji<\/strong><\/mark> oraz <mark style=\"background-color:rgba(0, 0, 0, 0)\" class=\"has-inline-color has-primary-color\"><strong>szybkiego dostosowania si\u0119 do nowych warunk\u00f3w gospodarczych<\/strong><\/mark>. Maj\u0105c na wzgl\u0119dzie charakterystyk\u0119 sektora drzewnego i zwi\u0105zane z nim <mark style=\"background-color:rgba(0, 0, 0, 0)\" class=\"has-inline-color has-primary-color\"><strong>warunki rynkowe<\/strong><\/mark>, BioTech Strategy \u015bwiadczy us\u0142ugi consultingowe pozwalaj\u0105ce bran\u017cy drzewnej na spe\u0142nianie wymaganych prawem UE norm \u015brodowiskowych. <\/p>\n<\/div>\n\n\n\n<div class=\"wp-block-buttons alignwide animated animated-fadeInUp is-content-justification-left is-layout-flex wp-container-core-buttons-is-layout-90f0857a wp-block-buttons-is-layout-flex\" style=\"margin-top:14px;margin-bottom:0px\">\n<div class=\"wp-block-button is-style-outline is-style-outline--1\"><a class=\"wp-block-button__link has-foreground-color has-primary-background-color has-text-color has-background has-link-color wp-element-button\" href=\"https:\/\/biotech-strategy.com\/en\/konsultacje-dla-branzy-drzewnej\/\" style=\"padding-top:10px;padding-right:35px;padding-bottom:10px;padding-left:35px\">Zam\u00f3w bezp\u0142atn\u0105 konsultacj\u0119<\/a><\/div>\n<\/div>\n<\/div>\n<\/div>\n<\/div>\n<\/div><\/div>\n\n\n\n<p><\/p>","protected":false},"excerpt":{"rendered":"","protected":false},"author":1,"featured_media":0,"parent":0,"menu_order":0,"comment_status":"closed","ping_status":"closed","template":"","meta":{"footnotes":""},"class_list":["post-290","page","type-page","status-publish","hentry"],"_links":{"self":[{"href":"https:\/\/biotech-strategy.com\/en\/wp-json\/wp\/v2\/pages\/290","targetHints":{"allow":["GET"]}}],"collection":[{"href":"https:\/\/biotech-strategy.com\/en\/wp-json\/wp\/v2\/pages"}],"about":[{"href":"https:\/\/biotech-strategy.com\/en\/wp-json\/wp\/v2\/types\/page"}],"author":[{"embeddable":true,"href":"https:\/\/biotech-strategy.com\/en\/wp-json\/wp\/v2\/users\/1"}],"replies":[{"embeddable":true,"href":"https:\/\/biotech-strategy.com\/en\/wp-json\/wp\/v2\/comments?post=290"}],"version-history":[{"count":3,"href":"https:\/\/biotech-strategy.com\/en\/wp-json\/wp\/v2\/pages\/290\/revisions"}],"predecessor-version":[{"id":601,"href":"https:\/\/biotech-strategy.com\/en\/wp-json\/wp\/v2\/pages\/290\/revisions\/601"}],"wp:attachment":[{"href":"https:\/\/biotech-strategy.com\/en\/wp-json\/wp\/v2\/media?parent=290"}],"curies":[{"name":"wp","href":"https:\/\/api.w.org\/{rel}","templated":true}]}}