{"id":287,"date":"2025-08-23T22:12:53","date_gmt":"2025-08-23T20:12:53","guid":{"rendered":"https:\/\/biotech-strategy.com\/?page_id=287"},"modified":"2025-09-12T19:57:40","modified_gmt":"2025-09-12T17:57:40","slug":"dla-lp","status":"publish","type":"page","link":"https:\/\/biotech-strategy.com\/en\/dla-lp\/","title":{"rendered":"Dla Las\u00f3w Pa\u0144stwowych"},"content":{"rendered":"<div class=\"wp-block-cover alignfull has-custom-content-position is-position-bottom-center\" style=\"padding-top:8vw;padding-right:20px;padding-bottom:8vw;padding-left:20px\"><img loading=\"lazy\" decoding=\"async\" width=\"1024\" height=\"683\" class=\"wp-block-cover__image-background wp-image-90 size-large\" alt=\"\" src=\"http:\/\/biotech-strategy.com\/wp-content\/uploads\/2025\/08\/Uprawa-1024x683.jpg\" data-object-fit=\"cover\" srcset=\"https:\/\/biotech-strategy.com\/wp-content\/uploads\/2025\/08\/Uprawa-1024x683.jpg 1024w, https:\/\/biotech-strategy.com\/wp-content\/uploads\/2025\/08\/Uprawa-300x200.jpg 300w, https:\/\/biotech-strategy.com\/wp-content\/uploads\/2025\/08\/Uprawa-768x512.jpg 768w, https:\/\/biotech-strategy.com\/wp-content\/uploads\/2025\/08\/Uprawa-1536x1024.jpg 1536w, https:\/\/biotech-strategy.com\/wp-content\/uploads\/2025\/08\/Uprawa-2048x1365.jpg 2048w, https:\/\/biotech-strategy.com\/wp-content\/uploads\/2025\/08\/Uprawa-18x12.jpg 18w\" sizes=\"auto, (max-width: 1024px) 100vw, 1024px\" \/><span aria-hidden=\"true\" class=\"wp-block-cover__background has-background-dim-0 has-background-dim has-background-gradient\" style=\"background:linear-gradient(90deg,rgb(12,11,11) 32%,rgba(0,0,0,0.34) 61%)\"><\/span><div class=\"wp-block-cover__inner-container is-layout-constrained wp-container-core-cover-is-layout-598561b8 wp-block-cover-is-layout-constrained\">\n<div class=\"wp-block-columns alignwide is-layout-flex wp-container-core-columns-is-layout-28f84493 wp-block-columns-is-layout-flex\">\n<div class=\"wp-block-column is-vertically-aligned-center is-layout-flow wp-block-column-is-layout-flow\">\n<div class=\"wp-block-group alignwide has-background is-vertical is-content-justification-center is-layout-flex wp-container-core-group-is-layout-723387a4 wp-block-group-is-layout-flex\" style=\"border-bottom-style:none;border-bottom-width:0px;background-color:#15151c00;padding-top:45px;padding-right:45px;padding-bottom:60px;padding-left:45px\">\n<h2 class=\"wp-block-heading has-text-align-center animated animated-fadeInUp has-foreground-color has-text-color has-colossal-font-size\" style=\"font-style:normal;font-weight:700;line-height:1.19;text-transform:capitalize\">Dla Las\u00f3w Pa\u0144stwowych<\/h2>\n\n\n\n<div class=\"wp-block-group alignwide is-layout-flow wp-container-core-group-is-layout-a77db08e wp-block-group-is-layout-flow\">\n<p class=\"has-text-align-center animated animated-fadeInUp has-foreground-color has-text-color has-link-color wp-elements-8f79161b48a985b5eaa99cc8af388783\" id=\"block-ffd2f2b6-a569-45d4-b7b0-b72408e7aa8e\" style=\"font-size:22px\">Z\u0142o\u017cono\u015b\u0107 i dynamika zmian legislacyjnych w zakresie le\u015bnictwa stwarza konieczno\u015b\u0107, szybkiej reakcji i dostosowania si\u0119 Pa\u0144stwowego Gospodarstwa Le\u015bnego Las\u00f3w Pa\u0144stwowych. Z uwagi na cz\u0119sty niedob\u00f3r najnowszych rzetelnych analiz, jak i <strong><mark style=\"background-color:rgba(0, 0, 0, 0)\" class=\"has-inline-color has-primary-color\">wyzwanie kadrowe<\/mark><\/strong>, jakim jest konieczno\u015b\u0107 <strong><mark style=\"background-color:rgba(0, 0, 0, 0)\" class=\"has-inline-color has-primary-color\">ci\u0105g\u0142ej aktualizacji szkole\u0144 du\u017cej grupy specjalist\u00f3w<\/mark><\/strong> jest to zadanie znacznie obci\u0105\u017caj\u0105ce tak du\u017c\u0105 organizacj\u0119, jak\u0105 s\u0105 Lasy Pa\u0144stwowe.<\/p>\n\n\n\n<p><\/p>\n\n\n\n<p class=\"has-text-align-center animated animated-fadeInUp has-foreground-color has-text-color has-link-color wp-elements-1dbe9aa38d8dbd44692ae511b2818381\" id=\"block-ffd2f2b6-a569-45d4-b7b0-b72408e7aa8e\" style=\"font-size:22px\"><\/p>\n<\/div>\n\n\n\n<div class=\"wp-block-buttons alignwide animated animated-fadeInUp is-content-justification-left is-layout-flex wp-container-core-buttons-is-layout-90f0857a wp-block-buttons-is-layout-flex\" style=\"margin-top:14px;margin-bottom:0px\">\n<div class=\"wp-block-button is-style-outline is-style-outline--1\"><a class=\"wp-block-button__link has-foreground-color has-primary-background-color has-text-color has-background has-link-color wp-element-button\" href=\"https:\/\/biotech-strategy.com\/en\/zamow-bezplatna-konsultacje-dla-lasow-panstwowych\/\" style=\"padding-top:10px;padding-right:35px;padding-bottom:10px;padding-left:35px\">Zam\u00f3w bezp\u0142atn\u0105 konsultacj\u0119<\/a><\/div>\n<\/div>\n<\/div>\n<\/div>\n<\/div>\n<\/div><\/div>\n\n\n\n<p class=\"has-text-align-center\">Firma BioTech Strategy wychodzi zatem z pomoc\u0105, dzi\u0119ki kt\u00f3rej Lasy Pa\u0144stwowe mog\u0105 <mark style=\"background-color:rgba(0, 0, 0, 0)\" class=\"has-inline-color has-primary-color\">zmniejszy\u0107 obci\u0105\u017cenie administracyjne<\/mark> i <mark style=\"background-color:rgba(0, 0, 0, 0)\" class=\"has-inline-color has-primary-color\">kadrowe<\/mark> oraz znacznie zredukowa\u0107 koszty zwi\u0105zane ze sta\u0142ym aktualizowaniem wiedzy przez du\u017c\u0105 grup\u0119 specjalist\u00f3w na temat dynamicznie zmieniaj\u0105cych si\u0119 wymog\u00f3w unijnych (kt\u00f3rych cz\u0119\u015b\u0107 si\u0119 stosunkowo szybko dezaktualizuje), a jednocze\u015bnie <mark style=\"background-color:rgba(0, 0, 0, 0)\" class=\"has-inline-color has-primary-color\">zadba\u0107 o wizerunek lidera ochrony \u015brodowiska<\/mark> w nowych, ale profesjonalnych kana\u0142ach informacyjnych.<\/p>\n\n\n\n<p><\/p>","protected":false},"excerpt":{"rendered":"<p>Firma BioTech Strategy wychodzi zatem z pomoc\u0105, dzi\u0119ki kt\u00f3rej Lasy Pa\u0144stwowe mog\u0105 zmniejszy\u0107 obci\u0105\u017cenie administracyjne i kadrowe oraz znacznie zredukowa\u0107 koszty zwi\u0105zane ze sta\u0142ym aktualizowaniem wiedzy przez du\u017c\u0105 grup\u0119 specjalist\u00f3w na temat dynamicznie zmieniaj\u0105cych si\u0119 wymog\u00f3w unijnych (kt\u00f3rych cz\u0119\u015b\u0107 si\u0119 stosunkowo szybko dezaktualizuje), a jednocze\u015bnie zadba\u0107 o wizerunek lidera ochrony \u015brodowiska w nowych, ale profesjonalnych [&hellip;]<\/p>\n","protected":false},"author":1,"featured_media":0,"parent":0,"menu_order":0,"comment_status":"closed","ping_status":"closed","template":"","meta":{"footnotes":""},"class_list":["post-287","page","type-page","status-publish","hentry"],"_links":{"self":[{"href":"https:\/\/biotech-strategy.com\/en\/wp-json\/wp\/v2\/pages\/287","targetHints":{"allow":["GET"]}}],"collection":[{"href":"https:\/\/biotech-strategy.com\/en\/wp-json\/wp\/v2\/pages"}],"about":[{"href":"https:\/\/biotech-strategy.com\/en\/wp-json\/wp\/v2\/types\/page"}],"author":[{"embeddable":true,"href":"https:\/\/biotech-strategy.com\/en\/wp-json\/wp\/v2\/users\/1"}],"replies":[{"embeddable":true,"href":"https:\/\/biotech-strategy.com\/en\/wp-json\/wp\/v2\/comments?post=287"}],"version-history":[{"count":4,"href":"https:\/\/biotech-strategy.com\/en\/wp-json\/wp\/v2\/pages\/287\/revisions"}],"predecessor-version":[{"id":595,"href":"https:\/\/biotech-strategy.com\/en\/wp-json\/wp\/v2\/pages\/287\/revisions\/595"}],"wp:attachment":[{"href":"https:\/\/biotech-strategy.com\/en\/wp-json\/wp\/v2\/media?parent=287"}],"curies":[{"name":"wp","href":"https:\/\/api.w.org\/{rel}","templated":true}]}}