{"id":285,"date":"2025-08-23T22:02:21","date_gmt":"2025-08-23T20:02:21","guid":{"rendered":"https:\/\/biotech-strategy.com\/?page_id=285"},"modified":"2025-09-12T19:52:03","modified_gmt":"2025-09-12T17:52:03","slug":"dla-zul","status":"publish","type":"page","link":"https:\/\/biotech-strategy.com\/en\/dla-zul\/","title":{"rendered":"Dla Zak\u0142ad\u00f3w Us\u0142ug Le\u015bnych"},"content":{"rendered":"<div class=\"wp-block-cover alignfull has-custom-content-position is-position-bottom-center\" style=\"padding-top:8vw;padding-right:20px;padding-bottom:8vw;padding-left:20px\"><img loading=\"lazy\" decoding=\"async\" width=\"1024\" height=\"683\" class=\"wp-block-cover__image-background wp-image-428 size-large\" alt=\"\" src=\"https:\/\/biotech-strategy.com\/wp-content\/uploads\/2025\/08\/Paprocie-photoaidcom-darken-1-1024x683.jpg\" data-object-fit=\"cover\" srcset=\"https:\/\/biotech-strategy.com\/wp-content\/uploads\/2025\/08\/Paprocie-photoaidcom-darken-1-1024x683.jpg 1024w, https:\/\/biotech-strategy.com\/wp-content\/uploads\/2025\/08\/Paprocie-photoaidcom-darken-1-300x200.jpg 300w, https:\/\/biotech-strategy.com\/wp-content\/uploads\/2025\/08\/Paprocie-photoaidcom-darken-1-768x512.jpg 768w, https:\/\/biotech-strategy.com\/wp-content\/uploads\/2025\/08\/Paprocie-photoaidcom-darken-1-1536x1024.jpg 1536w, https:\/\/biotech-strategy.com\/wp-content\/uploads\/2025\/08\/Paprocie-photoaidcom-darken-1-18x12.jpg 18w, https:\/\/biotech-strategy.com\/wp-content\/uploads\/2025\/08\/Paprocie-photoaidcom-darken-1.jpg 1920w\" sizes=\"auto, (max-width: 1024px) 100vw, 1024px\" \/><span aria-hidden=\"true\" class=\"wp-block-cover__background has-background-dim-0 has-background-dim has-background-gradient\" style=\"background:linear-gradient(90deg,rgb(12,11,11) 32%,rgba(0,0,0,0.34) 61%)\"><\/span><div class=\"wp-block-cover__inner-container is-layout-constrained wp-container-core-cover-is-layout-598561b8 wp-block-cover-is-layout-constrained\">\n<div class=\"wp-block-columns alignwide is-layout-flex wp-container-core-columns-is-layout-28f84493 wp-block-columns-is-layout-flex\">\n<div class=\"wp-block-column is-vertically-aligned-center is-layout-flow wp-block-column-is-layout-flow\">\n<div class=\"wp-block-group alignwide has-background is-vertical is-content-justification-center is-layout-flex wp-container-core-group-is-layout-723387a4 wp-block-group-is-layout-flex\" style=\"border-bottom-style:none;border-bottom-width:0px;background-color:#15151c00;padding-top:45px;padding-right:45px;padding-bottom:60px;padding-left:45px\">\n<h2 class=\"wp-block-heading has-text-align-center animated animated-fadeInUp has-foreground-color has-text-color has-colossal-font-size\" style=\"font-style:normal;font-weight:700;line-height:1.19;text-transform:capitalize\">Zak\u0142ady Us\u0142ug Le\u015bnych<\/h2>\n\n\n\n<div class=\"wp-block-group alignwide is-layout-flow wp-container-core-group-is-layout-a77db08e wp-block-group-is-layout-flow\">\n<p class=\"has-text-align-center animated animated-fadeInUp has-foreground-color has-text-color has-link-color wp-elements-28662c8c551ca59e90c7c39608ec535a\" id=\"block-ffd2f2b6-a569-45d4-b7b0-b72408e7aa8e\" style=\"font-size:22px\">Dzi\u0119ki wsp\u00f3\u0142pracy z <mark style=\"background-color:rgba(0, 0, 0, 0)\" class=\"has-inline-color has-primary-color\">BioTech Strategy<\/mark> uzyskujesz merytoryczne wsparcie naszego zespo\u0142u <br>w ca\u0142ym procesie ofertowania na us\u0142ugi. <br>Je\u015bli zamierzasz zleci\u0107 pe\u0142nomocnictwo profesjonalnemu zespo\u0142owi, kt\u00f3ry <a href=\"https:\/\/biotech-strategy.com\/en\/zamow-bezplatna-konsultacje-dla-zul\/\" data-type=\"page\" data-id=\"584\"><mark style=\"background-color:rgba(0, 0, 0, 0)\" class=\"has-inline-color has-primary-color\">sprawnie i bez przeszk\u00f3d przeprowadzi Ci\u0119 przez ca\u0142\u0105 procedur\u0119 przetargow\u0105<\/mark><\/a>, tak by\u0107 m\u00f3g\u0142 skupi\u0107 si\u0119 na swojej pracy skontaktuj si\u0119 z nami.<\/p>\n<\/div>\n\n\n\n<div class=\"wp-block-buttons alignwide animated animated-fadeInUp is-content-justification-left is-layout-flex wp-container-core-buttons-is-layout-90f0857a wp-block-buttons-is-layout-flex\" style=\"margin-top:14px;margin-bottom:0px\">\n<div class=\"wp-block-button is-style-outline is-style-outline--1\"><a class=\"wp-block-button__link has-foreground-color has-primary-background-color has-text-color has-background has-link-color wp-element-button\" href=\"https:\/\/biotech-strategy.com\/en\/zamow-bezplatna-konsultacje-dla-zul\/\" style=\"padding-top:10px;padding-right:35px;padding-bottom:10px;padding-left:35px\">Zam\u00f3w bezp\u0142atn\u0105 konsultacj\u0119<\/a><\/div>\n<\/div>\n<\/div>\n<\/div>\n<\/div>\n<\/div><\/div>\n\n\n\n<p class=\"has-text-align-center\">Ci\u0105g\u0142y rozw\u00f3j technologii oraz profesjonalnej wiedzy na temat le\u015bnictwa przyczynia si\u0119 do mo\u017cliwo\u015bci zwi\u0119kszenia konkurencyjno\u015bci przedsi\u0119biorstw \u015bwiadcz\u0105cych us\u0142ugi w zakresie prac le\u015bnych. Dzi\u0119ki naszemu wsparciu Zak\u0142ady Us\u0142ug Le\u015bnych mog\u0105 znacz\u0105co podnie\u015b\u0107 swoj\u0105 efektywno\u015b\u0107 na rynku \u015bwiadczonych przez siebie us\u0142ug.<\/p>\n\n\n\n<p><\/p>","protected":false},"excerpt":{"rendered":"<p>Ci\u0105g\u0142y rozw\u00f3j technologii oraz profesjonalnej wiedzy na temat le\u015bnictwa przyczynia si\u0119 do mo\u017cliwo\u015bci zwi\u0119kszenia konkurencyjno\u015bci przedsi\u0119biorstw \u015bwiadcz\u0105cych us\u0142ugi w zakresie prac le\u015bnych. Dzi\u0119ki naszemu wsparciu Zak\u0142ady Us\u0142ug Le\u015bnych mog\u0105 znacz\u0105co podnie\u015b\u0107 swoj\u0105 efektywno\u015b\u0107 na rynku \u015bwiadczonych przez siebie us\u0142ug.<\/p>","protected":false},"author":1,"featured_media":0,"parent":0,"menu_order":0,"comment_status":"closed","ping_status":"closed","template":"","meta":{"footnotes":""},"class_list":["post-285","page","type-page","status-publish","hentry"],"_links":{"self":[{"href":"https:\/\/biotech-strategy.com\/en\/wp-json\/wp\/v2\/pages\/285","targetHints":{"allow":["GET"]}}],"collection":[{"href":"https:\/\/biotech-strategy.com\/en\/wp-json\/wp\/v2\/pages"}],"about":[{"href":"https:\/\/biotech-strategy.com\/en\/wp-json\/wp\/v2\/types\/page"}],"author":[{"embeddable":true,"href":"https:\/\/biotech-strategy.com\/en\/wp-json\/wp\/v2\/users\/1"}],"replies":[{"embeddable":true,"href":"https:\/\/biotech-strategy.com\/en\/wp-json\/wp\/v2\/comments?post=285"}],"version-history":[{"count":7,"href":"https:\/\/biotech-strategy.com\/en\/wp-json\/wp\/v2\/pages\/285\/revisions"}],"predecessor-version":[{"id":587,"href":"https:\/\/biotech-strategy.com\/en\/wp-json\/wp\/v2\/pages\/285\/revisions\/587"}],"wp:attachment":[{"href":"https:\/\/biotech-strategy.com\/en\/wp-json\/wp\/v2\/media?parent=285"}],"curies":[{"name":"wp","href":"https:\/\/api.w.org\/{rel}","templated":true}]}}