{"id":276,"date":"2025-08-23T21:52:05","date_gmt":"2025-08-23T19:52:05","guid":{"rendered":"https:\/\/biotech-strategy.com\/?page_id=276"},"modified":"2025-08-24T18:18:48","modified_gmt":"2025-08-24T16:18:48","slug":"lesnictwo","status":"publish","type":"page","link":"https:\/\/biotech-strategy.com\/en\/lesnictwo\/","title":{"rendered":"Le\u015bnictwo"},"content":{"rendered":"<div class=\"wp-block-group alignfull constructobuild-section-ff727120-f9f4-11ed-8868-91c866c656bb has-background-secondary-background-color has-background is-layout-constrained wp-container-core-group-is-layout-4600d58e wp-block-group-is-layout-constrained\" style=\"padding-top:var(--wp--preset--spacing--50);padding-right:var(--wp--preset--spacing--40);padding-bottom:0;padding-left:var(--wp--preset--spacing--40)\">\n<div class=\"wp-block-columns alignwide are-vertically-aligned-center constructobuild-section-cf44bf70-dcf9-11ed-b405-5314f98b79fc is-layout-flex wp-container-core-columns-is-layout-87beb0d0 wp-block-columns-is-layout-flex\">\n<div class=\"wp-block-column is-vertically-aligned-center constructobuild-section-cf424e70-dcf9-11ed-b405-5314f98b79fc is-layout-flow wp-block-column-is-layout-flow\">\n<div class=\"wp-block-group constructobuild-section-cf41b230-dcf9-11ed-b405-5314f98b79fc is-layout-flow wp-container-core-group-is-layout-fe0e2ea3 wp-block-group-is-layout-flow\">\n<div class=\"wp-block-group constructobuild-section-9bfa8420-37a2-11ee-b7f8-8f7d8708bd7c is-horizontal is-nowrap is-layout-flex wp-container-core-group-is-layout-d77014c3 wp-block-group-is-layout-flex\" style=\"border-style:none;border-width:0px;margin-top:0;margin-bottom:0;padding-bottom:0\">\n<hr class=\"wp-block-separator has-text-color has-primary-color has-alpha-channel-opacity has-primary-background-color has-background is-style-default wp-container-content-d613cd94\"\/>\n\n\n\n<div class=\"wp-block-group animated animated-fadeInUp constructobuild-section-9bf3f470-37a2-11ee-b7f8-8f7d8708bd7c is-layout-constrained wp-container-core-group-is-layout-b222482d wp-block-group-is-layout-constrained\" style=\"border-radius:0px;border-top-style:none;border-top-width:0px;border-right-style:none;border-right-width:0px;border-bottom-color:var(--wp--preset--color--foreground);border-bottom-style:none;border-bottom-width:0px;border-left-style:none;border-left-width:0px;margin-bottom:0;padding-top:0;padding-right:0;padding-bottom:0;padding-left:0\">\n<p class=\"has-text-align-left animated animated-fadeInUp constructobuild-section-9bf10e40-37a2-11ee-b7f8-8f7d8708bd7c has-foreground-color has-text-color\" style=\"margin-top:0;margin-bottom:0;font-size:15px;letter-spacing:0px\"><strong> Dla bran\u017cy le\u015bnej i drzewnej<\/strong><\/p>\n<\/div>\n<\/div>\n\n\n\n<h2 class=\"wp-block-heading has-text-align-left animated animated-fadeInUp constructobuild-section-cf413d00-dcf9-11ed-b405-5314f98b79fc has-slider-title-font-size\" style=\"margin-bottom:0px;line-height:1.7;text-transform:capitalize\">Sektor Le\u015bnictwa i drzewnictwa<\/h2>\n<\/div>\n<\/div>\n\n\n\n<div class=\"wp-block-column is-vertically-aligned-center constructobuild-section-cf442330-dcf9-11ed-b405-5314f98b79fc is-layout-flow wp-block-column-is-layout-flow\" style=\"flex-basis:30%\">\n<div class=\"wp-block-buttons animated animated-fadeInUp constructobuild-section-ff552520-f9f4-11ed-8868-91c866c656bb is-content-justification-right is-layout-flex wp-container-core-buttons-is-layout-fc2b73da wp-block-buttons-is-layout-flex\" style=\"margin-top:0px;margin-bottom:0px\">\n<div class=\"wp-block-button is-style-outline constructobuild-section-ff5461d0-f9f4-11ed-8868-91c866c656bb is-style-outline--1\"><a class=\"wp-block-button__link wp-element-button\" href=\"#\">Zam\u00f3w bezp\u0142atn\u0105 konsultacj\u0119<\/a><\/div>\n<\/div>\n<\/div>\n<\/div>\n\n\n\n<div class=\"wp-block-columns alignwide constructobuild-section-ff71add0-f9f4-11ed-8868-91c866c656bb is-layout-flex wp-container-core-columns-is-layout-87beb0d0 wp-block-columns-is-layout-flex\">\n<div class=\"wp-block-column constructobuild-section-ff6096d0-f9f4-11ed-8868-91c866c656bb has-background is-layout-flow wp-block-column-is-layout-flow\" style=\"background-color:#ffb25900;padding-top:0;padding-right:0;padding-bottom:0;padding-left:0\">\n<div class=\"wp-block-group animated animated-fadeInUp constructobuild-section-ff5fd380-f9f4-11ed-8868-91c866c656bb is-layout-constrained wp-container-core-group-is-layout-254f1302 wp-block-group-is-layout-constrained\" style=\"padding-top:0;padding-right:0;padding-bottom:0;padding-left:0\">\n<div class=\"wp-block-cover has-custom-content-position is-position-bottom-center image-zoom-hover constructobuild-section-ff5f1030-f9f4-11ed-8868-91c866c656bb\" style=\"border-radius:10px;padding-top:var(--wp--preset--spacing--30);padding-right:var(--wp--preset--spacing--30);padding-bottom:var(--wp--preset--spacing--30);padding-left:var(--wp--preset--spacing--30);min-height:400px;aspect-ratio:unset;\"><img loading=\"lazy\" decoding=\"async\" width=\"683\" height=\"1024\" class=\"wp-block-cover__image-background wp-image-279 size-large\" alt=\"\" src=\"https:\/\/biotech-strategy.com\/wp-content\/uploads\/2025\/08\/Pilarka-683x1024.jpg\" data-object-fit=\"cover\" srcset=\"https:\/\/biotech-strategy.com\/wp-content\/uploads\/2025\/08\/Pilarka-683x1024.jpg 683w, https:\/\/biotech-strategy.com\/wp-content\/uploads\/2025\/08\/Pilarka-200x300.jpg 200w, https:\/\/biotech-strategy.com\/wp-content\/uploads\/2025\/08\/Pilarka-768x1152.jpg 768w, https:\/\/biotech-strategy.com\/wp-content\/uploads\/2025\/08\/Pilarka-1024x1536.jpg 1024w, https:\/\/biotech-strategy.com\/wp-content\/uploads\/2025\/08\/Pilarka-1365x2048.jpg 1365w, https:\/\/biotech-strategy.com\/wp-content\/uploads\/2025\/08\/Pilarka-8x12.jpg 8w, https:\/\/biotech-strategy.com\/wp-content\/uploads\/2025\/08\/Pilarka-scaled.jpg 1707w\" sizes=\"auto, (max-width: 683px) 100vw, 683px\" \/><span aria-hidden=\"true\" class=\"wp-block-cover__background has-background-dim-80 has-background-dim wp-block-cover__gradient-background has-background-gradient\" style=\"background:linear-gradient(0deg,rgb(5,5,5) 0%,rgba(10,10,10,0.01) 100%)\"><\/span><div class=\"wp-block-cover__inner-container is-layout-flow wp-block-cover-is-layout-flow\">\n<div class=\"wp-block-group constructobuild-section-ff5d1460-f9f4-11ed-8868-91c866c656bb is-layout-flow wp-container-core-group-is-layout-fe0e2ea3 wp-block-group-is-layout-flow\">\n<p class=\"has-primary-color has-text-color has-link-color wp-elements-0c6658e27eafa376d8ae14aad6fe48e9\" style=\"font-style:normal;font-weight:600\"><em><a href=\"https:\/\/biotech-strategy.com\/en\/dla-zul\/\" data-type=\"page\" data-id=\"285\">Wsparcie w zakresie procedury przetargowej<\/a><\/em><\/p>\n\n\n\n<h3 class=\"wp-block-heading has-text-align-left constructobuild-section-ff5c2a00-f9f4-11ed-8868-91c866c656bb has-white-color has-text-color has-link-color wp-elements-110ec69f3c687edeaae62c879969596e\" style=\"font-size:1.5rem;font-style:normal;font-weight:600;text-transform:capitalize\"><a href=\"https:\/\/biotech-strategy.com\/en\/dla-zul\/\" data-type=\"page\" data-id=\"285\"> Dla Zak\u0142ad\u00f3w Us\u0142ug Le\u015bnych<\/a><\/h3>\n<\/div>\n<\/div><\/div>\n<\/div>\n<\/div>\n\n\n\n<div class=\"wp-block-column constructobuild-section-ff6b4530-f9f4-11ed-8868-91c866c656bb has-background is-layout-flow wp-block-column-is-layout-flow\" style=\"background-color:#ffb25900;padding-top:0;padding-right:0;padding-bottom:0;padding-left:0\">\n<div class=\"wp-block-group animated animated-fadeInUp constructobuild-section-ff6a81e0-f9f4-11ed-8868-91c866c656bb is-layout-constrained wp-container-core-group-is-layout-254f1302 wp-block-group-is-layout-constrained\" style=\"padding-top:0;padding-right:0;padding-bottom:0;padding-left:0\">\n<div class=\"wp-block-cover has-custom-content-position is-position-bottom-center image-zoom-hover constructobuild-section-ff69be90-f9f4-11ed-8868-91c866c656bb\" style=\"border-radius:10px;padding-top:var(--wp--preset--spacing--30);padding-right:var(--wp--preset--spacing--30);padding-bottom:var(--wp--preset--spacing--30);padding-left:var(--wp--preset--spacing--30);min-height:400px;aspect-ratio:unset;\"><img loading=\"lazy\" decoding=\"async\" width=\"683\" height=\"1024\" class=\"wp-block-cover__image-background wp-image-281 size-large\" alt=\"\" src=\"https:\/\/biotech-strategy.com\/wp-content\/uploads\/2025\/08\/Lasy-Panstwowe-1-683x1024.jpg\" data-object-fit=\"cover\" srcset=\"https:\/\/biotech-strategy.com\/wp-content\/uploads\/2025\/08\/Lasy-Panstwowe-1-683x1024.jpg 683w, https:\/\/biotech-strategy.com\/wp-content\/uploads\/2025\/08\/Lasy-Panstwowe-1-200x300.jpg 200w, https:\/\/biotech-strategy.com\/wp-content\/uploads\/2025\/08\/Lasy-Panstwowe-1-768x1152.jpg 768w, https:\/\/biotech-strategy.com\/wp-content\/uploads\/2025\/08\/Lasy-Panstwowe-1-1024x1536.jpg 1024w, https:\/\/biotech-strategy.com\/wp-content\/uploads\/2025\/08\/Lasy-Panstwowe-1-1365x2048.jpg 1365w, https:\/\/biotech-strategy.com\/wp-content\/uploads\/2025\/08\/Lasy-Panstwowe-1-8x12.jpg 8w, https:\/\/biotech-strategy.com\/wp-content\/uploads\/2025\/08\/Lasy-Panstwowe-1-scaled.jpg 1707w\" sizes=\"auto, (max-width: 683px) 100vw, 683px\" \/><span aria-hidden=\"true\" class=\"wp-block-cover__background has-background-dim-80 has-background-dim wp-block-cover__gradient-background has-background-gradient\" style=\"background:linear-gradient(0deg,rgb(2,2,2) 0%,rgba(2,2,2,0.03) 100%)\"><\/span><div class=\"wp-block-cover__inner-container is-layout-flow wp-block-cover-is-layout-flow\">\n<div class=\"wp-block-group constructobuild-section-ff67c2c0-f9f4-11ed-8868-91c866c656bb is-layout-flow wp-container-core-group-is-layout-fe0e2ea3 wp-block-group-is-layout-flow\">\n<p class=\"has-primary-color has-text-color has-link-color wp-elements-66360473608906d1662d8fcb5b033f87\" style=\"font-style:normal;font-weight:600\"><em><a href=\"https:\/\/biotech-strategy.com\/en\/dla-lp\/\" data-type=\"page\" data-id=\"287\">Wsparcie w zakresie unijnych wymog\u00f3w ochrony \u015brodowiska<\/a><\/em><\/p>\n\n\n\n<h3 class=\"wp-block-heading has-text-align-left constructobuild-section-ff66d860-f9f4-11ed-8868-91c866c656bb has-white-color has-text-color has-link-color wp-elements-2b5a4281c94dbc3b9ace262c353d02e8\" style=\"font-size:1.5rem;font-style:normal;font-weight:600;text-transform:capitalize\"><a href=\"https:\/\/biotech-strategy.com\/en\/dla-lp\/\" data-type=\"page\" data-id=\"287\"> Dla Las\u00f3w Pa\u0144stwowych<\/a><\/h3>\n<\/div>\n<\/div><\/div>\n<\/div>\n<\/div>\n\n\n\n<div class=\"wp-block-column constructobuild-section-ff70ea80-f9f4-11ed-8868-91c866c656bb has-background is-layout-flow wp-block-column-is-layout-flow\" style=\"background-color:#ffb25900;padding-top:0;padding-right:0;padding-bottom:0;padding-left:0\">\n<div class=\"wp-block-group animated animated-fadeInUp constructobuild-section-ff700020-f9f4-11ed-8868-91c866c656bb is-layout-constrained wp-container-core-group-is-layout-254f1302 wp-block-group-is-layout-constrained\" style=\"padding-top:0;padding-right:0;padding-bottom:0;padding-left:0\">\n<div class=\"wp-block-cover has-custom-content-position is-position-bottom-center image-zoom-hover constructobuild-section-ff6f15c0-f9f4-11ed-8868-91c866c656bb\" style=\"border-radius:10px;padding-top:var(--wp--preset--spacing--30);padding-right:var(--wp--preset--spacing--30);padding-bottom:var(--wp--preset--spacing--30);padding-left:var(--wp--preset--spacing--30);min-height:400px;aspect-ratio:unset;\"><img loading=\"lazy\" decoding=\"async\" width=\"683\" height=\"1024\" class=\"wp-block-cover__image-background wp-image-282 size-large\" alt=\"\" src=\"https:\/\/biotech-strategy.com\/wp-content\/uploads\/2025\/08\/Drzewnictwo-1-683x1024.jpg\" data-object-fit=\"cover\" srcset=\"https:\/\/biotech-strategy.com\/wp-content\/uploads\/2025\/08\/Drzewnictwo-1-683x1024.jpg 683w, https:\/\/biotech-strategy.com\/wp-content\/uploads\/2025\/08\/Drzewnictwo-1-200x300.jpg 200w, https:\/\/biotech-strategy.com\/wp-content\/uploads\/2025\/08\/Drzewnictwo-1-768x1152.jpg 768w, https:\/\/biotech-strategy.com\/wp-content\/uploads\/2025\/08\/Drzewnictwo-1-1024x1536.jpg 1024w, https:\/\/biotech-strategy.com\/wp-content\/uploads\/2025\/08\/Drzewnictwo-1-1365x2048.jpg 1365w, https:\/\/biotech-strategy.com\/wp-content\/uploads\/2025\/08\/Drzewnictwo-1-8x12.jpg 8w, https:\/\/biotech-strategy.com\/wp-content\/uploads\/2025\/08\/Drzewnictwo-1-scaled.jpg 1707w\" sizes=\"auto, (max-width: 683px) 100vw, 683px\" \/><span aria-hidden=\"true\" class=\"wp-block-cover__background has-background-dim-90 has-background-dim wp-block-cover__gradient-background has-background-gradient\" style=\"background:linear-gradient(0deg,rgba(0,0,0,0.99) 0%,rgba(5,5,5,0.01) 100%)\"><\/span><div class=\"wp-block-cover__inner-container is-layout-flow wp-block-cover-is-layout-flow\">\n<div class=\"wp-block-group constructobuild-section-ff6cf2e0-f9f4-11ed-8868-91c866c656bb is-layout-flow wp-container-core-group-is-layout-fe0e2ea3 wp-block-group-is-layout-flow\">\n<p class=\"has-primary-color has-text-color has-link-color wp-elements-3c40fb29e51f3d56ec2cdb0dbd65018a\" style=\"font-style:normal;font-weight:600\"><em><a href=\"https:\/\/biotech-strategy.com\/en\/branza-drzewna\/\" data-type=\"page\" data-id=\"290\">Wsparcie w zakresie unijnych wymog\u00f3w ochrony \u015brodowiska<\/a><\/em><\/p>\n\n\n\n<h3 class=\"wp-block-heading has-text-align-left constructobuild-section-ff6c2f90-f9f4-11ed-8868-91c866c656bb has-white-color has-text-color has-link-color wp-elements-3e9d8bd37ba1503fb355a0be95adcf08\" style=\"font-size:1.5rem;font-style:normal;font-weight:600;text-transform:capitalize\"><a href=\"https:\/\/biotech-strategy.com\/en\/branza-drzewna\/\" data-type=\"page\" data-id=\"290\"> Dla bran\u017cy drzewnej<\/a><\/h3>\n<\/div>\n<\/div><\/div>\n<\/div>\n<\/div>\n<\/div>\n<\/div>\n\n\n\n<p class=\"has-text-align-center\">\u015awiadczymy szeroki wachlarz us\u0142ug dla <mark style=\"background-color:rgba(0, 0, 0, 0)\" class=\"has-inline-color has-primary-color\">sektora le\u015bnictwa<\/mark> oraz <mark style=\"background-color:rgba(0, 0, 0, 0)\" class=\"has-inline-color has-primary-color\">sektora drzewnego<\/mark>.<br>Nasze us\u0142ugi obejmuj\u0105 wsparcie w zakresie ca\u0142ej gospodarki le\u015bnej i drzewnej <br>oraz zwi\u0105zanej z ni\u0105 <mark style=\"background-color:rgba(0, 0, 0, 0)\" class=\"has-inline-color has-primary-color\">ochron\u0105 \u015brodowiska<\/mark> i <mark style=\"background-color:rgba(0, 0, 0, 0)\" class=\"has-inline-color has-primary-color\">odnawianiem las\u00f3w<\/mark>.<\/p>\n\n\n\n<p><\/p>","protected":false},"excerpt":{"rendered":"<p>Dla bran\u017cy le\u015bnej i drzewnej Sektor Le\u015bnictwa i drzewnictwa \u015awiadczymy szeroki wachlarz us\u0142ug dla sektora le\u015bnictwa oraz sektora drzewnego.Nasze us\u0142ugi obejmuj\u0105 wsparcie w zakresie ca\u0142ej gospodarki le\u015bnej i drzewnej oraz zwi\u0105zanej z ni\u0105 ochron\u0105 \u015brodowiska i odnawianiem las\u00f3w.<\/p>","protected":false},"author":1,"featured_media":0,"parent":0,"menu_order":0,"comment_status":"closed","ping_status":"closed","template":"","meta":{"footnotes":""},"class_list":["post-276","page","type-page","status-publish","hentry"],"_links":{"self":[{"href":"https:\/\/biotech-strategy.com\/en\/wp-json\/wp\/v2\/pages\/276","targetHints":{"allow":["GET"]}}],"collection":[{"href":"https:\/\/biotech-strategy.com\/en\/wp-json\/wp\/v2\/pages"}],"about":[{"href":"https:\/\/biotech-strategy.com\/en\/wp-json\/wp\/v2\/types\/page"}],"author":[{"embeddable":true,"href":"https:\/\/biotech-strategy.com\/en\/wp-json\/wp\/v2\/users\/1"}],"replies":[{"embeddable":true,"href":"https:\/\/biotech-strategy.com\/en\/wp-json\/wp\/v2\/comments?post=276"}],"version-history":[{"count":8,"href":"https:\/\/biotech-strategy.com\/en\/wp-json\/wp\/v2\/pages\/276\/revisions"}],"predecessor-version":[{"id":430,"href":"https:\/\/biotech-strategy.com\/en\/wp-json\/wp\/v2\/pages\/276\/revisions\/430"}],"wp:attachment":[{"href":"https:\/\/biotech-strategy.com\/en\/wp-json\/wp\/v2\/media?parent=276"}],"curies":[{"name":"wp","href":"https:\/\/api.w.org\/{rel}","templated":true}]}}