{"id":226,"date":"2025-08-25T00:26:41","date_gmt":"2025-08-24T22:26:41","guid":{"rendered":"https:\/\/biotech-strategy.com\/?page_id=226"},"modified":"2026-02-04T17:23:12","modified_gmt":"2026-02-04T16:23:12","slug":"polityka-prywatnosci","status":"publish","type":"page","link":"https:\/\/biotech-strategy.com\/en\/polityka-prywatnosci\/","title":{"rendered":"Policy en"},"content":{"rendered":"<p class=\"has-text-align-center\"><mark style=\"background-color:rgba(0, 0, 0, 0)\" class=\"has-inline-color has-primary-color\"><strong>Policy en<\/strong><\/mark><\/p>\n\n\n\n<p class=\"has-text-align-center\">Administratorem danych osobowych jest: <br>BioTech Strategy sp. z o. o., pod adresem Obrze\u017cna P\u00f3\u0142nocna 17\/214, <br>41-400 Mys\u0142owice, NIP 641 257 33 52, adres e-mail biuro@biotech-strategy.com<\/p>\n\n\n\n<p>Dane osobowe b\u0119d\u0105 przetwarzane w zakresie niezb\u0119dnym do odpowiedzi na zadane pytanie, realizacji us\u0142ug, prowadzenia korespondencji e-mailowej lub telefonicznej oraz w celach z niej wynikaj\u0105cych. Podanie danych jest dobrowolne, ale niezb\u0119dne do przetworzenia zg\u0142oszenia. Szczeg\u00f3\u0142y zwi\u0105zane z przetwarzaniem danych znajduj\u0105 si\u0119 <a href=\"https:\/\/biotech-strategy.com\/en\/klauzula-informacyjna-rodo\/\" data-type=\"page\" data-id=\"929\"><mark style=\"background-color:rgba(0, 0, 0, 0)\" class=\"has-inline-color has-primary-color\">klauzuli informacyjnej (RODO)<\/mark><\/a>.<\/p>\n\n\n\n<p><\/p>","protected":false},"excerpt":{"rendered":"<p>Polityka prywatno\u015bci Administratorem danych osobowych jest: BioTech Strategy sp. z o. o., pod adresem Obrze\u017cna P\u00f3\u0142nocna 17\/214, 41-400 Mys\u0142owice, NIP 641 257 33 52, adres e-mail biuro@biotech-strategy.com Dane osobowe b\u0119d\u0105 przetwarzane w zakresie niezb\u0119dnym do odpowiedzi na zadane pytanie, realizacji us\u0142ug, prowadzenia korespondencji e-mailowej lub telefonicznej oraz w celach z niej wynikaj\u0105cych. Podanie danych jest [&hellip;]<\/p>\n","protected":false},"author":1,"featured_media":0,"parent":0,"menu_order":0,"comment_status":"closed","ping_status":"closed","template":"","meta":{"footnotes":""},"class_list":["post-226","page","type-page","status-publish","hentry"],"_links":{"self":[{"href":"https:\/\/biotech-strategy.com\/en\/wp-json\/wp\/v2\/pages\/226","targetHints":{"allow":["GET"]}}],"collection":[{"href":"https:\/\/biotech-strategy.com\/en\/wp-json\/wp\/v2\/pages"}],"about":[{"href":"https:\/\/biotech-strategy.com\/en\/wp-json\/wp\/v2\/types\/page"}],"author":[{"embeddable":true,"href":"https:\/\/biotech-strategy.com\/en\/wp-json\/wp\/v2\/users\/1"}],"replies":[{"embeddable":true,"href":"https:\/\/biotech-strategy.com\/en\/wp-json\/wp\/v2\/comments?post=226"}],"version-history":[{"count":11,"href":"https:\/\/biotech-strategy.com\/en\/wp-json\/wp\/v2\/pages\/226\/revisions"}],"predecessor-version":[{"id":1024,"href":"https:\/\/biotech-strategy.com\/en\/wp-json\/wp\/v2\/pages\/226\/revisions\/1024"}],"wp:attachment":[{"href":"https:\/\/biotech-strategy.com\/en\/wp-json\/wp\/v2\/media?parent=226"}],"curies":[{"name":"wp","href":"https:\/\/api.w.org\/{rel}","templated":true}]}}