{"id":220,"date":"2025-08-22T05:12:15","date_gmt":"2025-08-22T03:12:15","guid":{"rendered":"https:\/\/biotech-strategy.com\/?page_id=220"},"modified":"2025-09-12T23:04:17","modified_gmt":"2025-09-12T21:04:17","slug":"dla-inwestorow","status":"publish","type":"page","link":"https:\/\/biotech-strategy.com\/en\/dla-inwestorow\/","title":{"rendered":"Dla inwestor\u00f3w"},"content":{"rendered":"<div class=\"wp-block-group alignfull constructobuild-section-ff727120-f9f4-11ed-8868-91c866c656bb has-background-secondary-background-color has-background is-layout-constrained wp-container-core-group-is-layout-4600d58e wp-block-group-is-layout-constrained\" style=\"padding-top:var(--wp--preset--spacing--50);padding-right:var(--wp--preset--spacing--40);padding-bottom:0;padding-left:var(--wp--preset--spacing--40)\">\n<div class=\"wp-block-columns alignwide are-vertically-aligned-center constructobuild-section-cf44bf70-dcf9-11ed-b405-5314f98b79fc is-layout-flex wp-container-core-columns-is-layout-87beb0d0 wp-block-columns-is-layout-flex\">\n<div class=\"wp-block-column is-vertically-aligned-center constructobuild-section-cf424e70-dcf9-11ed-b405-5314f98b79fc is-layout-flow wp-block-column-is-layout-flow\">\n<div class=\"wp-block-group constructobuild-section-cf41b230-dcf9-11ed-b405-5314f98b79fc is-layout-flow wp-container-core-group-is-layout-fe0e2ea3 wp-block-group-is-layout-flow\">\n<div class=\"wp-block-group constructobuild-section-9bfa8420-37a2-11ee-b7f8-8f7d8708bd7c is-horizontal is-nowrap is-layout-flex wp-container-core-group-is-layout-d77014c3 wp-block-group-is-layout-flex\" style=\"border-style:none;border-width:0px;margin-top:0;margin-bottom:0;padding-bottom:0\">\n<hr class=\"wp-block-separator has-text-color has-primary-color has-alpha-channel-opacity has-primary-background-color has-background is-style-default wp-container-content-d613cd94\"\/>\n\n\n\n<div class=\"wp-block-group animated animated-fadeInUp constructobuild-section-9bf3f470-37a2-11ee-b7f8-8f7d8708bd7c is-layout-constrained wp-container-core-group-is-layout-b222482d wp-block-group-is-layout-constrained\" style=\"border-radius:0px;border-top-style:none;border-top-width:0px;border-right-style:none;border-right-width:0px;border-bottom-color:var(--wp--preset--color--foreground);border-bottom-style:none;border-bottom-width:0px;border-left-style:none;border-left-width:0px;margin-bottom:0;padding-top:0;padding-right:0;padding-bottom:0;padding-left:0\">\n<p class=\"has-text-align-left animated animated-fadeInUp constructobuild-section-9bf10e40-37a2-11ee-b7f8-8f7d8708bd7c has-foreground-color has-text-color\" style=\"margin-top:0;margin-bottom:0;font-size:15px;letter-spacing:0px\"><strong> Dla inwestor\u00f3w<\/strong><\/p>\n<\/div>\n<\/div>\n\n\n\n<h2 class=\"wp-block-heading has-text-align-left animated animated-fadeInUp constructobuild-section-cf413d00-dcf9-11ed-b405-5314f98b79fc has-slider-title-font-size\" style=\"margin-bottom:0px;line-height:1.7;text-transform:capitalize\">Nasze us\u0142ugi<\/h2>\n<\/div>\n<\/div>\n\n\n\n<div class=\"wp-block-column is-vertically-aligned-center constructobuild-section-cf442330-dcf9-11ed-b405-5314f98b79fc is-layout-flow wp-block-column-is-layout-flow\" style=\"flex-basis:30%\">\n<div class=\"wp-block-buttons animated animated-fadeInUp constructobuild-section-ff552520-f9f4-11ed-8868-91c866c656bb is-content-justification-right is-layout-flex wp-container-core-buttons-is-layout-fc2b73da wp-block-buttons-is-layout-flex\" style=\"margin-top:0px;margin-bottom:0px\">\n<div class=\"wp-block-button is-style-outline constructobuild-section-ff5461d0-f9f4-11ed-8868-91c866c656bb is-style-outline--1\"><a class=\"wp-block-button__link wp-element-button\" href=\"https:\/\/biotech-strategy.com\/en\/dla-inwestorow-zloz-zapytanie-ofertowe\/\">Z\u0142\u00f3\u017c zapytanie ofertowe<\/a><\/div>\n<\/div>\n<\/div>\n<\/div>\n\n\n\n<div class=\"wp-block-columns alignwide constructobuild-section-ff71add0-f9f4-11ed-8868-91c866c656bb is-layout-flex wp-container-core-columns-is-layout-87beb0d0 wp-block-columns-is-layout-flex\">\n<div class=\"wp-block-column constructobuild-section-ff5b66b0-f9f4-11ed-8868-91c866c656bb has-background is-layout-flow wp-block-column-is-layout-flow\" style=\"background-color:#ffb25900;padding-top:0;padding-right:0;padding-bottom:0;padding-left:0\">\n<div class=\"wp-block-group animated animated-fadeInUp constructobuild-section-ff5a7c50-f9f4-11ed-8868-91c866c656bb is-layout-constrained wp-container-core-group-is-layout-254f1302 wp-block-group-is-layout-constrained\" style=\"padding-top:0;padding-right:0;padding-bottom:0;padding-left:0\">\n<div class=\"wp-block-cover has-custom-content-position is-position-bottom-center image-zoom-hover constructobuild-section-ff5991f0-f9f4-11ed-8868-91c866c656bb\" style=\"border-style:none;border-width:0px;border-radius:10px;padding-top:var(--wp--preset--spacing--30);padding-right:var(--wp--preset--spacing--30);padding-bottom:var(--wp--preset--spacing--30);padding-left:var(--wp--preset--spacing--30);min-height:400px;aspect-ratio:unset;\"><img loading=\"lazy\" decoding=\"async\" width=\"686\" height=\"1024\" class=\"wp-block-cover__image-background wp-image-375 size-large\" alt=\"\" src=\"https:\/\/biotech-strategy.com\/wp-content\/uploads\/2025\/08\/Drzewo-686x1024.jpg\" data-object-fit=\"cover\" srcset=\"https:\/\/biotech-strategy.com\/wp-content\/uploads\/2025\/08\/Drzewo-686x1024.jpg 686w, https:\/\/biotech-strategy.com\/wp-content\/uploads\/2025\/08\/Drzewo-201x300.jpg 201w, https:\/\/biotech-strategy.com\/wp-content\/uploads\/2025\/08\/Drzewo-768x1147.jpg 768w, https:\/\/biotech-strategy.com\/wp-content\/uploads\/2025\/08\/Drzewo-1029x1536.jpg 1029w, https:\/\/biotech-strategy.com\/wp-content\/uploads\/2025\/08\/Drzewo-1372x2048.jpg 1372w, https:\/\/biotech-strategy.com\/wp-content\/uploads\/2025\/08\/Drzewo-8x12.jpg 8w, https:\/\/biotech-strategy.com\/wp-content\/uploads\/2025\/08\/Drzewo-scaled.jpg 1715w\" sizes=\"auto, (max-width: 686px) 100vw, 686px\" \/><span aria-hidden=\"true\" class=\"wp-block-cover__background has-background-dim-80 has-background-dim wp-block-cover__gradient-background has-background-gradient\" style=\"background:linear-gradient(355deg,rgb(0,0,0) 17%,rgba(0,0,0,0) 100%)\"><\/span><div class=\"wp-block-cover__inner-container is-layout-flow wp-block-cover-is-layout-flow\">\n<div class=\"wp-block-group constructobuild-section-ff576f10-f9f4-11ed-8868-91c866c656bb is-layout-flow wp-container-core-group-is-layout-fe0e2ea3 wp-block-group-is-layout-flow\">\n<h3 class=\"wp-block-heading has-text-align-left constructobuild-section-ff56abc0-f9f4-11ed-8868-91c866c656bb has-white-color has-text-color has-link-color wp-elements-95dd5f0e9f7028630420b7f88b6b50f8\" style=\"font-size:1.5rem;font-style:normal;font-weight:600;text-transform:capitalize\"><\/h3>\n\n\n\n<p class=\"has-text-align-center has-primary-color has-text-color has-link-color wp-elements-5efab17812b8261bc92fcfc656dc3750\" style=\"font-style:normal;font-weight:600\"><a href=\"https:\/\/biotech-strategy.com\/en\/ekspertyzy\/\" data-type=\"page\" data-id=\"436\"><em>Ekspertyzy przyrodnicze<\/em> (botaniczne, dendrologiczne, ornitologiczne i inne)<\/a><\/p>\n<\/div>\n<\/div><\/div>\n<\/div>\n<\/div>\n\n\n\n<div class=\"wp-block-column is-layout-flow wp-block-column-is-layout-flow\">\n<div class=\"wp-block-cover has-custom-content-position is-position-bottom-center image-zoom-hover constructobuild-section-ff5f1030-f9f4-11ed-8868-91c866c656bb\" style=\"border-radius:10px;padding-top:var(--wp--preset--spacing--30);padding-right:var(--wp--preset--spacing--30);padding-bottom:var(--wp--preset--spacing--30);padding-left:var(--wp--preset--spacing--30);min-height:400px;aspect-ratio:unset;\"><img loading=\"lazy\" decoding=\"async\" width=\"683\" height=\"1024\" class=\"wp-block-cover__image-background wp-image-376 size-large\" alt=\"\" src=\"https:\/\/biotech-strategy.com\/wp-content\/uploads\/2025\/08\/Plan-1-683x1024.jpg\" data-object-fit=\"cover\" srcset=\"https:\/\/biotech-strategy.com\/wp-content\/uploads\/2025\/08\/Plan-1-683x1024.jpg 683w, https:\/\/biotech-strategy.com\/wp-content\/uploads\/2025\/08\/Plan-1-200x300.jpg 200w, https:\/\/biotech-strategy.com\/wp-content\/uploads\/2025\/08\/Plan-1-768x1152.jpg 768w, https:\/\/biotech-strategy.com\/wp-content\/uploads\/2025\/08\/Plan-1-1024x1536.jpg 1024w, https:\/\/biotech-strategy.com\/wp-content\/uploads\/2025\/08\/Plan-1-1365x2048.jpg 1365w, https:\/\/biotech-strategy.com\/wp-content\/uploads\/2025\/08\/Plan-1-8x12.jpg 8w, https:\/\/biotech-strategy.com\/wp-content\/uploads\/2025\/08\/Plan-1-scaled.jpg 1707w\" sizes=\"auto, (max-width: 683px) 100vw, 683px\" \/><span aria-hidden=\"true\" class=\"wp-block-cover__background has-background-dim-80 has-background-dim wp-block-cover__gradient-background has-background-gradient\" style=\"background:linear-gradient(0deg,rgb(5,5,5) 0%,rgba(10,10,10,0.01) 100%)\"><\/span><div class=\"wp-block-cover__inner-container is-layout-flow wp-block-cover-is-layout-flow\">\n<div class=\"wp-block-group constructobuild-section-ff5d1460-f9f4-11ed-8868-91c866c656bb is-layout-flow wp-container-core-group-is-layout-fe0e2ea3 wp-block-group-is-layout-flow\">\n<h3 class=\"wp-block-heading has-text-align-left constructobuild-section-ff5c2a00-f9f4-11ed-8868-91c866c656bb has-white-color has-text-color has-link-color wp-elements-88c60eeff7c36f24e28fd3f5ea26cc2c\" style=\"font-size:1.5rem;font-style:normal;font-weight:600;text-transform:capitalize\"><\/h3>\n\n\n\n<p class=\"has-text-align-center has-primary-color has-text-color has-link-color wp-elements-82d0ce69d322582294bbd87a5749ee86\" style=\"font-style:normal;font-weight:600\"><em>Dokumentacja w zakresie <\/em><br><em>przepis\u00f3w ochrony \u015brodowiska<\/em><\/p>\n<\/div>\n<\/div><\/div>\n<\/div>\n\n\n\n<div class=\"wp-block-column constructobuild-section-ff661510-f9f4-11ed-8868-91c866c656bb has-background is-layout-flow wp-block-column-is-layout-flow\" style=\"background-color:#ffb25900;padding-top:0;padding-right:0;padding-bottom:0;padding-left:0\">\n<div class=\"wp-block-group animated animated-fadeInUp constructobuild-section-ff6551c0-f9f4-11ed-8868-91c866c656bb is-layout-constrained wp-container-core-group-is-layout-254f1302 wp-block-group-is-layout-constrained\" style=\"padding-top:0;padding-right:0;padding-bottom:0;padding-left:0\">\n<div class=\"wp-block-cover has-custom-content-position is-position-bottom-center image-zoom-hover constructobuild-section-ff646760-f9f4-11ed-8868-91c866c656bb\" style=\"border-style:none;border-width:0px;border-radius:10px;padding-top:var(--wp--preset--spacing--30);padding-right:var(--wp--preset--spacing--30);padding-bottom:var(--wp--preset--spacing--30);padding-left:var(--wp--preset--spacing--30);min-height:400px;aspect-ratio:unset;\"><img loading=\"lazy\" decoding=\"async\" width=\"1024\" height=\"683\" class=\"wp-block-cover__image-background wp-image-377 size-large\" alt=\"\" src=\"https:\/\/biotech-strategy.com\/wp-content\/uploads\/2025\/08\/Ladowarka-1024x683.jpg\" data-object-fit=\"cover\" srcset=\"https:\/\/biotech-strategy.com\/wp-content\/uploads\/2025\/08\/Ladowarka-1024x683.jpg 1024w, https:\/\/biotech-strategy.com\/wp-content\/uploads\/2025\/08\/Ladowarka-300x200.jpg 300w, https:\/\/biotech-strategy.com\/wp-content\/uploads\/2025\/08\/Ladowarka-768x512.jpg 768w, https:\/\/biotech-strategy.com\/wp-content\/uploads\/2025\/08\/Ladowarka-1536x1024.jpg 1536w, https:\/\/biotech-strategy.com\/wp-content\/uploads\/2025\/08\/Ladowarka-2048x1365.jpg 2048w, https:\/\/biotech-strategy.com\/wp-content\/uploads\/2025\/08\/Ladowarka-18x12.jpg 18w\" sizes=\"auto, (max-width: 1024px) 100vw, 1024px\" \/><span aria-hidden=\"true\" class=\"wp-block-cover__background has-background-dim-80 has-background-dim wp-block-cover__gradient-background has-background-gradient\" style=\"background:linear-gradient(0deg,rgb(0,0,0) 7%,rgba(0,0,0,0) 100%)\"><\/span><div class=\"wp-block-cover__inner-container is-layout-flow wp-block-cover-is-layout-flow\">\n<div class=\"wp-block-group constructobuild-section-ff624480-f9f4-11ed-8868-91c866c656bb is-layout-flow wp-container-core-group-is-layout-fe0e2ea3 wp-block-group-is-layout-flow\">\n<h3 class=\"wp-block-heading has-text-align-left constructobuild-section-ff618130-f9f4-11ed-8868-91c866c656bb has-white-color has-text-color has-link-color wp-elements-0e59c761b711101094be9b46a398d03d\" style=\"font-size:1.5rem;font-style:normal;font-weight:600;text-transform:capitalize\"><\/h3>\n\n\n\n<p class=\"has-text-align-center has-primary-color has-text-color has-link-color wp-elements-701b90e65d9e6a76de2f8c6498406be0\" style=\"font-style:normal;font-weight:600\"><em><br><\/em><a href=\"https:\/\/biotech-strategy.com\/en\/budownictwo\/\" data-type=\"page\" data-id=\"341\"><em>Logistyka i wykonawstwo <\/em><br><em>prac w terenie<\/em><\/a><\/p>\n<\/div>\n<\/div><\/div>\n<\/div>\n<\/div>\n<\/div>\n<\/div>\n\n\n\n<div class=\"wp-block-buttons is-content-justification-center is-layout-flex wp-container-core-buttons-is-layout-a89b3969 wp-block-buttons-is-layout-flex\">\n<div class=\"wp-block-button\"><a class=\"wp-block-button__link wp-element-button\" href=\"https:\/\/biotech-strategy.com\/en\/dla-inwestorow-zloz-zapytanie-ofertowe\/\">Z\u0142\u00f3\u017c zapytanie ofertowe<\/a><\/div>\n<\/div>\n\n\n\n<p><\/p>","protected":false},"excerpt":{"rendered":"<p>Dla inwestor\u00f3w Nasze us\u0142ugi<\/p>","protected":false},"author":1,"featured_media":0,"parent":0,"menu_order":0,"comment_status":"closed","ping_status":"closed","template":"","meta":{"footnotes":""},"class_list":["post-220","page","type-page","status-publish","hentry"],"_links":{"self":[{"href":"https:\/\/biotech-strategy.com\/en\/wp-json\/wp\/v2\/pages\/220","targetHints":{"allow":["GET"]}}],"collection":[{"href":"https:\/\/biotech-strategy.com\/en\/wp-json\/wp\/v2\/pages"}],"about":[{"href":"https:\/\/biotech-strategy.com\/en\/wp-json\/wp\/v2\/types\/page"}],"author":[{"embeddable":true,"href":"https:\/\/biotech-strategy.com\/en\/wp-json\/wp\/v2\/users\/1"}],"replies":[{"embeddable":true,"href":"https:\/\/biotech-strategy.com\/en\/wp-json\/wp\/v2\/comments?post=220"}],"version-history":[{"count":10,"href":"https:\/\/biotech-strategy.com\/en\/wp-json\/wp\/v2\/pages\/220\/revisions"}],"predecessor-version":[{"id":650,"href":"https:\/\/biotech-strategy.com\/en\/wp-json\/wp\/v2\/pages\/220\/revisions\/650"}],"wp:attachment":[{"href":"https:\/\/biotech-strategy.com\/en\/wp-json\/wp\/v2\/media?parent=220"}],"curies":[{"name":"wp","href":"https:\/\/api.w.org\/{rel}","templated":true}]}}