{"id":218,"date":"2025-08-23T21:01:17","date_gmt":"2025-08-23T19:01:17","guid":{"rendered":"https:\/\/biotech-strategy.com\/?page_id=218"},"modified":"2025-09-12T22:00:31","modified_gmt":"2025-09-12T20:00:31","slug":"zarzadzanie-kryzysowe","status":"publish","type":"page","link":"https:\/\/biotech-strategy.com\/en\/zarzadzanie-kryzysowe\/","title":{"rendered":"Zarz\u0105dzanie Kryzysowe"},"content":{"rendered":"<div class=\"wp-block-group alignfull constructobuild-section-ff727120-f9f4-11ed-8868-91c866c656bb has-background-secondary-background-color has-background is-layout-constrained wp-container-core-group-is-layout-4600d58e wp-block-group-is-layout-constrained\" style=\"padding-top:var(--wp--preset--spacing--50);padding-right:var(--wp--preset--spacing--40);padding-bottom:0;padding-left:var(--wp--preset--spacing--40)\">\n<div class=\"wp-block-columns alignwide are-vertically-aligned-center constructobuild-section-cf44bf70-dcf9-11ed-b405-5314f98b79fc is-layout-flex wp-container-core-columns-is-layout-87beb0d0 wp-block-columns-is-layout-flex\">\n<div class=\"wp-block-column is-vertically-aligned-center constructobuild-section-cf424e70-dcf9-11ed-b405-5314f98b79fc is-layout-flow wp-block-column-is-layout-flow\">\n<div class=\"wp-block-group constructobuild-section-cf41b230-dcf9-11ed-b405-5314f98b79fc is-layout-flow wp-container-core-group-is-layout-fe0e2ea3 wp-block-group-is-layout-flow\">\n<div class=\"wp-block-group constructobuild-section-9bfa8420-37a2-11ee-b7f8-8f7d8708bd7c is-horizontal is-nowrap is-layout-flex wp-container-core-group-is-layout-d77014c3 wp-block-group-is-layout-flex\" style=\"border-style:none;border-width:0px;margin-top:0;margin-bottom:0;padding-bottom:0\">\n<hr class=\"wp-block-separator has-text-color has-primary-color has-alpha-channel-opacity has-primary-background-color has-background is-style-default wp-container-content-d613cd94\"\/>\n\n\n\n<div class=\"wp-block-group animated animated-fadeInUp constructobuild-section-9bf3f470-37a2-11ee-b7f8-8f7d8708bd7c is-layout-constrained wp-container-core-group-is-layout-b222482d wp-block-group-is-layout-constrained\" style=\"border-radius:0px;border-top-style:none;border-top-width:0px;border-right-style:none;border-right-width:0px;border-bottom-color:var(--wp--preset--color--foreground);border-bottom-style:none;border-bottom-width:0px;border-left-style:none;border-left-width:0px;margin-bottom:0;padding-top:0;padding-right:0;padding-bottom:0;padding-left:0\">\n<p class=\"has-text-align-left animated animated-fadeInUp constructobuild-section-9bf10e40-37a2-11ee-b7f8-8f7d8708bd7c has-foreground-color has-text-color\" style=\"margin-top:0;margin-bottom:0;font-size:15px;letter-spacing:0px\"><strong> Nasza oferta<\/strong><\/p>\n<\/div>\n<\/div>\n\n\n\n<h2 class=\"wp-block-heading has-text-align-left animated animated-fadeInUp constructobuild-section-cf413d00-dcf9-11ed-b405-5314f98b79fc has-slider-title-font-size\" style=\"margin-bottom:0px;line-height:1.7;text-transform:capitalize\">Zarz\u0105dzanie kryzysowe<\/h2>\n<\/div>\n<\/div>\n\n\n\n<div class=\"wp-block-column is-vertically-aligned-center constructobuild-section-cf442330-dcf9-11ed-b405-5314f98b79fc is-layout-flow wp-block-column-is-layout-flow\" style=\"flex-basis:30%\">\n<div class=\"wp-block-buttons animated animated-fadeInUp constructobuild-section-ff552520-f9f4-11ed-8868-91c866c656bb is-content-justification-right is-layout-flex wp-container-core-buttons-is-layout-fc2b73da wp-block-buttons-is-layout-flex\" style=\"margin-top:0px;margin-bottom:0px\">\n<div class=\"wp-block-button is-style-outline constructobuild-section-ff5461d0-f9f4-11ed-8868-91c866c656bb is-style-outline--1\"><a class=\"wp-block-button__link wp-element-button\" href=\"https:\/\/biotech-strategy.com\/en\/zarzadzanie-kryzysowe-zamow-bezplatna-konsultacje\/\">Zam\u00f3w bezp\u0142atn\u0105 konsultacj\u0119<\/a><\/div>\n<\/div>\n<\/div>\n<\/div>\n\n\n\n<div class=\"wp-block-columns alignwide constructobuild-section-ff71add0-f9f4-11ed-8868-91c866c656bb is-layout-flex wp-container-core-columns-is-layout-87beb0d0 wp-block-columns-is-layout-flex\">\n<div class=\"wp-block-column is-layout-flow wp-block-column-is-layout-flow\">\n<div class=\"wp-block-cover has-custom-content-position is-position-bottom-center image-zoom-hover constructobuild-section-ff5f1030-f9f4-11ed-8868-91c866c656bb\" style=\"border-radius:10px;padding-top:var(--wp--preset--spacing--30);padding-right:var(--wp--preset--spacing--30);padding-bottom:var(--wp--preset--spacing--30);padding-left:var(--wp--preset--spacing--30);min-height:400px;aspect-ratio:unset;\"><img loading=\"lazy\" decoding=\"async\" width=\"1024\" height=\"721\" class=\"wp-block-cover__image-background wp-image-262 size-large\" alt=\"\" src=\"https:\/\/biotech-strategy.com\/wp-content\/uploads\/2025\/08\/Ksiazka-1024x721.jpg\" data-object-fit=\"cover\" srcset=\"https:\/\/biotech-strategy.com\/wp-content\/uploads\/2025\/08\/Ksiazka-1024x721.jpg 1024w, https:\/\/biotech-strategy.com\/wp-content\/uploads\/2025\/08\/Ksiazka-300x211.jpg 300w, https:\/\/biotech-strategy.com\/wp-content\/uploads\/2025\/08\/Ksiazka-768x541.jpg 768w, https:\/\/biotech-strategy.com\/wp-content\/uploads\/2025\/08\/Ksiazka-1536x1081.jpg 1536w, https:\/\/biotech-strategy.com\/wp-content\/uploads\/2025\/08\/Ksiazka-2048x1441.jpg 2048w, https:\/\/biotech-strategy.com\/wp-content\/uploads\/2025\/08\/Ksiazka-18x12.jpg 18w\" sizes=\"auto, (max-width: 1024px) 100vw, 1024px\" \/><span aria-hidden=\"true\" class=\"wp-block-cover__background has-background-dim-80 has-background-dim wp-block-cover__gradient-background has-background-gradient\" style=\"background:linear-gradient(0deg,rgb(5,5,5) 0%,rgba(10,10,10,0.01) 100%)\"><\/span><div class=\"wp-block-cover__inner-container is-layout-flow wp-block-cover-is-layout-flow\">\n<div class=\"wp-block-group constructobuild-section-ff5d1460-f9f4-11ed-8868-91c866c656bb is-layout-flow wp-container-core-group-is-layout-fe0e2ea3 wp-block-group-is-layout-flow\">\n<p class=\"has-text-align-center has-primary-color has-text-color has-link-color wp-elements-fcb688e4d647e1a3226a75df83a0f8b6\" style=\"font-style:normal;font-weight:600\"><em><a href=\"https:\/\/biotech-strategy.com\/en\/zapobieganie\/\" data-type=\"page\" data-id=\"476\">Faza zapobiegania<\/a><\/em><\/p>\n\n\n\n<h3 class=\"wp-block-heading has-text-align-left constructobuild-section-ff5c2a00-f9f4-11ed-8868-91c866c656bb has-white-color has-text-color has-link-color wp-elements-998414e54e72673aa2ca2ecf59c672d8\" style=\"font-size:1.5rem;font-style:normal;font-weight:600;text-transform:capitalize\"><a href=\"https:\/\/biotech-strategy.com\/en\/zapobieganie\/\" data-type=\"page\" data-id=\"476\">Planowanie<\/a><\/h3>\n\n\n\n<p><a href=\"https:\/\/biotech-strategy.com\/en\/zapobieganie\/\" data-type=\"page\" data-id=\"476\">Plany Zarz\u0105dzania Kryzysowego i szkolenia<\/a><\/p>\n<\/div>\n<\/div><\/div>\n<\/div>\n\n\n\n<div class=\"wp-block-column constructobuild-section-ff6096d0-f9f4-11ed-8868-91c866c656bb has-background is-layout-flow wp-block-column-is-layout-flow\" style=\"background-color:#ffb25900;padding-top:0;padding-right:0;padding-bottom:0;padding-left:0\">\n<div class=\"wp-block-group animated animated-fadeInUp constructobuild-section-ff5fd380-f9f4-11ed-8868-91c866c656bb is-layout-constrained wp-container-core-group-is-layout-254f1302 wp-block-group-is-layout-constrained\" style=\"padding-top:0;padding-right:0;padding-bottom:0;padding-left:0\">\n<div class=\"wp-block-cover has-custom-content-position is-position-bottom-center image-zoom-hover constructobuild-section-ff5f1030-f9f4-11ed-8868-91c866c656bb\" style=\"border-radius:10px;padding-top:var(--wp--preset--spacing--30);padding-right:var(--wp--preset--spacing--30);padding-bottom:var(--wp--preset--spacing--30);padding-left:var(--wp--preset--spacing--30);min-height:400px;aspect-ratio:unset;\"><img loading=\"lazy\" decoding=\"async\" width=\"768\" height=\"1024\" class=\"wp-block-cover__image-background wp-image-263 size-large\" alt=\"\" src=\"https:\/\/biotech-strategy.com\/wp-content\/uploads\/2025\/08\/Schron-768x1024.jpg\" data-object-fit=\"cover\" srcset=\"https:\/\/biotech-strategy.com\/wp-content\/uploads\/2025\/08\/Schron-768x1024.jpg 768w, https:\/\/biotech-strategy.com\/wp-content\/uploads\/2025\/08\/Schron-225x300.jpg 225w, https:\/\/biotech-strategy.com\/wp-content\/uploads\/2025\/08\/Schron-1152x1536.jpg 1152w, https:\/\/biotech-strategy.com\/wp-content\/uploads\/2025\/08\/Schron-1536x2048.jpg 1536w, https:\/\/biotech-strategy.com\/wp-content\/uploads\/2025\/08\/Schron-9x12.jpg 9w, https:\/\/biotech-strategy.com\/wp-content\/uploads\/2025\/08\/Schron-scaled.jpg 1920w\" sizes=\"auto, (max-width: 768px) 100vw, 768px\" \/><span aria-hidden=\"true\" class=\"wp-block-cover__background has-background-dim-80 has-background-dim wp-block-cover__gradient-background has-background-gradient\" style=\"background:linear-gradient(0deg,rgb(0,0,0) 18%,rgba(0,0,0,0) 100%)\"><\/span><div class=\"wp-block-cover__inner-container is-layout-flow wp-block-cover-is-layout-flow\">\n<div class=\"wp-block-group constructobuild-section-ff5d1460-f9f4-11ed-8868-91c866c656bb is-layout-flow wp-container-core-group-is-layout-fe0e2ea3 wp-block-group-is-layout-flow\">\n<p class=\"has-text-align-center has-primary-color has-text-color has-link-color wp-elements-cebbe9a2db6d97bfdf85e643f499865f\" style=\"font-style:normal;font-weight:600\"><em><a href=\"https:\/\/biotech-strategy.com\/en\/przygotowanie\/\" data-type=\"page\" data-id=\"486\">Faza przygotowawcza<\/a><\/em><\/p>\n\n\n\n<h3 class=\"wp-block-heading has-text-align-left constructobuild-section-ff5c2a00-f9f4-11ed-8868-91c866c656bb has-white-color has-text-color has-link-color wp-elements-79610eb03d61db28268cb68f1e9c0045\" style=\"font-size:1.5rem;font-style:normal;font-weight:600;text-transform:capitalize\"><a href=\"https:\/\/biotech-strategy.com\/en\/przygotowanie\/\" data-type=\"page\" data-id=\"486\">Budowa<\/a><\/h3>\n\n\n\n<p><a href=\"https:\/\/biotech-strategy.com\/en\/przygotowanie\/\" data-type=\"page\" data-id=\"486\">Schrony i infrastruktura ochronna<\/a><\/p>\n<\/div>\n<\/div><\/div>\n<\/div>\n<\/div>\n\n\n\n<div class=\"wp-block-column is-layout-flow wp-block-column-is-layout-flow\">\n<div class=\"wp-block-cover has-custom-content-position is-position-bottom-center image-zoom-hover constructobuild-section-ff69be90-f9f4-11ed-8868-91c866c656bb\" style=\"border-radius:10px;padding-top:var(--wp--preset--spacing--30);padding-right:var(--wp--preset--spacing--30);padding-bottom:var(--wp--preset--spacing--30);padding-left:var(--wp--preset--spacing--30);min-height:400px;aspect-ratio:unset;\"><img loading=\"lazy\" decoding=\"async\" width=\"1024\" height=\"683\" class=\"wp-block-cover__image-background wp-image-265 size-large\" alt=\"\" src=\"https:\/\/biotech-strategy.com\/wp-content\/uploads\/2025\/08\/Powodz-3-1024x683.jpg\" data-object-fit=\"cover\" srcset=\"https:\/\/biotech-strategy.com\/wp-content\/uploads\/2025\/08\/Powodz-3-1024x683.jpg 1024w, https:\/\/biotech-strategy.com\/wp-content\/uploads\/2025\/08\/Powodz-3-300x200.jpg 300w, https:\/\/biotech-strategy.com\/wp-content\/uploads\/2025\/08\/Powodz-3-768x512.jpg 768w, https:\/\/biotech-strategy.com\/wp-content\/uploads\/2025\/08\/Powodz-3-1536x1024.jpg 1536w, https:\/\/biotech-strategy.com\/wp-content\/uploads\/2025\/08\/Powodz-3-2048x1365.jpg 2048w, https:\/\/biotech-strategy.com\/wp-content\/uploads\/2025\/08\/Powodz-3-18x12.jpg 18w\" sizes=\"auto, (max-width: 1024px) 100vw, 1024px\" \/><span aria-hidden=\"true\" class=\"wp-block-cover__background has-background-dim-80 has-background-dim wp-block-cover__gradient-background has-background-gradient\" style=\"background:linear-gradient(0deg,rgb(2,2,2) 0%,rgba(2,2,2,0.03) 100%)\"><\/span><div class=\"wp-block-cover__inner-container is-layout-flow wp-block-cover-is-layout-flow\">\n<div class=\"wp-block-group constructobuild-section-ff67c2c0-f9f4-11ed-8868-91c866c656bb is-layout-flow wp-container-core-group-is-layout-fe0e2ea3 wp-block-group-is-layout-flow\">\n<p class=\"has-text-align-center has-primary-color has-text-color has-link-color wp-elements-84fb6b674673797af39fa6d0f86cdce7\" style=\"font-style:normal;font-weight:600\"><em><a href=\"https:\/\/biotech-strategy.com\/en\/reakcja\/\" data-type=\"page\" data-id=\"491\">Faza reakcji<\/a><\/em><\/p>\n\n\n\n<h3 class=\"wp-block-heading has-text-align-left constructobuild-section-ff66d860-f9f4-11ed-8868-91c866c656bb has-white-color has-text-color has-link-color wp-elements-4598c04f135cf94e7e57bc5e32c33d11\" style=\"font-size:1.5rem;font-style:normal;font-weight:600;text-transform:capitalize\"><a href=\"https:\/\/biotech-strategy.com\/en\/reakcja\/\" data-type=\"page\" data-id=\"491\">Wsparcie jednostek Ratowniczych<\/a><\/h3>\n\n\n\n<p><a href=\"https:\/\/biotech-strategy.com\/en\/reakcja\/\" data-type=\"page\" data-id=\"491\">Mapowanie GIS i logistyka<\/a><\/p>\n<\/div>\n<\/div><\/div>\n<\/div>\n\n\n\n<div class=\"wp-block-column constructobuild-section-ff661510-f9f4-11ed-8868-91c866c656bb has-background is-layout-flow wp-block-column-is-layout-flow\" style=\"background-color:#ffb25900;padding-top:0;padding-right:0;padding-bottom:0;padding-left:0\">\n<div class=\"wp-block-group animated animated-fadeInUp constructobuild-section-ff6551c0-f9f4-11ed-8868-91c866c656bb is-layout-constrained wp-container-core-group-is-layout-254f1302 wp-block-group-is-layout-constrained\" style=\"padding-top:0;padding-right:0;padding-bottom:0;padding-left:0\">\n<div class=\"wp-block-cover has-custom-content-position is-position-bottom-center image-zoom-hover constructobuild-section-ff646760-f9f4-11ed-8868-91c866c656bb\" style=\"border-style:none;border-width:0px;border-radius:10px;padding-top:var(--wp--preset--spacing--30);padding-right:var(--wp--preset--spacing--30);padding-bottom:var(--wp--preset--spacing--30);padding-left:var(--wp--preset--spacing--30);min-height:400px;aspect-ratio:unset;\"><img loading=\"lazy\" decoding=\"async\" width=\"1024\" height=\"683\" class=\"wp-block-cover__image-background wp-image-266 size-large\" alt=\"\" src=\"https:\/\/biotech-strategy.com\/wp-content\/uploads\/2025\/08\/Droga-do-naprawy-1024x683.jpg\" data-object-fit=\"cover\" srcset=\"https:\/\/biotech-strategy.com\/wp-content\/uploads\/2025\/08\/Droga-do-naprawy-1024x683.jpg 1024w, https:\/\/biotech-strategy.com\/wp-content\/uploads\/2025\/08\/Droga-do-naprawy-300x200.jpg 300w, https:\/\/biotech-strategy.com\/wp-content\/uploads\/2025\/08\/Droga-do-naprawy-768x512.jpg 768w, https:\/\/biotech-strategy.com\/wp-content\/uploads\/2025\/08\/Droga-do-naprawy-1536x1024.jpg 1536w, https:\/\/biotech-strategy.com\/wp-content\/uploads\/2025\/08\/Droga-do-naprawy-2048x1365.jpg 2048w, https:\/\/biotech-strategy.com\/wp-content\/uploads\/2025\/08\/Droga-do-naprawy-18x12.jpg 18w\" sizes=\"auto, (max-width: 1024px) 100vw, 1024px\" \/><span aria-hidden=\"true\" class=\"wp-block-cover__background has-background-dim-80 has-background-dim wp-block-cover__gradient-background has-background-gradient\" style=\"background:linear-gradient(0deg,rgb(0,0,0) 7%,rgba(0,0,0,0) 100%)\"><\/span><div class=\"wp-block-cover__inner-container is-layout-flow wp-block-cover-is-layout-flow\">\n<div class=\"wp-block-group constructobuild-section-ff624480-f9f4-11ed-8868-91c866c656bb is-layout-flow wp-container-core-group-is-layout-fe0e2ea3 wp-block-group-is-layout-flow\">\n<p class=\"has-text-align-center has-primary-color has-text-color has-link-color wp-elements-0e623e04bb46486bdf56ab0bdf2576eb\" style=\"font-style:normal;font-weight:600\"><em><a href=\"https:\/\/biotech-strategy.com\/en\/budownictwo\/\" data-type=\"page\" data-id=\"341\">Faza odbudowy<\/a><\/em><\/p>\n\n\n\n<h3 class=\"wp-block-heading has-text-align-left constructobuild-section-ff618130-f9f4-11ed-8868-91c866c656bb has-white-color has-text-color has-link-color wp-elements-3513f48ce0e7fed984a7fc82f49ce3f3\" style=\"font-size:1.5rem;font-style:normal;font-weight:600;text-transform:capitalize\"><a href=\"https:\/\/biotech-strategy.com\/en\/budownictwo\/\" data-type=\"page\" data-id=\"341\">Us\u0142ugi:<\/a><\/h3>\n\n\n\n<p><a href=\"https:\/\/biotech-strategy.com\/en\/budownictwo\/\" data-type=\"page\" data-id=\"341\">Usuwanie skutk\u00f3w kl\u0119sk <br>Odbudowa infrastruktury<\/a><\/p>\n<\/div>\n<\/div><\/div>\n<\/div>\n<\/div>\n<\/div>\n<\/div>\n\n\n\n<div class=\"wp-block-buttons is-content-justification-center is-layout-flex wp-container-core-buttons-is-layout-a89b3969 wp-block-buttons-is-layout-flex\">\n<div class=\"wp-block-button\"><a class=\"wp-block-button__link wp-element-button\" href=\"https:\/\/biotech-strategy.com\/en\/zarzadzanie-kryzysowe-zamow-bezplatna-konsultacje\/\">Z\u0142\u00f3\u017c zapytanie ofertowe<\/a><\/div>\n<\/div>\n\n\n\n<blockquote class=\"wp-block-quote is-layout-flow wp-block-quote-is-layout-flow\">\n<p>&#8222;Bezpiecze\u0144stwo nie jest dzie\u0142em przypadku&#8221;<\/p>\n<\/blockquote>\n\n\n\n<p class=\"has-text-align-right\">-autor nieznany<\/p>","protected":false},"excerpt":{"rendered":"<p>Nasza oferta Zarz\u0105dzanie kryzysowe &#8222;Bezpiecze\u0144stwo nie jest dzie\u0142em przypadku&#8221; -autor nieznany<\/p>","protected":false},"author":1,"featured_media":0,"parent":0,"menu_order":0,"comment_status":"closed","ping_status":"closed","template":"","meta":{"footnotes":""},"class_list":["post-218","page","type-page","status-publish","hentry"],"_links":{"self":[{"href":"https:\/\/biotech-strategy.com\/en\/wp-json\/wp\/v2\/pages\/218","targetHints":{"allow":["GET"]}}],"collection":[{"href":"https:\/\/biotech-strategy.com\/en\/wp-json\/wp\/v2\/pages"}],"about":[{"href":"https:\/\/biotech-strategy.com\/en\/wp-json\/wp\/v2\/types\/page"}],"author":[{"embeddable":true,"href":"https:\/\/biotech-strategy.com\/en\/wp-json\/wp\/v2\/users\/1"}],"replies":[{"embeddable":true,"href":"https:\/\/biotech-strategy.com\/en\/wp-json\/wp\/v2\/comments?post=218"}],"version-history":[{"count":15,"href":"https:\/\/biotech-strategy.com\/en\/wp-json\/wp\/v2\/pages\/218\/revisions"}],"predecessor-version":[{"id":613,"href":"https:\/\/biotech-strategy.com\/en\/wp-json\/wp\/v2\/pages\/218\/revisions\/613"}],"wp:attachment":[{"href":"https:\/\/biotech-strategy.com\/en\/wp-json\/wp\/v2\/media?parent=218"}],"curies":[{"name":"wp","href":"https:\/\/api.w.org\/{rel}","templated":true}]}}